{"id":24566,"date":"2026-01-09T11:46:35","date_gmt":"2026-01-09T11:46:35","guid":{"rendered":"http:\/\/prompt-place.com\/product\/beyaz-tahtadan-yapilandirilmis-plana\/"},"modified":"2026-01-09T11:46:35","modified_gmt":"2026-01-09T11:46:35","slug":"beyaz-tahtadan-yapilandirilmis-plana","status":"publish","type":"product","link":"https:\/\/prompt-place.com\/tr\/urun\/beyaz-tahtadan-yapilandirilmis-plana\/","title":{"rendered":"Beyaz Tahtadan Yap\u0131land\u0131r\u0131lm\u0131\u015f Plana"},"content":{"rendered":"<p>Bu istem, bir yapay zeka modeline, el yaz\u0131s\u0131 notlar, eskizler, diyagramlar, oklar ve par\u00e7alanm\u0131\u015f fikirler i\u00e7eren da\u011f\u0131n\u0131k bir beyaz tahta foto\u011fraf\u0131n\u0131 temiz, d\u00fczenli ve uygulanabilir bir stratejik plana d\u00f6n\u00fc\u015ft\u00fcrme talimat\u0131 verir. Yapay zeka, i\u00e7eri\u011fin arkas\u0131ndaki anlam\u0131 yorumlamal\u0131, hedefleri, fikirleri, g\u00f6revleri, kararlar\u0131 ve \u00f6ncelikleri belirlemeli ve bunlar\u0131 \u00fcr\u00fcn planlama veya proje y\u00fcr\u00fctmeye uygun yap\u0131land\u0131r\u0131lm\u0131\u015f b\u00f6l\u00fcmler halinde yeniden d\u00fczenlemelidir. Bilgi istemi, yeni fikirler icat etmeden netlik, uygulanabilirlik ve do\u011fru yorumlamay\u0131 vurgulayarak beyin f\u0131rt\u0131nas\u0131 oturumlar\u0131n\u0131 kullan\u0131labilir belgelere, toplant\u0131 notlar\u0131na veya uygulama planlar\u0131na d\u00f6n\u00fc\u015ft\u00fcrmek i\u00e7in idealdir.  <\/p>\n","protected":false},"excerpt":{"rendered":"<p>Bu istem, bir yapay zeka modeline, el yaz\u0131s\u0131 notlar, eskizler, diyagramlar, oklar ve par\u00e7alanm\u0131\u015f fikirler i\u00e7eren da\u011f\u0131n\u0131k bir beyaz tahta foto\u011fraf\u0131n\u0131 temiz, d\u00fczenli ve uygulanabilir bir stratejik plana d\u00f6n\u00fc\u015ft\u00fcrme talimat\u0131 verir. Yapay zeka, i\u00e7eri\u011fin arkas\u0131ndaki anlam\u0131 yorumlamal\u0131, hedefleri, fikirleri, g\u00f6revleri, kararlar\u0131 ve \u00f6ncelikleri belirlemeli ve bunlar\u0131 \u00fcr\u00fcn planlama veya proje y\u00fcr\u00fctmeye uygun yap\u0131land\u0131r\u0131lm\u0131\u015f b\u00f6l\u00fcmler halinde [&hellip;]<\/p>\n","protected":false},"featured_media":21643,"comment_status":"open","ping_status":"closed","template":"","meta":[],"product_brand":[],"product_cat":[421,347],"product_tag":[3846],"class_list":{"0":"post-24566","1":"product","2":"type-product","3":"status-publish","4":"has-post-thumbnail","6":"product_cat-ikizler-burcu-ipuclari","7":"product_cat-modeller","8":"product_tag-beyaz-tahta-yapilandirilmis","10":"first","11":"instock","12":"downloadable","13":"virtual","14":"product-type-simple"},"_links":{"self":[{"href":"https:\/\/prompt-place.com\/tr\/wp-json\/wp\/v2\/product\/24566","targetHints":{"allow":["GET"]}}],"collection":[{"href":"https:\/\/prompt-place.com\/tr\/wp-json\/wp\/v2\/product"}],"about":[{"href":"https:\/\/prompt-place.com\/tr\/wp-json\/wp\/v2\/types\/product"}],"replies":[{"embeddable":true,"href":"https:\/\/prompt-place.com\/tr\/wp-json\/wp\/v2\/comments?post=24566"}],"wp:featuredmedia":[{"embeddable":true,"href":"https:\/\/prompt-place.com\/tr\/wp-json\/wp\/v2\/media\/21643"}],"wp:attachment":[{"href":"https:\/\/prompt-place.com\/tr\/wp-json\/wp\/v2\/media?parent=24566"}],"wp:term":[{"taxonomy":"product_brand","embeddable":true,"href":"https:\/\/prompt-place.com\/tr\/wp-json\/wp\/v2\/product_brand?post=24566"},{"taxonomy":"product_cat","embeddable":true,"href":"https:\/\/prompt-place.com\/tr\/wp-json\/wp\/v2\/product_cat?post=24566"},{"taxonomy":"product_tag","embeddable":true,"href":"https:\/\/prompt-place.com\/tr\/wp-json\/wp\/v2\/product_tag?post=24566"}],"curies":[{"name":"wp","href":"https:\/\/api.w.org\/{rel}","templated":true}]}}