{"id":24563,"date":"2026-01-09T11:46:35","date_gmt":"2026-01-09T11:46:35","guid":{"rendered":"http:\/\/prompt-place.com\/product\/veri-gorsellestirme-yorumlama-ve-is-onerileri\/"},"modified":"2026-01-09T11:46:35","modified_gmt":"2026-01-09T11:46:35","slug":"veri-gorsellestirme-yorumlama-ve-is-onerileri","status":"publish","type":"product","link":"https:\/\/prompt-place.com\/tr\/urun\/veri-gorsellestirme-yorumlama-ve-is-onerileri\/","title":{"rendered":"Veri G\u00f6rselle\u015ftirme Yorumlama ve \u0130\u015f \u00d6nerileri"},"content":{"rendered":"<p>Bu istem, bir yapay zeka modeline veri g\u00f6rselle\u015ftirmelerini yorumlama ve bunlar\u0131 anlaml\u0131, karara haz\u0131r i\u015f i\u00e7g\u00f6r\u00fclerine d\u00f6n\u00fc\u015ft\u00fcrme talimat\u0131 verir. Temel e\u011filimleri, anormallikleri ve kar\u015f\u0131la\u015ft\u0131rmalar\u0131 tan\u0131mlamay\u0131, bunlar\u0131n i\u015f performans\u0131 veya kullan\u0131c\u0131 davran\u0131\u015f\u0131 \u00fczerindeki etkilerini analiz etmeyi ve do\u011frudan verilere ba\u011fl\u0131 pratik, \u00f6nceliklendirilmi\u015f \u00f6neriler olu\u015fturmay\u0131 gerektirir. Model ayr\u0131ca g\u00f6rselle\u015ftirmedeki s\u0131n\u0131rlamalar\u0131 veya belirsizlikleri de belirtmelidir. Bu istem, g\u00f6rselle\u015ftirilmi\u015f verilerin net ve eyleme ge\u00e7irilebilir bir \u015fekilde yorumlanmas\u0131n\u0131n gerekli oldu\u011fu y\u00f6netici raporlamas\u0131, analitik incelemeler ve stratejik karar deste\u011fi i\u00e7in idealdir.   <\/p>\n","protected":false},"excerpt":{"rendered":"<p>Bu istem, bir yapay zeka modeline veri g\u00f6rselle\u015ftirmelerini yorumlama ve bunlar\u0131 anlaml\u0131, karara haz\u0131r i\u015f i\u00e7g\u00f6r\u00fclerine d\u00f6n\u00fc\u015ft\u00fcrme talimat\u0131 verir. Temel e\u011filimleri, anormallikleri ve kar\u015f\u0131la\u015ft\u0131rmalar\u0131 tan\u0131mlamay\u0131, bunlar\u0131n i\u015f performans\u0131 veya kullan\u0131c\u0131 davran\u0131\u015f\u0131 \u00fczerindeki etkilerini analiz etmeyi ve do\u011frudan verilere ba\u011fl\u0131 pratik, \u00f6nceliklendirilmi\u015f \u00f6neriler olu\u015fturmay\u0131 gerektirir. Model ayr\u0131ca g\u00f6rselle\u015ftirmedeki s\u0131n\u0131rlamalar\u0131 veya belirsizlikleri de belirtmelidir. Bu istem, g\u00f6rselle\u015ftirilmi\u015f [&hellip;]<\/p>\n","protected":false},"featured_media":21643,"comment_status":"open","ping_status":"closed","template":"","meta":[],"product_brand":[],"product_cat":[421,347],"product_tag":[3843],"class_list":{"0":"post-24563","1":"product","2":"type-product","3":"status-publish","4":"has-post-thumbnail","6":"product_cat-ikizler-burcu-ipuclari","7":"product_cat-modeller","8":"product_tag-veri-gorsellestirme","10":"first","11":"instock","12":"downloadable","13":"virtual","14":"product-type-simple"},"_links":{"self":[{"href":"https:\/\/prompt-place.com\/tr\/wp-json\/wp\/v2\/product\/24563","targetHints":{"allow":["GET"]}}],"collection":[{"href":"https:\/\/prompt-place.com\/tr\/wp-json\/wp\/v2\/product"}],"about":[{"href":"https:\/\/prompt-place.com\/tr\/wp-json\/wp\/v2\/types\/product"}],"replies":[{"embeddable":true,"href":"https:\/\/prompt-place.com\/tr\/wp-json\/wp\/v2\/comments?post=24563"}],"wp:featuredmedia":[{"embeddable":true,"href":"https:\/\/prompt-place.com\/tr\/wp-json\/wp\/v2\/media\/21643"}],"wp:attachment":[{"href":"https:\/\/prompt-place.com\/tr\/wp-json\/wp\/v2\/media?parent=24563"}],"wp:term":[{"taxonomy":"product_brand","embeddable":true,"href":"https:\/\/prompt-place.com\/tr\/wp-json\/wp\/v2\/product_brand?post=24563"},{"taxonomy":"product_cat","embeddable":true,"href":"https:\/\/prompt-place.com\/tr\/wp-json\/wp\/v2\/product_cat?post=24563"},{"taxonomy":"product_tag","embeddable":true,"href":"https:\/\/prompt-place.com\/tr\/wp-json\/wp\/v2\/product_tag?post=24563"}],"curies":[{"name":"wp","href":"https:\/\/api.w.org\/{rel}","templated":true}]}}