{"id":24560,"date":"2026-01-09T11:46:35","date_gmt":"2026-01-09T11:46:35","guid":{"rendered":"http:\/\/prompt-place.com\/product\/pazarlama-yaratici-analizi-ve-musteri-niyeti-kesfi\/"},"modified":"2026-01-09T11:46:35","modified_gmt":"2026-01-09T11:46:35","slug":"pazarlama-yaratici-analizi-ve-musteri-niyeti-kesfi","status":"publish","type":"product","link":"https:\/\/prompt-place.com\/tr\/urun\/pazarlama-yaratici-analizi-ve-musteri-niyeti-kesfi\/","title":{"rendered":"Pazarlama Yarat\u0131c\u0131 Analizi ve M\u00fc\u015fteri Niyeti Ke\u015ffi"},"content":{"rendered":"<p>Bu istem, bir yapay zeka modeline, her bir par\u00e7an\u0131n hedeflemek \u00fczere tasarland\u0131\u011f\u0131 m\u00fc\u015fteri amac\u0131n\u0131 ortaya \u00e7\u0131karmak i\u00e7in pazarlama reklamlar\u0131n\u0131 analiz etme talimat\u0131 verir. M\u00fc\u015fteri yolculu\u011fu boyunca kullan\u0131c\u0131 motivasyonlar\u0131n\u0131 belirlemek i\u00e7in mesajlar\u0131n, duygusal tetikleyicilerin, CTA&#8217;lar\u0131n ve g\u00f6rsel ipu\u00e7lar\u0131n\u0131n incelenmesini gerektirir. Yapay zeka, d\u00f6n\u00fc\u015f\u00fcm hunisi a\u015famalar\u0131yla uyumu de\u011ferlendirmeli, reklam \u00f6\u011feleri aras\u0131ndaki tutars\u0131zl\u0131klar\u0131 veya bo\u015fluklar\u0131 tespit etmeli, yanl\u0131\u015f hizalanm\u0131\u015f mesajla\u015fma veya zay\u0131f hedefleme gibi riskleri belirlemeli ve kampanya stratejisini iyile\u015ftirmek i\u00e7in eyleme ge\u00e7irilebilir \u00f6neriler sunmal\u0131d\u0131r. Bu bilgi istemi, \u00e7oklu kreatif kampanyalar\u0131 rafine etmek, d\u00f6n\u00fc\u015f\u00fcm\u00fc iyile\u015ftirmek ve mesajlar\u0131n ger\u00e7ek m\u00fc\u015fteri niyetiyle etkili bir \u015fekilde e\u015fle\u015fmesini sa\u011flamak i\u00e7in idealdir.   <\/p>\n","protected":false},"excerpt":{"rendered":"<p>Bu istem, bir yapay zeka modeline, her bir par\u00e7an\u0131n hedeflemek \u00fczere tasarland\u0131\u011f\u0131 m\u00fc\u015fteri amac\u0131n\u0131 ortaya \u00e7\u0131karmak i\u00e7in pazarlama reklamlar\u0131n\u0131 analiz etme talimat\u0131 verir. M\u00fc\u015fteri yolculu\u011fu boyunca kullan\u0131c\u0131 motivasyonlar\u0131n\u0131 belirlemek i\u00e7in mesajlar\u0131n, duygusal tetikleyicilerin, CTA&#8217;lar\u0131n ve g\u00f6rsel ipu\u00e7lar\u0131n\u0131n incelenmesini gerektirir. Yapay zeka, d\u00f6n\u00fc\u015f\u00fcm hunisi a\u015famalar\u0131yla uyumu de\u011ferlendirmeli, reklam \u00f6\u011feleri aras\u0131ndaki tutars\u0131zl\u0131klar\u0131 veya bo\u015fluklar\u0131 tespit etmeli, yanl\u0131\u015f [&hellip;]<\/p>\n","protected":false},"featured_media":21643,"comment_status":"open","ping_status":"closed","template":"","meta":[],"product_brand":[],"product_cat":[421,347],"product_tag":[3840],"class_list":{"0":"post-24560","1":"product","2":"type-product","3":"status-publish","4":"has-post-thumbnail","6":"product_cat-ikizler-burcu-ipuclari","7":"product_cat-modeller","8":"product_tag-pazarlama-yaraticiligi","10":"first","11":"instock","12":"downloadable","13":"virtual","14":"product-type-simple"},"_links":{"self":[{"href":"https:\/\/prompt-place.com\/tr\/wp-json\/wp\/v2\/product\/24560","targetHints":{"allow":["GET"]}}],"collection":[{"href":"https:\/\/prompt-place.com\/tr\/wp-json\/wp\/v2\/product"}],"about":[{"href":"https:\/\/prompt-place.com\/tr\/wp-json\/wp\/v2\/types\/product"}],"replies":[{"embeddable":true,"href":"https:\/\/prompt-place.com\/tr\/wp-json\/wp\/v2\/comments?post=24560"}],"wp:featuredmedia":[{"embeddable":true,"href":"https:\/\/prompt-place.com\/tr\/wp-json\/wp\/v2\/media\/21643"}],"wp:attachment":[{"href":"https:\/\/prompt-place.com\/tr\/wp-json\/wp\/v2\/media?parent=24560"}],"wp:term":[{"taxonomy":"product_brand","embeddable":true,"href":"https:\/\/prompt-place.com\/tr\/wp-json\/wp\/v2\/product_brand?post=24560"},{"taxonomy":"product_cat","embeddable":true,"href":"https:\/\/prompt-place.com\/tr\/wp-json\/wp\/v2\/product_cat?post=24560"},{"taxonomy":"product_tag","embeddable":true,"href":"https:\/\/prompt-place.com\/tr\/wp-json\/wp\/v2\/product_tag?post=24560"}],"curies":[{"name":"wp","href":"https:\/\/api.w.org\/{rel}","templated":true}]}}