{"id":24558,"date":"2026-01-09T11:46:35","date_gmt":"2026-01-09T11:46:35","guid":{"rendered":"http:\/\/prompt-place.com\/product\/infografik-anlama-ve-ana-fikir-cikarma\/"},"modified":"2026-01-09T11:46:35","modified_gmt":"2026-01-09T11:46:35","slug":"infografik-anlama-ve-ana-fikir-cikarma","status":"publish","type":"product","link":"https:\/\/prompt-place.com\/tr\/urun\/infografik-anlama-ve-ana-fikir-cikarma\/","title":{"rendered":"\u0130nfografik Anlama ve Ana Fikir \u00c7\u0131karma"},"content":{"rendered":"<p>Bu istem, bir yapay zeka modeline karma\u015f\u0131k bir infografi\u011fi yorumlama ve temel anlam\u0131n\u0131 a\u00e7\u0131k, yap\u0131land\u0131r\u0131lm\u0131\u015f bir bi\u00e7imde \u00e7\u0131karma talimat\u0131 verir. Ana mesaj\u0131n tan\u0131mlanmas\u0131n\u0131, birincil fikirlerin \u00f6zetlenmesini, bilgilerin nas\u0131l organize edildi\u011finin netle\u015ftirilmesini ve dekoratif veya g\u00f6rsel unsurlar aras\u0131nda kaybolmadan ilgili veri noktalar\u0131n\u0131n vurgulanmas\u0131n\u0131 gerektirir. YZ, g\u00f6r\u00fcn\u00fc\u015ften ziyade anlama odaklanmal\u0131, g\u00fcr\u00fclt\u00fcy\u00fc ortadan kald\u0131rmal\u0131 ve temel i\u00e7g\u00f6r\u00fcleri ortaya \u00e7\u0131kar\u0131rken kafa kar\u0131\u015ft\u0131r\u0131c\u0131 veya belirsiz k\u0131s\u0131mlar\u0131 da belirtmelidir. Bu istem, g\u00f6rsel olarak yo\u011fun infografikleri raporlar, brifingler ve karar verme ba\u011flamlar\u0131 i\u00e7in k\u0131sa ve sunuma haz\u0131r \u00f6zetlere d\u00f6n\u00fc\u015ft\u00fcrmek i\u00e7in idealdir.   <\/p>\n","protected":false},"excerpt":{"rendered":"<p>Bu istem, bir yapay zeka modeline karma\u015f\u0131k bir infografi\u011fi yorumlama ve temel anlam\u0131n\u0131 a\u00e7\u0131k, yap\u0131land\u0131r\u0131lm\u0131\u015f bir bi\u00e7imde \u00e7\u0131karma talimat\u0131 verir. Ana mesaj\u0131n tan\u0131mlanmas\u0131n\u0131, birincil fikirlerin \u00f6zetlenmesini, bilgilerin nas\u0131l organize edildi\u011finin netle\u015ftirilmesini ve dekoratif veya g\u00f6rsel unsurlar aras\u0131nda kaybolmadan ilgili veri noktalar\u0131n\u0131n vurgulanmas\u0131n\u0131 gerektirir. YZ, g\u00f6r\u00fcn\u00fc\u015ften ziyade anlama odaklanmal\u0131, g\u00fcr\u00fclt\u00fcy\u00fc ortadan kald\u0131rmal\u0131 ve temel i\u00e7g\u00f6r\u00fcleri ortaya [&hellip;]<\/p>\n","protected":false},"featured_media":21643,"comment_status":"open","ping_status":"closed","template":"","meta":[],"product_brand":[],"product_cat":[421,347],"product_tag":[3838],"class_list":{"0":"post-24558","1":"product","2":"type-product","3":"status-publish","4":"has-post-thumbnail","6":"product_cat-ikizler-burcu-ipuclari","7":"product_cat-modeller","8":"product_tag-infografik-anlayisi","10":"first","11":"instock","12":"downloadable","13":"virtual","14":"product-type-simple"},"_links":{"self":[{"href":"https:\/\/prompt-place.com\/tr\/wp-json\/wp\/v2\/product\/24558","targetHints":{"allow":["GET"]}}],"collection":[{"href":"https:\/\/prompt-place.com\/tr\/wp-json\/wp\/v2\/product"}],"about":[{"href":"https:\/\/prompt-place.com\/tr\/wp-json\/wp\/v2\/types\/product"}],"replies":[{"embeddable":true,"href":"https:\/\/prompt-place.com\/tr\/wp-json\/wp\/v2\/comments?post=24558"}],"wp:featuredmedia":[{"embeddable":true,"href":"https:\/\/prompt-place.com\/tr\/wp-json\/wp\/v2\/media\/21643"}],"wp:attachment":[{"href":"https:\/\/prompt-place.com\/tr\/wp-json\/wp\/v2\/media?parent=24558"}],"wp:term":[{"taxonomy":"product_brand","embeddable":true,"href":"https:\/\/prompt-place.com\/tr\/wp-json\/wp\/v2\/product_brand?post=24558"},{"taxonomy":"product_cat","embeddable":true,"href":"https:\/\/prompt-place.com\/tr\/wp-json\/wp\/v2\/product_cat?post=24558"},{"taxonomy":"product_tag","embeddable":true,"href":"https:\/\/prompt-place.com\/tr\/wp-json\/wp\/v2\/product_tag?post=24558"}],"curies":[{"name":"wp","href":"https:\/\/api.w.org\/{rel}","templated":true}]}}