{"id":24555,"date":"2026-01-09T11:46:35","date_gmt":"2026-01-09T11:46:35","guid":{"rendered":"http:\/\/prompt-place.com\/product\/ux-akis-degerlendirmesi\/"},"modified":"2026-01-09T11:46:35","modified_gmt":"2026-01-09T11:46:35","slug":"ux-akis-degerlendirmesi","status":"publish","type":"product","link":"https:\/\/prompt-place.com\/tr\/urun\/ux-akis-degerlendirmesi\/","title":{"rendered":"UX Ak\u0131\u015f De\u011ferlendirmesi"},"content":{"rendered":"<p>Bu istem, bir yapay zeka modeline bir dizi kullan\u0131c\u0131 aray\u00fcz\u00fc ekran g\u00f6r\u00fcnt\u00fcs\u00fcn\u00fc ba\u011flant\u0131l\u0131 bir kullan\u0131c\u0131 ak\u0131\u015f\u0131 olarak de\u011ferlendirmesini ve kullan\u0131c\u0131 karma\u015fas\u0131na veya ayr\u0131lmas\u0131na neden olabilecek UX sorunlar\u0131n\u0131, s\u00fcrt\u00fcnme noktalar\u0131n\u0131 ve ba\u015far\u0131s\u0131zl\u0131k noktalar\u0131n\u0131 belirlemesini s\u00f6yler. Model, ama\u00e7lanan ak\u0131\u015f\u0131 yeniden yap\u0131land\u0131rmal\u0131, ekranlar aras\u0131ndaki hiyerar\u015fiyi, etkile\u015fimleri, eri\u015filebilirli\u011fi, tutarl\u0131l\u0131\u011f\u0131 ve netli\u011fi analiz etmeli ve eyleme ge\u00e7irilebilir, \u00f6nceliklendirilmi\u015f UX iyile\u015ftirmeleri sunmal\u0131d\u0131r. Bu istem, UX denetimleri, yeniden tasar\u0131m planlamas\u0131 ve i\u015fe al\u0131m, \u00f6deme veya herhangi bir \u00e7ok ad\u0131ml\u0131 dijital ak\u0131\u015ftaki kullan\u0131labilirlik sorunlar\u0131n\u0131 te\u015fhis etmek i\u00e7in idealdir.  <\/p>\n","protected":false},"excerpt":{"rendered":"<p>Bu istem, bir yapay zeka modeline bir dizi kullan\u0131c\u0131 aray\u00fcz\u00fc ekran g\u00f6r\u00fcnt\u00fcs\u00fcn\u00fc ba\u011flant\u0131l\u0131 bir kullan\u0131c\u0131 ak\u0131\u015f\u0131 olarak de\u011ferlendirmesini ve kullan\u0131c\u0131 karma\u015fas\u0131na veya ayr\u0131lmas\u0131na neden olabilecek UX sorunlar\u0131n\u0131, s\u00fcrt\u00fcnme noktalar\u0131n\u0131 ve ba\u015far\u0131s\u0131zl\u0131k noktalar\u0131n\u0131 belirlemesini s\u00f6yler. Model, ama\u00e7lanan ak\u0131\u015f\u0131 yeniden yap\u0131land\u0131rmal\u0131, ekranlar aras\u0131ndaki hiyerar\u015fiyi, etkile\u015fimleri, eri\u015filebilirli\u011fi, tutarl\u0131l\u0131\u011f\u0131 ve netli\u011fi analiz etmeli ve eyleme ge\u00e7irilebilir, \u00f6nceliklendirilmi\u015f UX iyile\u015ftirmeleri [&hellip;]<\/p>\n","protected":false},"featured_media":21643,"comment_status":"open","ping_status":"closed","template":"","meta":[],"product_brand":[],"product_cat":[421,347],"product_tag":[3835],"class_list":{"0":"post-24555","1":"product","2":"type-product","3":"status-publish","4":"has-post-thumbnail","6":"product_cat-ikizler-burcu-ipuclari","7":"product_cat-modeller","8":"product_tag-ux-akisi","10":"first","11":"instock","12":"downloadable","13":"virtual","14":"product-type-simple"},"_links":{"self":[{"href":"https:\/\/prompt-place.com\/tr\/wp-json\/wp\/v2\/product\/24555","targetHints":{"allow":["GET"]}}],"collection":[{"href":"https:\/\/prompt-place.com\/tr\/wp-json\/wp\/v2\/product"}],"about":[{"href":"https:\/\/prompt-place.com\/tr\/wp-json\/wp\/v2\/types\/product"}],"replies":[{"embeddable":true,"href":"https:\/\/prompt-place.com\/tr\/wp-json\/wp\/v2\/comments?post=24555"}],"wp:featuredmedia":[{"embeddable":true,"href":"https:\/\/prompt-place.com\/tr\/wp-json\/wp\/v2\/media\/21643"}],"wp:attachment":[{"href":"https:\/\/prompt-place.com\/tr\/wp-json\/wp\/v2\/media?parent=24555"}],"wp:term":[{"taxonomy":"product_brand","embeddable":true,"href":"https:\/\/prompt-place.com\/tr\/wp-json\/wp\/v2\/product_brand?post=24555"},{"taxonomy":"product_cat","embeddable":true,"href":"https:\/\/prompt-place.com\/tr\/wp-json\/wp\/v2\/product_cat?post=24555"},{"taxonomy":"product_tag","embeddable":true,"href":"https:\/\/prompt-place.com\/tr\/wp-json\/wp\/v2\/product_tag?post=24555"}],"curies":[{"name":"wp","href":"https:\/\/api.w.org\/{rel}","templated":true}]}}