{"id":24554,"date":"2026-01-09T11:46:35","date_gmt":"2026-01-09T11:46:35","guid":{"rendered":"http:\/\/prompt-place.com\/product\/urun-iyilestirme-icin-kullanici-fotografi-analizi\/"},"modified":"2026-01-09T11:46:35","modified_gmt":"2026-01-09T11:46:35","slug":"urun-iyilestirme-icin-kullanici-fotografi-analizi","status":"publish","type":"product","link":"https:\/\/prompt-place.com\/tr\/urun\/urun-iyilestirme-icin-kullanici-fotografi-analizi\/","title":{"rendered":"\u00dcr\u00fcn \u0130yile\u015ftirme i\u00e7in Kullan\u0131c\u0131 Foto\u011fraf\u0131 Analizi"},"content":{"rendered":"<p>Bu istem, bir yapay zeka modeline ger\u00e7ek d\u00fcnyadaki \u00fcr\u00fcn kullan\u0131m\u0131n\u0131 g\u00f6steren kullan\u0131c\u0131 taraf\u0131ndan y\u00fcklenen foto\u011fraflar\u0131 analiz etme ve bu g\u00f6zlemleri pratik \u00fcr\u00fcn iyile\u015ftirme fikirlerine d\u00f6n\u00fc\u015ft\u00fcrme talimat\u0131 verir. YZ, g\u00f6r\u00fcnt\u00fclerde g\u00f6r\u00fcnen kullan\u0131c\u0131 davran\u0131\u015f\u0131n\u0131, ba\u011flam\u0131 ve sorunlu noktalar\u0131 belirlemeli, kar\u015f\u0131lanmam\u0131\u015f ihtiya\u00e7lar\u0131 veya ge\u00e7ici \u00e7\u00f6z\u00fcmleri tan\u0131mal\u0131 ve bu bulgular\u0131, etkiye g\u00f6re \u00f6nceliklendirilmi\u015f, eyleme ge\u00e7irilebilir \u00f6zellik, tasar\u0131m veya kullan\u0131labilirlik geli\u015ftirmelerine d\u00f6n\u00fc\u015ft\u00fcrmelidir. Ayr\u0131ca varsay\u0131mlar\u0131n, risklerin ve daha fazla do\u011frulama gerektiren alanlar\u0131n belirlenmesini de i\u00e7erir. Bu bilgi istemi, ger\u00e7ek d\u00fcnyadaki \u00fcr\u00fcn performans\u0131n\u0131 iyile\u015ftirmek i\u00e7in saha ara\u015ft\u0131rmas\u0131, UX \u00e7al\u0131\u015fmalar\u0131 veya g\u00f6rsel geri bildirim analizi yapan \u00fcr\u00fcn ekipleri i\u00e7in idealdir.   <\/p>\n","protected":false},"excerpt":{"rendered":"<p>Bu istem, bir yapay zeka modeline ger\u00e7ek d\u00fcnyadaki \u00fcr\u00fcn kullan\u0131m\u0131n\u0131 g\u00f6steren kullan\u0131c\u0131 taraf\u0131ndan y\u00fcklenen foto\u011fraflar\u0131 analiz etme ve bu g\u00f6zlemleri pratik \u00fcr\u00fcn iyile\u015ftirme fikirlerine d\u00f6n\u00fc\u015ft\u00fcrme talimat\u0131 verir. YZ, g\u00f6r\u00fcnt\u00fclerde g\u00f6r\u00fcnen kullan\u0131c\u0131 davran\u0131\u015f\u0131n\u0131, ba\u011flam\u0131 ve sorunlu noktalar\u0131 belirlemeli, kar\u015f\u0131lanmam\u0131\u015f ihtiya\u00e7lar\u0131 veya ge\u00e7ici \u00e7\u00f6z\u00fcmleri tan\u0131mal\u0131 ve bu bulgular\u0131, etkiye g\u00f6re \u00f6nceliklendirilmi\u015f, eyleme ge\u00e7irilebilir \u00f6zellik, tasar\u0131m veya kullan\u0131labilirlik [&hellip;]<\/p>\n","protected":false},"featured_media":21643,"comment_status":"open","ping_status":"closed","template":"","meta":[],"product_brand":[],"product_cat":[421,347],"product_tag":[3834],"class_list":{"0":"post-24554","1":"product","2":"type-product","3":"status-publish","4":"has-post-thumbnail","6":"product_cat-ikizler-burcu-ipuclari","7":"product_cat-modeller","8":"product_tag-kullanici-fotografi","10":"first","11":"instock","12":"downloadable","13":"virtual","14":"product-type-simple"},"_links":{"self":[{"href":"https:\/\/prompt-place.com\/tr\/wp-json\/wp\/v2\/product\/24554","targetHints":{"allow":["GET"]}}],"collection":[{"href":"https:\/\/prompt-place.com\/tr\/wp-json\/wp\/v2\/product"}],"about":[{"href":"https:\/\/prompt-place.com\/tr\/wp-json\/wp\/v2\/types\/product"}],"replies":[{"embeddable":true,"href":"https:\/\/prompt-place.com\/tr\/wp-json\/wp\/v2\/comments?post=24554"}],"wp:featuredmedia":[{"embeddable":true,"href":"https:\/\/prompt-place.com\/tr\/wp-json\/wp\/v2\/media\/21643"}],"wp:attachment":[{"href":"https:\/\/prompt-place.com\/tr\/wp-json\/wp\/v2\/media?parent=24554"}],"wp:term":[{"taxonomy":"product_brand","embeddable":true,"href":"https:\/\/prompt-place.com\/tr\/wp-json\/wp\/v2\/product_brand?post=24554"},{"taxonomy":"product_cat","embeddable":true,"href":"https:\/\/prompt-place.com\/tr\/wp-json\/wp\/v2\/product_cat?post=24554"},{"taxonomy":"product_tag","embeddable":true,"href":"https:\/\/prompt-place.com\/tr\/wp-json\/wp\/v2\/product_tag?post=24554"}],"curies":[{"name":"wp","href":"https:\/\/api.w.org\/{rel}","templated":true}]}}