{"id":24551,"date":"2026-01-09T11:46:34","date_gmt":"2026-01-09T11:46:34","guid":{"rendered":"http:\/\/prompt-place.com\/product\/isletme-imaj-analizi-ve-icgoruler\/"},"modified":"2026-01-09T11:46:34","modified_gmt":"2026-01-09T11:46:34","slug":"isletme-imaj-analizi-ve-icgoruler","status":"publish","type":"product","link":"https:\/\/prompt-place.com\/tr\/urun\/isletme-imaj-analizi-ve-icgoruler\/","title":{"rendered":"\u0130\u015fletme \u0130maj Analizi ve \u0130\u00e7g\u00f6r\u00fcler"},"content":{"rendered":"<p>Bu komut istemi, bir yapay zeka modeline, sa\u011flanan herhangi bir g\u00f6r\u00fcnt\u00fcn\u00fcn i\u015f odakl\u0131 yap\u0131land\u0131r\u0131lm\u0131\u015f bir analizini ger\u00e7ekle\u015ftirmesi talimat\u0131n\u0131 verir. Modelin g\u00f6rsel unsurlar\u0131 objektif bir \u015fekilde tan\u0131mlamas\u0131na, pazarlama veya operasyonlarla ilgili kal\u0131plar\u0131 belirlemesine, m\u00fc\u015fteri davran\u0131\u015f\u0131 veya markala\u015fma hakk\u0131nda eyleme ge\u00e7irilebilir i\u00e7g\u00f6r\u00fcler \u00e7\u0131karmas\u0131na, potansiyel riskleri ve f\u0131rsatlar\u0131 vurgulamas\u0131na ve somut \u00f6neriler sunmas\u0131na rehberlik eder. Bilgi istemi, t\u00fcm sonu\u00e7lar\u0131n kesinlikle g\u00f6r\u00fcn\u00fcr olana dayanmas\u0131n\u0131 sa\u011flayarak ma\u011faza d\u00fczenlerini, \u00fcr\u00fcn te\u015fhirlerini, UX ekranlar\u0131n\u0131, marka foto\u011fraflar\u0131n\u0131 veya operasyonel s\u00fcre\u00e7leri de\u011ferlendirmek i\u00e7in idealdir.  <\/p>\n","protected":false},"excerpt":{"rendered":"<p>Bu komut istemi, bir yapay zeka modeline, sa\u011flanan herhangi bir g\u00f6r\u00fcnt\u00fcn\u00fcn i\u015f odakl\u0131 yap\u0131land\u0131r\u0131lm\u0131\u015f bir analizini ger\u00e7ekle\u015ftirmesi talimat\u0131n\u0131 verir. Modelin g\u00f6rsel unsurlar\u0131 objektif bir \u015fekilde tan\u0131mlamas\u0131na, pazarlama veya operasyonlarla ilgili kal\u0131plar\u0131 belirlemesine, m\u00fc\u015fteri davran\u0131\u015f\u0131 veya markala\u015fma hakk\u0131nda eyleme ge\u00e7irilebilir i\u00e7g\u00f6r\u00fcler \u00e7\u0131karmas\u0131na, potansiyel riskleri ve f\u0131rsatlar\u0131 vurgulamas\u0131na ve somut \u00f6neriler sunmas\u0131na rehberlik eder. Bilgi istemi, t\u00fcm [&hellip;]<\/p>\n","protected":false},"featured_media":21643,"comment_status":"open","ping_status":"closed","template":"","meta":[],"product_brand":[],"product_cat":[421,347],"product_tag":[3832],"class_list":{"0":"post-24551","1":"product","2":"type-product","3":"status-publish","4":"has-post-thumbnail","6":"product_cat-ikizler-burcu-ipuclari","7":"product_cat-modeller","8":"product_tag-is-analizi-2","10":"first","11":"instock","12":"downloadable","13":"virtual","14":"product-type-simple"},"_links":{"self":[{"href":"https:\/\/prompt-place.com\/tr\/wp-json\/wp\/v2\/product\/24551","targetHints":{"allow":["GET"]}}],"collection":[{"href":"https:\/\/prompt-place.com\/tr\/wp-json\/wp\/v2\/product"}],"about":[{"href":"https:\/\/prompt-place.com\/tr\/wp-json\/wp\/v2\/types\/product"}],"replies":[{"embeddable":true,"href":"https:\/\/prompt-place.com\/tr\/wp-json\/wp\/v2\/comments?post=24551"}],"wp:featuredmedia":[{"embeddable":true,"href":"https:\/\/prompt-place.com\/tr\/wp-json\/wp\/v2\/media\/21643"}],"wp:attachment":[{"href":"https:\/\/prompt-place.com\/tr\/wp-json\/wp\/v2\/media?parent=24551"}],"wp:term":[{"taxonomy":"product_brand","embeddable":true,"href":"https:\/\/prompt-place.com\/tr\/wp-json\/wp\/v2\/product_brand?post=24551"},{"taxonomy":"product_cat","embeddable":true,"href":"https:\/\/prompt-place.com\/tr\/wp-json\/wp\/v2\/product_cat?post=24551"},{"taxonomy":"product_tag","embeddable":true,"href":"https:\/\/prompt-place.com\/tr\/wp-json\/wp\/v2\/product_tag?post=24551"}],"curies":[{"name":"wp","href":"https:\/\/api.w.org\/{rel}","templated":true}]}}