{"id":24550,"date":"2026-01-09T11:46:35","date_gmt":"2026-01-09T11:46:35","guid":{"rendered":"http:\/\/prompt-place.com\/product\/fiyatlandirma-tablosu-analizi-ve-rekabet-ongoruleri\/"},"modified":"2026-01-09T11:46:35","modified_gmt":"2026-01-09T11:46:35","slug":"fiyatlandirma-tablosu-analizi-ve-rekabet-ongoruleri","status":"publish","type":"product","link":"https:\/\/prompt-place.com\/tr\/urun\/fiyatlandirma-tablosu-analizi-ve-rekabet-ongoruleri\/","title":{"rendered":"Fiyatland\u0131rma Tablosu Analizi ve Rekabet \u00d6ng\u00f6r\u00fcleri"},"content":{"rendered":"<p>Bu istem, bir yapay zeka modeline bir veya birden fazla \u015firketin fiyatland\u0131rma tablolar\u0131n\u0131 analiz etme ve stratejik rekabet i\u00e7g\u00f6r\u00fcleri olu\u015fturma talimat\u0131 verir. Fiyatland\u0131rma yap\u0131lar\u0131n\u0131n, katman farkl\u0131la\u015ft\u0131rmas\u0131n\u0131n, \u00fcst sat\u0131\u015f mekani\u011finin ve planlar aras\u0131nda \u00f6zellik da\u011f\u0131l\u0131m\u0131n\u0131n belirlenmesini gerektirir. Model rakipleri kar\u015f\u0131la\u015ft\u0131rmal\u0131, m\u00fc\u015fteri alg\u0131s\u0131n\u0131 de\u011ferlendirmeli, g\u00fc\u00e7l\u00fc veya zay\u0131f alanlar\u0131 tespit etmeli ve net olmayan konumland\u0131rma veya yanl\u0131\u015f fiyatland\u0131rma de\u011feri gibi riskleri vurgulamal\u0131d\u0131r. Son olarak, fiyatland\u0131rma stratejisini, paketlemeyi ve rekabet\u00e7i konumland\u0131rmay\u0131 iyile\u015ftirmek i\u00e7in eyleme ge\u00e7irilebilir \u00f6neriler sunmal\u0131d\u0131r. Bu bilgi istemi SaaS fiyatland\u0131rma denetimleri, rekabet\u00e7i k\u0131yaslama ve pazara a\u00e7\u0131lma stratejisinin iyile\u015ftirilmesi i\u00e7in idealdir.    <\/p>\n","protected":false},"excerpt":{"rendered":"<p>Bu istem, bir yapay zeka modeline bir veya birden fazla \u015firketin fiyatland\u0131rma tablolar\u0131n\u0131 analiz etme ve stratejik rekabet i\u00e7g\u00f6r\u00fcleri olu\u015fturma talimat\u0131 verir. Fiyatland\u0131rma yap\u0131lar\u0131n\u0131n, katman farkl\u0131la\u015ft\u0131rmas\u0131n\u0131n, \u00fcst sat\u0131\u015f mekani\u011finin ve planlar aras\u0131nda \u00f6zellik da\u011f\u0131l\u0131m\u0131n\u0131n belirlenmesini gerektirir. Model rakipleri kar\u015f\u0131la\u015ft\u0131rmal\u0131, m\u00fc\u015fteri alg\u0131s\u0131n\u0131 de\u011ferlendirmeli, g\u00fc\u00e7l\u00fc veya zay\u0131f alanlar\u0131 tespit etmeli ve net olmayan konumland\u0131rma veya yanl\u0131\u015f fiyatland\u0131rma [&hellip;]<\/p>\n","protected":false},"featured_media":21643,"comment_status":"open","ping_status":"closed","template":"","meta":[],"product_brand":[],"product_cat":[421,347],"product_tag":[3831],"class_list":{"0":"post-24550","1":"product","2":"type-product","3":"status-publish","4":"has-post-thumbnail","6":"product_cat-ikizler-burcu-ipuclari","7":"product_cat-modeller","8":"product_tag-fiyatlandirma-tablosu","10":"first","11":"instock","12":"downloadable","13":"virtual","14":"product-type-simple"},"_links":{"self":[{"href":"https:\/\/prompt-place.com\/tr\/wp-json\/wp\/v2\/product\/24550","targetHints":{"allow":["GET"]}}],"collection":[{"href":"https:\/\/prompt-place.com\/tr\/wp-json\/wp\/v2\/product"}],"about":[{"href":"https:\/\/prompt-place.com\/tr\/wp-json\/wp\/v2\/types\/product"}],"replies":[{"embeddable":true,"href":"https:\/\/prompt-place.com\/tr\/wp-json\/wp\/v2\/comments?post=24550"}],"wp:featuredmedia":[{"embeddable":true,"href":"https:\/\/prompt-place.com\/tr\/wp-json\/wp\/v2\/media\/21643"}],"wp:attachment":[{"href":"https:\/\/prompt-place.com\/tr\/wp-json\/wp\/v2\/media?parent=24550"}],"wp:term":[{"taxonomy":"product_brand","embeddable":true,"href":"https:\/\/prompt-place.com\/tr\/wp-json\/wp\/v2\/product_brand?post=24550"},{"taxonomy":"product_cat","embeddable":true,"href":"https:\/\/prompt-place.com\/tr\/wp-json\/wp\/v2\/product_cat?post=24550"},{"taxonomy":"product_tag","embeddable":true,"href":"https:\/\/prompt-place.com\/tr\/wp-json\/wp\/v2\/product_tag?post=24550"}],"curies":[{"name":"wp","href":"https:\/\/api.w.org\/{rel}","templated":true}]}}