{"id":24545,"date":"2026-01-09T11:46:34","date_gmt":"2026-01-09T11:46:34","guid":{"rendered":"http:\/\/prompt-place.com\/product\/cok-modlu-belge-ozetleme\/"},"modified":"2026-01-09T11:46:34","modified_gmt":"2026-01-09T11:46:34","slug":"cok-modlu-belge-ozetleme","status":"publish","type":"product","link":"https:\/\/prompt-place.com\/tr\/urun\/cok-modlu-belge-ozetleme\/","title":{"rendered":"\u00c7ok Modlu Belge \u00d6zetleme"},"content":{"rendered":"<p>Bu istem, metin, resim ve veri tablolar\u0131 i\u00e7eren karma\u015f\u0131k \u00e7ok modlu belgelerin k\u0131sa ve y\u00fcksek kaliteli \u00f6zetlerini olu\u015fturmak i\u00e7in tasarlanm\u0131\u015ft\u0131r. Yapay zekay\u0131 belgenin ana amac\u0131n\u0131 belirlemeye, temel fikirleri \u00e7\u0131karmaya, grafikler veya diyagramlar gibi g\u00f6rsel unsurlar\u0131 yorumlamaya ve temel sonu\u00e7lar\u0131 veya i\u00e7g\u00f6r\u00fcleri vurgulamaya y\u00f6nlendirir. Ama\u00e7, do\u011frulu\u011fu ve ba\u011flam\u0131 korurken karma\u015f\u0131kl\u0131\u011f\u0131 azaltmak, karar vericiler veya genel izleyiciler i\u00e7in uygun net, profesyonel bir \u00f6zet \u00fcretmektir.  <\/p>\n","protected":false},"excerpt":{"rendered":"<p>Bu istem, metin, resim ve veri tablolar\u0131 i\u00e7eren karma\u015f\u0131k \u00e7ok modlu belgelerin k\u0131sa ve y\u00fcksek kaliteli \u00f6zetlerini olu\u015fturmak i\u00e7in tasarlanm\u0131\u015ft\u0131r. Yapay zekay\u0131 belgenin ana amac\u0131n\u0131 belirlemeye, temel fikirleri \u00e7\u0131karmaya, grafikler veya diyagramlar gibi g\u00f6rsel unsurlar\u0131 yorumlamaya ve temel sonu\u00e7lar\u0131 veya i\u00e7g\u00f6r\u00fcleri vurgulamaya y\u00f6nlendirir. Ama\u00e7, do\u011frulu\u011fu ve ba\u011flam\u0131 korurken karma\u015f\u0131kl\u0131\u011f\u0131 azaltmak, karar vericiler veya genel izleyiciler [&hellip;]<\/p>\n","protected":false},"featured_media":21643,"comment_status":"open","ping_status":"closed","template":"","meta":[],"product_brand":[],"product_cat":[421,347],"product_tag":[3826],"class_list":{"0":"post-24545","1":"product","2":"type-product","3":"status-publish","4":"has-post-thumbnail","6":"product_cat-ikizler-burcu-ipuclari","7":"product_cat-modeller","8":"product_tag-multimodal-belge","10":"first","11":"instock","12":"downloadable","13":"virtual","14":"product-type-simple"},"_links":{"self":[{"href":"https:\/\/prompt-place.com\/tr\/wp-json\/wp\/v2\/product\/24545","targetHints":{"allow":["GET"]}}],"collection":[{"href":"https:\/\/prompt-place.com\/tr\/wp-json\/wp\/v2\/product"}],"about":[{"href":"https:\/\/prompt-place.com\/tr\/wp-json\/wp\/v2\/types\/product"}],"replies":[{"embeddable":true,"href":"https:\/\/prompt-place.com\/tr\/wp-json\/wp\/v2\/comments?post=24545"}],"wp:featuredmedia":[{"embeddable":true,"href":"https:\/\/prompt-place.com\/tr\/wp-json\/wp\/v2\/media\/21643"}],"wp:attachment":[{"href":"https:\/\/prompt-place.com\/tr\/wp-json\/wp\/v2\/media?parent=24545"}],"wp:term":[{"taxonomy":"product_brand","embeddable":true,"href":"https:\/\/prompt-place.com\/tr\/wp-json\/wp\/v2\/product_brand?post=24545"},{"taxonomy":"product_cat","embeddable":true,"href":"https:\/\/prompt-place.com\/tr\/wp-json\/wp\/v2\/product_cat?post=24545"},{"taxonomy":"product_tag","embeddable":true,"href":"https:\/\/prompt-place.com\/tr\/wp-json\/wp\/v2\/product_tag?post=24545"}],"curies":[{"name":"wp","href":"https:\/\/api.w.org\/{rel}","templated":true}]}}