{"id":24544,"date":"2026-01-09T11:46:34","date_gmt":"2026-01-09T11:46:34","guid":{"rendered":"http:\/\/prompt-place.com\/product\/yapilandirilmis-eylem-maddelerine-el-yazisi-notlar\/"},"modified":"2026-01-09T11:46:34","modified_gmt":"2026-01-09T11:46:34","slug":"yapilandirilmis-eylem-maddelerine-el-yazisi-notlar","status":"publish","type":"product","link":"https:\/\/prompt-place.com\/tr\/urun\/yapilandirilmis-eylem-maddelerine-el-yazisi-notlar\/","title":{"rendered":"Yap\u0131land\u0131r\u0131lm\u0131\u015f Eylem Maddelerine El Yaz\u0131s\u0131 Notlar"},"content":{"rendered":"<p>Bu istem, bir yapay zeka modelinin el yaz\u0131s\u0131 notlar\u0131 temiz, yap\u0131land\u0131r\u0131lm\u0131\u015f ve eyleme ge\u00e7irilebilir bir g\u00f6rev listesine d\u00f6n\u00fc\u015ft\u00fcrmesini sa\u011flar. Modele, da\u011f\u0131n\u0131k el yaz\u0131s\u0131n\u0131 do\u011fru bir \u015fekilde yaz\u0131ya d\u00f6kme, g\u00f6revleri ay\u0131klama ve d\u00fczenleme, bunlar\u0131 \u00e7\u0131kar\u0131lan meta verilerle (\u00f6ncelik, son tarihler, kategoriler) zenginle\u015ftirme, kopyalar\u0131 kald\u0131rma ve belirsiz \u00f6\u011feleri i\u015faretleme talimat\u0131 verir. \u00c7\u0131kt\u0131, g\u00f6rev y\u00f6netimi i\u015f ak\u0131\u015flar\u0131 i\u00e7in bi\u00e7imlendirilmi\u015ftir; bu da istemi \u00fcretkenlik optimizasyonu, dijital organizasyon ve da\u011f\u0131n\u0131k el yaz\u0131s\u0131 bilgilerini kullan\u0131labilir bir g\u00f6rev sistemine d\u00f6n\u00fc\u015ft\u00fcrmek i\u00e7in ideal hale getirir.  <\/p>\n","protected":false},"excerpt":{"rendered":"<p>Bu istem, bir yapay zeka modelinin el yaz\u0131s\u0131 notlar\u0131 temiz, yap\u0131land\u0131r\u0131lm\u0131\u015f ve eyleme ge\u00e7irilebilir bir g\u00f6rev listesine d\u00f6n\u00fc\u015ft\u00fcrmesini sa\u011flar. Modele, da\u011f\u0131n\u0131k el yaz\u0131s\u0131n\u0131 do\u011fru bir \u015fekilde yaz\u0131ya d\u00f6kme, g\u00f6revleri ay\u0131klama ve d\u00fczenleme, bunlar\u0131 \u00e7\u0131kar\u0131lan meta verilerle (\u00f6ncelik, son tarihler, kategoriler) zenginle\u015ftirme, kopyalar\u0131 kald\u0131rma ve belirsiz \u00f6\u011feleri i\u015faretleme talimat\u0131 verir. \u00c7\u0131kt\u0131, g\u00f6rev y\u00f6netimi i\u015f ak\u0131\u015flar\u0131 i\u00e7in [&hellip;]<\/p>\n","protected":false},"featured_media":21643,"comment_status":"open","ping_status":"closed","template":"","meta":[],"product_brand":[],"product_cat":[421,347],"product_tag":[3825],"class_list":{"0":"post-24544","1":"product","2":"type-product","3":"status-publish","4":"has-post-thumbnail","6":"product_cat-ikizler-burcu-ipuclari","7":"product_cat-modeller","8":"product_tag-el-yazisi-notlar","10":"first","11":"instock","12":"downloadable","13":"virtual","14":"product-type-simple"},"_links":{"self":[{"href":"https:\/\/prompt-place.com\/tr\/wp-json\/wp\/v2\/product\/24544","targetHints":{"allow":["GET"]}}],"collection":[{"href":"https:\/\/prompt-place.com\/tr\/wp-json\/wp\/v2\/product"}],"about":[{"href":"https:\/\/prompt-place.com\/tr\/wp-json\/wp\/v2\/types\/product"}],"replies":[{"embeddable":true,"href":"https:\/\/prompt-place.com\/tr\/wp-json\/wp\/v2\/comments?post=24544"}],"wp:featuredmedia":[{"embeddable":true,"href":"https:\/\/prompt-place.com\/tr\/wp-json\/wp\/v2\/media\/21643"}],"wp:attachment":[{"href":"https:\/\/prompt-place.com\/tr\/wp-json\/wp\/v2\/media?parent=24544"}],"wp:term":[{"taxonomy":"product_brand","embeddable":true,"href":"https:\/\/prompt-place.com\/tr\/wp-json\/wp\/v2\/product_brand?post=24544"},{"taxonomy":"product_cat","embeddable":true,"href":"https:\/\/prompt-place.com\/tr\/wp-json\/wp\/v2\/product_cat?post=24544"},{"taxonomy":"product_tag","embeddable":true,"href":"https:\/\/prompt-place.com\/tr\/wp-json\/wp\/v2\/product_tag?post=24544"}],"curies":[{"name":"wp","href":"https:\/\/api.w.org\/{rel}","templated":true}]}}