{"id":24540,"date":"2026-01-09T11:46:34","date_gmt":"2026-01-09T11:46:34","guid":{"rendered":"http:\/\/prompt-place.com\/product\/coklu-gosterge-tablosu-icgoruleri-ve-capraz-trend-analizi\/"},"modified":"2026-01-09T11:46:34","modified_gmt":"2026-01-09T11:46:34","slug":"coklu-gosterge-tablosu-icgoruleri-ve-capraz-trend-analizi","status":"publish","type":"product","link":"https:\/\/prompt-place.com\/tr\/urun\/coklu-gosterge-tablosu-icgoruleri-ve-capraz-trend-analizi\/","title":{"rendered":"\u00c7oklu G\u00f6sterge Tablosu \u0130\u00e7g\u00f6r\u00fcleri ve \u00c7apraz Trend Analizi"},"content":{"rendered":"<p>Bu komut istemi, birden fazla g\u00f6sterge tablosunu veya analitik g\u00f6r\u00fcnt\u00fcy\u00fc birle\u015fik bir veri kayna\u011f\u0131 olarak analiz etmek i\u00e7in tasarlanm\u0131\u015ft\u0131r. Bir yapay zeka modeline her bir g\u00f6r\u00fcnt\u00fcy\u00fc incelemesi, temel KPI&#8217;lar\u0131 ve grafik ayr\u0131nt\u0131lar\u0131n\u0131 \u00e7\u0131karmas\u0131, ard\u0131ndan tekrar eden modeller, metrik korelasyonlar, b\u00fcy\u00fcme \/ d\u00fc\u015f\u00fc\u015f sinyalleri veya tutars\u0131zl\u0131klar gibi \u00e7apraz g\u00f6sterge tablosu e\u011filimlerini sentezlemesi talimat\u0131n\u0131 verir. Bilgi istemi, i\u015f d\u00fczeyinde i\u00e7g\u00f6r\u00fcler \u00fcretmeye, riskleri ve f\u0131rsatlar\u0131 belirlemeye ve kesinlikle g\u00f6rsel kan\u0131tlarla desteklenen stratejik \u00f6neriler sunmaya odaklan\u0131r. Par\u00e7al\u0131 g\u00f6sterge tablosu verilerinin konsolide bir yorumuna ihtiya\u00e7 duyan y\u00f6neticiler, analistler ve \u00fcr\u00fcn ekipleri i\u00e7in idealdir.   <\/p>\n","protected":false},"excerpt":{"rendered":"<p>Bu komut istemi, birden fazla g\u00f6sterge tablosunu veya analitik g\u00f6r\u00fcnt\u00fcy\u00fc birle\u015fik bir veri kayna\u011f\u0131 olarak analiz etmek i\u00e7in tasarlanm\u0131\u015ft\u0131r. Bir yapay zeka modeline her bir g\u00f6r\u00fcnt\u00fcy\u00fc incelemesi, temel KPI&#8217;lar\u0131 ve grafik ayr\u0131nt\u0131lar\u0131n\u0131 \u00e7\u0131karmas\u0131, ard\u0131ndan tekrar eden modeller, metrik korelasyonlar, b\u00fcy\u00fcme \/ d\u00fc\u015f\u00fc\u015f sinyalleri veya tutars\u0131zl\u0131klar gibi \u00e7apraz g\u00f6sterge tablosu e\u011filimlerini sentezlemesi talimat\u0131n\u0131 verir. Bilgi istemi, [&hellip;]<\/p>\n","protected":false},"featured_media":21643,"comment_status":"open","ping_status":"closed","template":"","meta":[],"product_brand":[],"product_cat":[421,347],"product_tag":[3821],"class_list":{"0":"post-24540","1":"product","2":"type-product","3":"status-publish","4":"has-post-thumbnail","6":"product_cat-ikizler-burcu-ipuclari","7":"product_cat-modeller","8":"product_tag-coklu-gosterge-paneli","10":"first","11":"instock","12":"downloadable","13":"virtual","14":"product-type-simple"},"_links":{"self":[{"href":"https:\/\/prompt-place.com\/tr\/wp-json\/wp\/v2\/product\/24540","targetHints":{"allow":["GET"]}}],"collection":[{"href":"https:\/\/prompt-place.com\/tr\/wp-json\/wp\/v2\/product"}],"about":[{"href":"https:\/\/prompt-place.com\/tr\/wp-json\/wp\/v2\/types\/product"}],"replies":[{"embeddable":true,"href":"https:\/\/prompt-place.com\/tr\/wp-json\/wp\/v2\/comments?post=24540"}],"wp:featuredmedia":[{"embeddable":true,"href":"https:\/\/prompt-place.com\/tr\/wp-json\/wp\/v2\/media\/21643"}],"wp:attachment":[{"href":"https:\/\/prompt-place.com\/tr\/wp-json\/wp\/v2\/media?parent=24540"}],"wp:term":[{"taxonomy":"product_brand","embeddable":true,"href":"https:\/\/prompt-place.com\/tr\/wp-json\/wp\/v2\/product_brand?post=24540"},{"taxonomy":"product_cat","embeddable":true,"href":"https:\/\/prompt-place.com\/tr\/wp-json\/wp\/v2\/product_cat?post=24540"},{"taxonomy":"product_tag","embeddable":true,"href":"https:\/\/prompt-place.com\/tr\/wp-json\/wp\/v2\/product_tag?post=24540"}],"curies":[{"name":"wp","href":"https:\/\/api.w.org\/{rel}","templated":true}]}}