{"id":24535,"date":"2026-01-09T11:46:34","date_gmt":"2026-01-09T11:46:34","guid":{"rendered":"http:\/\/prompt-place.com\/product\/metin-ve-referans-gorsellerden-urun-konsepti-olusturma\/"},"modified":"2026-01-09T11:46:34","modified_gmt":"2026-01-09T11:46:34","slug":"metin-ve-referans-gorsellerden-urun-konsepti-olusturma","status":"publish","type":"product","link":"https:\/\/prompt-place.com\/tr\/urun\/metin-ve-referans-gorsellerden-urun-konsepti-olusturma\/","title":{"rendered":"Metin ve Referans G\u00f6rsellerden \u00dcr\u00fcn Konsepti Olu\u015fturma"},"content":{"rendered":"<p>Bu bilgi istemi, bir yapay zekaya k\u0131demli bir \u00fcr\u00fcn tasar\u0131mc\u0131s\u0131 ve UX stratejisti gibi davranarak metinsel fikirler ve g\u00f6rsel referans g\u00f6r\u00fcnt\u00fclerinin bir kombinasyonunu tamamen d\u00fc\u015f\u00fcn\u00fclm\u00fc\u015f bir \u00fcr\u00fcn konseptine d\u00f6n\u00fc\u015ft\u00fcrmesi talimat\u0131n\u0131 verir. Modelin \u00fcr\u00fcn\u00fcn sorununu, kullan\u0131c\u0131lar\u0131n\u0131, de\u011fer \u00f6nerisini, g\u00f6rsel y\u00f6n\u00fcn\u00fc, temel \u00f6zelliklerini, UX ilkelerini, farkl\u0131la\u015fmas\u0131n\u0131 ve i\u015f de\u011ferini tan\u0131mlamas\u0131na rehberlik eder &#8211; g\u00f6rselleri yaln\u0131zca y\u00f6nlendirme ilham\u0131 olarak kullan\u0131r. Sonu\u00e7, ger\u00e7ek bir tasar\u0131m ve geli\u015ftirme ekibinin \u00fcr\u00fcn ke\u015ffi, UX ara\u015ft\u0131rmas\u0131 veya payda\u015f uyumu i\u00e7in bir ba\u015flang\u0131\u00e7 noktas\u0131 olarak kullanabilece\u011fi yap\u0131land\u0131r\u0131lm\u0131\u015f, pratik bir konsept belgesidir.  <\/p>\n","protected":false},"excerpt":{"rendered":"<p>Bu bilgi istemi, bir yapay zekaya k\u0131demli bir \u00fcr\u00fcn tasar\u0131mc\u0131s\u0131 ve UX stratejisti gibi davranarak metinsel fikirler ve g\u00f6rsel referans g\u00f6r\u00fcnt\u00fclerinin bir kombinasyonunu tamamen d\u00fc\u015f\u00fcn\u00fclm\u00fc\u015f bir \u00fcr\u00fcn konseptine d\u00f6n\u00fc\u015ft\u00fcrmesi talimat\u0131n\u0131 verir. Modelin \u00fcr\u00fcn\u00fcn sorununu, kullan\u0131c\u0131lar\u0131n\u0131, de\u011fer \u00f6nerisini, g\u00f6rsel y\u00f6n\u00fcn\u00fc, temel \u00f6zelliklerini, UX ilkelerini, farkl\u0131la\u015fmas\u0131n\u0131 ve i\u015f de\u011ferini tan\u0131mlamas\u0131na rehberlik eder &#8211; g\u00f6rselleri yaln\u0131zca y\u00f6nlendirme ilham\u0131 [&hellip;]<\/p>\n","protected":false},"featured_media":21643,"comment_status":"open","ping_status":"closed","template":"","meta":[],"product_brand":[],"product_cat":[421,347],"product_tag":[3816],"class_list":{"0":"post-24535","1":"product","2":"type-product","3":"status-publish","4":"has-post-thumbnail","6":"product_cat-ikizler-burcu-ipuclari","7":"product_cat-modeller","8":"product_tag-urun-konsepti","10":"first","11":"instock","12":"downloadable","13":"virtual","14":"product-type-simple"},"_links":{"self":[{"href":"https:\/\/prompt-place.com\/tr\/wp-json\/wp\/v2\/product\/24535","targetHints":{"allow":["GET"]}}],"collection":[{"href":"https:\/\/prompt-place.com\/tr\/wp-json\/wp\/v2\/product"}],"about":[{"href":"https:\/\/prompt-place.com\/tr\/wp-json\/wp\/v2\/types\/product"}],"replies":[{"embeddable":true,"href":"https:\/\/prompt-place.com\/tr\/wp-json\/wp\/v2\/comments?post=24535"}],"wp:featuredmedia":[{"embeddable":true,"href":"https:\/\/prompt-place.com\/tr\/wp-json\/wp\/v2\/media\/21643"}],"wp:attachment":[{"href":"https:\/\/prompt-place.com\/tr\/wp-json\/wp\/v2\/media?parent=24535"}],"wp:term":[{"taxonomy":"product_brand","embeddable":true,"href":"https:\/\/prompt-place.com\/tr\/wp-json\/wp\/v2\/product_brand?post=24535"},{"taxonomy":"product_cat","embeddable":true,"href":"https:\/\/prompt-place.com\/tr\/wp-json\/wp\/v2\/product_cat?post=24535"},{"taxonomy":"product_tag","embeddable":true,"href":"https:\/\/prompt-place.com\/tr\/wp-json\/wp\/v2\/product_tag?post=24535"}],"curies":[{"name":"wp","href":"https:\/\/api.w.org\/{rel}","templated":true}]}}