{"id":24532,"date":"2026-01-09T11:46:34","date_gmt":"2026-01-09T11:46:34","guid":{"rendered":"http:\/\/prompt-place.com\/product\/uygulama-ekran-goruntusu-ux-denetimi-ve-iyilestirme-plani\/"},"modified":"2026-01-09T11:46:34","modified_gmt":"2026-01-09T11:46:34","slug":"uygulama-ekran-goruntusu-ux-denetimi-ve-iyilestirme-plani","status":"publish","type":"product","link":"https:\/\/prompt-place.com\/tr\/urun\/uygulama-ekran-goruntusu-ux-denetimi-ve-iyilestirme-plani\/","title":{"rendered":"Uygulama Ekran G\u00f6r\u00fcnt\u00fcs\u00fc UX Denetimi ve \u0130yile\u015ftirme Plan\u0131"},"content":{"rendered":"<p>Bu istem, bir ekran g\u00f6r\u00fcnt\u00fcs\u00fcne dayal\u0131 olarak bir uygulama aray\u00fcz\u00fcn\u00fcn ayr\u0131nt\u0131l\u0131, profesyonel d\u00fczeyde UX denetimini ger\u00e7ekle\u015ftirmek i\u00e7in bir yapay zeka modeline rehberlik eder. YZ&#8217;nin uygulama t\u00fcr\u00fcn\u00fc tan\u0131mlamas\u0131n\u0131, kullan\u0131labilirlik sorunlar\u0131n\u0131 de\u011ferlendirmesini, eri\u015filebilirli\u011fi ve g\u00f6rsel tasar\u0131m kalitesini de\u011ferlendirmesini, beklenen kullan\u0131c\u0131 davran\u0131\u015f\u0131n\u0131 analiz etmesini, eyleme ge\u00e7irilebilir aray\u00fcz iyile\u015ftirmeleri \u00f6nermesini ve bunlar\u0131n i\u015f metrikleri \u00fczerindeki etkisini a\u00e7\u0131klamas\u0131n\u0131 gerektirir. Analiz pratik, spesifik ve g\u00f6rsel kan\u0131tlara dayal\u0131 olmal\u0131d\u0131r; bu da bu istemi uzman d\u00fczeyinde aray\u00fcz ele\u015ftirisi ve optimizasyon rehberli\u011fi arayan \u00fcr\u00fcn ekipleri i\u00e7in ideal hale getirir.  <\/p>\n","protected":false},"excerpt":{"rendered":"<p>Bu istem, bir ekran g\u00f6r\u00fcnt\u00fcs\u00fcne dayal\u0131 olarak bir uygulama aray\u00fcz\u00fcn\u00fcn ayr\u0131nt\u0131l\u0131, profesyonel d\u00fczeyde UX denetimini ger\u00e7ekle\u015ftirmek i\u00e7in bir yapay zeka modeline rehberlik eder. YZ&#8217;nin uygulama t\u00fcr\u00fcn\u00fc tan\u0131mlamas\u0131n\u0131, kullan\u0131labilirlik sorunlar\u0131n\u0131 de\u011ferlendirmesini, eri\u015filebilirli\u011fi ve g\u00f6rsel tasar\u0131m kalitesini de\u011ferlendirmesini, beklenen kullan\u0131c\u0131 davran\u0131\u015f\u0131n\u0131 analiz etmesini, eyleme ge\u00e7irilebilir aray\u00fcz iyile\u015ftirmeleri \u00f6nermesini ve bunlar\u0131n i\u015f metrikleri \u00fczerindeki etkisini a\u00e7\u0131klamas\u0131n\u0131 gerektirir. Analiz [&hellip;]<\/p>\n","protected":false},"featured_media":21643,"comment_status":"open","ping_status":"closed","template":"","meta":[],"product_brand":[],"product_cat":[421,347],"product_tag":[3813],"class_list":{"0":"post-24532","1":"product","2":"type-product","3":"status-publish","4":"has-post-thumbnail","6":"product_cat-ikizler-burcu-ipuclari","7":"product_cat-modeller","8":"product_tag-uygulama-ekran-goruntusu","10":"first","11":"instock","12":"downloadable","13":"virtual","14":"product-type-simple"},"_links":{"self":[{"href":"https:\/\/prompt-place.com\/tr\/wp-json\/wp\/v2\/product\/24532","targetHints":{"allow":["GET"]}}],"collection":[{"href":"https:\/\/prompt-place.com\/tr\/wp-json\/wp\/v2\/product"}],"about":[{"href":"https:\/\/prompt-place.com\/tr\/wp-json\/wp\/v2\/types\/product"}],"replies":[{"embeddable":true,"href":"https:\/\/prompt-place.com\/tr\/wp-json\/wp\/v2\/comments?post=24532"}],"wp:featuredmedia":[{"embeddable":true,"href":"https:\/\/prompt-place.com\/tr\/wp-json\/wp\/v2\/media\/21643"}],"wp:attachment":[{"href":"https:\/\/prompt-place.com\/tr\/wp-json\/wp\/v2\/media?parent=24532"}],"wp:term":[{"taxonomy":"product_brand","embeddable":true,"href":"https:\/\/prompt-place.com\/tr\/wp-json\/wp\/v2\/product_brand?post=24532"},{"taxonomy":"product_cat","embeddable":true,"href":"https:\/\/prompt-place.com\/tr\/wp-json\/wp\/v2\/product_cat?post=24532"},{"taxonomy":"product_tag","embeddable":true,"href":"https:\/\/prompt-place.com\/tr\/wp-json\/wp\/v2\/product_tag?post=24532"}],"curies":[{"name":"wp","href":"https:\/\/api.w.org\/{rel}","templated":true}]}}