{"id":24529,"date":"2026-01-09T11:46:34","date_gmt":"2026-01-09T11:46:34","guid":{"rendered":"http:\/\/prompt-place.com\/product\/teknik-diyagram-ozeti\/"},"modified":"2026-01-09T11:46:34","modified_gmt":"2026-01-09T11:46:34","slug":"teknik-diyagram-ozeti","status":"publish","type":"product","link":"https:\/\/prompt-place.com\/tr\/urun\/teknik-diyagram-ozeti\/","title":{"rendered":"Teknik Diyagram \u00d6zeti"},"content":{"rendered":"<p>Bu istem, mimari \u015fema, ak\u0131\u015f \u015femas\u0131 veya altyap\u0131 d\u00fczeni gibi teknik bir diyagram\u0131 hem teknik hem de teknik olmayan payda\u015flar i\u00e7in uygun, net, izleyici dostu bir a\u00e7\u0131klamaya d\u00f6n\u00fc\u015ft\u00fcrmek i\u00e7in bir yapay zeka modeline rehberlik eder. Sistemin amac\u0131n\u0131n belirlenmesini, temel bile\u015fenlerin tan\u0131mlanmas\u0131n\u0131, u\u00e7tan uca ak\u0131\u015f\u0131n a\u00e7\u0131klanmas\u0131n\u0131, kurallar\u0131n ve risklerin vurgulanmas\u0131n\u0131 ve sistemin basit bir dille \u00f6zetlenmesini gerektirir. Komut istemi netlik sa\u011flar, ger\u00e7ek diyagram a\u00e7\u0131klamalar\u0131ndan ka\u00e7\u0131n\u0131r ve eksik ayr\u0131nt\u0131lar\u0131n veya belirsizliklerin belirtilmesini te\u015fvik eder. Opsiyonel onay sorular\u0131 ve iyile\u015ftirme \u00f6nerileri, \u00f6zellikle dok\u00fcmantasyon, i\u015fe al\u0131m, tasar\u0131m incelemeleri ve sistem denetimleri i\u00e7in kullan\u0131\u015fl\u0131d\u0131r.   <\/p>\n","protected":false},"excerpt":{"rendered":"<p>Bu istem, mimari \u015fema, ak\u0131\u015f \u015femas\u0131 veya altyap\u0131 d\u00fczeni gibi teknik bir diyagram\u0131 hem teknik hem de teknik olmayan payda\u015flar i\u00e7in uygun, net, izleyici dostu bir a\u00e7\u0131klamaya d\u00f6n\u00fc\u015ft\u00fcrmek i\u00e7in bir yapay zeka modeline rehberlik eder. Sistemin amac\u0131n\u0131n belirlenmesini, temel bile\u015fenlerin tan\u0131mlanmas\u0131n\u0131, u\u00e7tan uca ak\u0131\u015f\u0131n a\u00e7\u0131klanmas\u0131n\u0131, kurallar\u0131n ve risklerin vurgulanmas\u0131n\u0131 ve sistemin basit bir dille \u00f6zetlenmesini [&hellip;]<\/p>\n","protected":false},"featured_media":21643,"comment_status":"open","ping_status":"closed","template":"","meta":[],"product_brand":[],"product_cat":[421,347],"product_tag":[3810],"class_list":{"0":"post-24529","1":"product","2":"type-product","3":"status-publish","4":"has-post-thumbnail","6":"product_cat-ikizler-burcu-ipuclari","7":"product_cat-modeller","8":"product_tag-teknik-sema","10":"first","11":"instock","12":"downloadable","13":"virtual","14":"product-type-simple"},"_links":{"self":[{"href":"https:\/\/prompt-place.com\/tr\/wp-json\/wp\/v2\/product\/24529","targetHints":{"allow":["GET"]}}],"collection":[{"href":"https:\/\/prompt-place.com\/tr\/wp-json\/wp\/v2\/product"}],"about":[{"href":"https:\/\/prompt-place.com\/tr\/wp-json\/wp\/v2\/types\/product"}],"replies":[{"embeddable":true,"href":"https:\/\/prompt-place.com\/tr\/wp-json\/wp\/v2\/comments?post=24529"}],"wp:featuredmedia":[{"embeddable":true,"href":"https:\/\/prompt-place.com\/tr\/wp-json\/wp\/v2\/media\/21643"}],"wp:attachment":[{"href":"https:\/\/prompt-place.com\/tr\/wp-json\/wp\/v2\/media?parent=24529"}],"wp:term":[{"taxonomy":"product_brand","embeddable":true,"href":"https:\/\/prompt-place.com\/tr\/wp-json\/wp\/v2\/product_brand?post=24529"},{"taxonomy":"product_cat","embeddable":true,"href":"https:\/\/prompt-place.com\/tr\/wp-json\/wp\/v2\/product_cat?post=24529"},{"taxonomy":"product_tag","embeddable":true,"href":"https:\/\/prompt-place.com\/tr\/wp-json\/wp\/v2\/product_tag?post=24529"}],"curies":[{"name":"wp","href":"https:\/\/api.w.org\/{rel}","templated":true}]}}