{"id":24527,"date":"2026-01-09T11:46:57","date_gmt":"2026-01-09T11:46:57","guid":{"rendered":"http:\/\/prompt-place.com\/product\/dogal-isikla-yikanan-sakin-minimalist-ofis\/"},"modified":"2026-01-09T11:46:57","modified_gmt":"2026-01-09T11:46:57","slug":"dogal-isikla-yikanan-sakin-minimalist-ofis","status":"publish","type":"product","link":"https:\/\/prompt-place.com\/tr\/urun\/dogal-isikla-yikanan-sakin-minimalist-ofis\/","title":{"rendered":"Do\u011fal I\u015f\u0131kla Y\u0131kanan Sakin Minimalist Ofis"},"content":{"rendered":"<p>G\u00fc\u00e7l\u00fc do\u011fal g\u00fcne\u015f \u0131\u015f\u0131\u011f\u0131yla y\u0131kanan, temiz \u00e7izgiler, havadar bir a\u00e7\u0131k d\u00fczen ve yaln\u0131zca d\u00fczg\u00fcnce yerle\u015ftirilmi\u015f bir diz\u00fcst\u00fc bilgisayar veya monit\u00f6r, klavye, defter ve kalem gibi temel \u00f6\u011feleri i\u00e7eren \u015f\u0131k, a\u00e7\u0131k renkli ah\u015fap veya mat beyaz bir masa i\u00e7eren sakin, ultra ayr\u0131nt\u0131l\u0131 fotoger\u00e7ek\u00e7i minimalist bir ofis i\u00e7i olu\u015fturun; modern minimalist bir sandalye ve k\u00fc\u00e7\u00fck bir bitki veya basit bir dekor gibi ince bir vurgu ekleyin; Yumu\u015fak vurgular ve yumu\u015fak g\u00f6lgeler yaratan da\u011f\u0131n\u0131k s\u0131cak g\u00fcne\u015f \u0131\u015f\u0131\u011f\u0131na sahip b\u00fcy\u00fck pencereler, keten perdeler ve mat duvarlar gibi ger\u00e7ek\u00e7i dokularla beyaz, bej, a\u00e7\u0131k gri ve yumu\u015fak ah\u015fap tonlar\u0131ndan olu\u015fan n\u00f6tr bir palet kullan\u0131n; bol negatif alan ve dengeli geometriyle sakin, huzurlu bir atmosfer sa\u011flay\u0131n; kusursuz oranlar, insanlar, okunabilir metinler, logolar ve \u00e7arp\u0131k perspektif olmadan geni\u015f a\u00e7\u0131l\u0131 veya \u00fc\u00e7 \u00e7eyrek kompozisyonda i\u015fleyin.<\/p>\n","protected":false},"excerpt":{"rendered":"<p>G\u00fc\u00e7l\u00fc do\u011fal g\u00fcne\u015f \u0131\u015f\u0131\u011f\u0131yla y\u0131kanan, temiz \u00e7izgiler, havadar bir a\u00e7\u0131k d\u00fczen ve yaln\u0131zca d\u00fczg\u00fcnce yerle\u015ftirilmi\u015f bir diz\u00fcst\u00fc bilgisayar veya monit\u00f6r, klavye, defter ve kalem gibi temel \u00f6\u011feleri i\u00e7eren \u015f\u0131k, a\u00e7\u0131k renkli ah\u015fap veya mat beyaz bir masa i\u00e7eren sakin, ultra ayr\u0131nt\u0131l\u0131 fotoger\u00e7ek\u00e7i minimalist bir ofis i\u00e7i olu\u015fturun; modern minimalist bir sandalye ve k\u00fc\u00e7\u00fck bir bitki [&hellip;]<\/p>\n","protected":false},"featured_media":21725,"comment_status":"open","ping_status":"closed","template":"","meta":[],"product_brand":[],"product_cat":[347,348],"product_tag":[3808,3476,3484],"class_list":{"0":"post-24527","1":"product","2":"type-product","3":"status-publish","4":"has-post-thumbnail","6":"product_cat-modeller","7":"product_cat-yolculuk-ortasi-ipuclari","8":"product_tag-dingin","9":"product_tag-minimalist","10":"product_tag-ofis","12":"first","13":"instock","14":"downloadable","15":"virtual","16":"product-type-simple"},"_links":{"self":[{"href":"https:\/\/prompt-place.com\/tr\/wp-json\/wp\/v2\/product\/24527","targetHints":{"allow":["GET"]}}],"collection":[{"href":"https:\/\/prompt-place.com\/tr\/wp-json\/wp\/v2\/product"}],"about":[{"href":"https:\/\/prompt-place.com\/tr\/wp-json\/wp\/v2\/types\/product"}],"replies":[{"embeddable":true,"href":"https:\/\/prompt-place.com\/tr\/wp-json\/wp\/v2\/comments?post=24527"}],"wp:featuredmedia":[{"embeddable":true,"href":"https:\/\/prompt-place.com\/tr\/wp-json\/wp\/v2\/media\/21725"}],"wp:attachment":[{"href":"https:\/\/prompt-place.com\/tr\/wp-json\/wp\/v2\/media?parent=24527"}],"wp:term":[{"taxonomy":"product_brand","embeddable":true,"href":"https:\/\/prompt-place.com\/tr\/wp-json\/wp\/v2\/product_brand?post=24527"},{"taxonomy":"product_cat","embeddable":true,"href":"https:\/\/prompt-place.com\/tr\/wp-json\/wp\/v2\/product_cat?post=24527"},{"taxonomy":"product_tag","embeddable":true,"href":"https:\/\/prompt-place.com\/tr\/wp-json\/wp\/v2\/product_tag?post=24527"}],"curies":[{"name":"wp","href":"https:\/\/api.w.org\/{rel}","templated":true}]}}