{"id":24524,"date":"2026-01-09T11:46:56","date_gmt":"2026-01-09T11:46:56","guid":{"rendered":"http:\/\/prompt-place.com\/product\/seffaf-ekranli-futuristik-kisisel-calisma-alani\/"},"modified":"2026-01-09T11:46:56","modified_gmt":"2026-01-09T11:46:56","slug":"seffaf-ekranli-futuristik-kisisel-calisma-alani","status":"publish","type":"product","link":"https:\/\/prompt-place.com\/tr\/urun\/seffaf-ekranli-futuristik-kisisel-calisma-alani\/","title":{"rendered":"\u015eeffaf Ekranl\u0131 F\u00fct\u00fcristik Ki\u015fisel \u00c7al\u0131\u015fma Alan\u0131"},"content":{"rendered":"<p>\u015e\u0131k, minimal bir ev-ofis i\u00e7 mekan\u0131, temiz \u00e7izgiler ve sakin bir premium atmosfer ile f\u00fct\u00fcristik bir ki\u015fisel \u00e7al\u0131\u015fma alan\u0131n\u0131n y\u00fcksek kaliteli sinematik g\u00f6r\u00fcnt\u00fcs\u00fcn\u00fc olu\u015fturun; bir ana \u015feffaf cam ekran ve yumu\u015fak parlayan soyut kullan\u0131c\u0131 aray\u00fcz\u00fc \u00f6\u011feleri (grafikler, kod benzeri desenler, d\u00fczenler, okunabilir metin yok) i\u00e7eren 1-2 ikincil y\u00fczen \u015feffaf panel ekleyin; mat metal, cam, a\u00e7\u0131k renkli ah\u015fap ve ince LED vurgular, minimal aksesuarlar ve camg\u00f6be\u011fi\/mavi\/mor neon vurgularla yumu\u015fak ortam ayd\u0131nlatmas\u0131 i\u00e7eren modern bir masa kullan\u0131n; cam y\u00fczeylere hafif yans\u0131malar ve iste\u011fe ba\u011fl\u0131 hafif pus ekleyin; \u00fc\u00e7 \u00e7eyrek veya d\u00fcz kompozisyonla ultra ayr\u0131nt\u0131l\u0131 fotoger\u00e7ek\u00e7ilikte i\u015fleyin, karikat\u00fcr tarz\u0131, \u00e7arp\u0131k ekranlar, logolar yok.<\/p>\n","protected":false},"excerpt":{"rendered":"<p>\u015e\u0131k, minimal bir ev-ofis i\u00e7 mekan\u0131, temiz \u00e7izgiler ve sakin bir premium atmosfer ile f\u00fct\u00fcristik bir ki\u015fisel \u00e7al\u0131\u015fma alan\u0131n\u0131n y\u00fcksek kaliteli sinematik g\u00f6r\u00fcnt\u00fcs\u00fcn\u00fc olu\u015fturun; bir ana \u015feffaf cam ekran ve yumu\u015fak parlayan soyut kullan\u0131c\u0131 aray\u00fcz\u00fc \u00f6\u011feleri (grafikler, kod benzeri desenler, d\u00fczenler, okunabilir metin yok) i\u00e7eren 1-2 ikincil y\u00fczen \u015feffaf panel ekleyin; mat metal, cam, a\u00e7\u0131k [&hellip;]<\/p>\n","protected":false},"featured_media":21725,"comment_status":"open","ping_status":"closed","template":"","meta":[],"product_brand":[],"product_cat":[347,348],"product_tag":[3477,3474,3804],"class_list":{"0":"post-24524","1":"product","2":"type-product","3":"status-publish","4":"has-post-thumbnail","6":"product_cat-modeller","7":"product_cat-yolculuk-ortasi-ipuclari","8":"product_tag-calisma-alani","9":"product_tag-futuristik","10":"product_tag-kisisel","12":"first","13":"instock","14":"downloadable","15":"virtual","16":"product-type-simple"},"_links":{"self":[{"href":"https:\/\/prompt-place.com\/tr\/wp-json\/wp\/v2\/product\/24524","targetHints":{"allow":["GET"]}}],"collection":[{"href":"https:\/\/prompt-place.com\/tr\/wp-json\/wp\/v2\/product"}],"about":[{"href":"https:\/\/prompt-place.com\/tr\/wp-json\/wp\/v2\/types\/product"}],"replies":[{"embeddable":true,"href":"https:\/\/prompt-place.com\/tr\/wp-json\/wp\/v2\/comments?post=24524"}],"wp:featuredmedia":[{"embeddable":true,"href":"https:\/\/prompt-place.com\/tr\/wp-json\/wp\/v2\/media\/21725"}],"wp:attachment":[{"href":"https:\/\/prompt-place.com\/tr\/wp-json\/wp\/v2\/media?parent=24524"}],"wp:term":[{"taxonomy":"product_brand","embeddable":true,"href":"https:\/\/prompt-place.com\/tr\/wp-json\/wp\/v2\/product_brand?post=24524"},{"taxonomy":"product_cat","embeddable":true,"href":"https:\/\/prompt-place.com\/tr\/wp-json\/wp\/v2\/product_cat?post=24524"},{"taxonomy":"product_tag","embeddable":true,"href":"https:\/\/prompt-place.com\/tr\/wp-json\/wp\/v2\/product_tag?post=24524"}],"curies":[{"name":"wp","href":"https:\/\/api.w.org\/{rel}","templated":true}]}}