{"id":24521,"date":"2026-01-09T11:46:56","date_gmt":"2026-01-09T11:46:56","guid":{"rendered":"http:\/\/prompt-place.com\/product\/enerjik-hareket-ile-renkli-startup-kulturu-ortami\/"},"modified":"2026-01-09T11:46:56","modified_gmt":"2026-01-09T11:46:56","slug":"enerjik-hareket-ile-renkli-startup-kulturu-ortami","status":"publish","type":"product","link":"https:\/\/prompt-place.com\/tr\/urun\/enerjik-hareket-ile-renkli-startup-kulturu-ortami\/","title":{"rendered":"Enerjik Hareket ile Renkli Startup K\u00fclt\u00fcr\u00fc Ortam\u0131"},"content":{"rendered":"<p>Enerjik hareket ve yarat\u0131c\u0131 faaliyetlerle dolu, a\u00e7\u0131k bir d\u00fczene sahip modern bir startup ofisinin veya ortak \u00e7al\u0131\u015fma alan\u0131n\u0131n canl\u0131, fotoger\u00e7ek\u00e7i bir sahnesini olu\u015fturun; h\u0131z\u0131 ve &#8220;\u015fu anda olan \u015feyler&#8221; atmosferini iletmek i\u00e7in do\u011fal oranlar ve ince hareket bulan\u0131kl\u0131\u011f\u0131 veya \u0131\u015f\u0131k \u00e7izgileri ile i\u015fbirli\u011fi yapan, beyin f\u0131rt\u0131nas\u0131 yapan, sunum yapan, g\u00fclen, y\u00fcr\u00fcyen ve diz\u00fcst\u00fc bilgisayarlarda \u00e7al\u0131\u015fan \u00e7e\u015fitli insanlar\u0131 g\u00f6sterin; Yap\u0131\u015fkan notlar, beyaz tahtalar, eskizler, \u00fcr\u00fcn maketleri, sprint panolar\u0131, kahve fincanlar\u0131, diz\u00fcst\u00fc bilgisayarlar ve rahat dinlenme alanlar\u0131 gibi startup k\u00fclt\u00fcr\u00fcne ait ayr\u0131nt\u0131lar\u0131, okunabilir metin olmadan ekleyin; s\u0131cak iyimser tonlar, yumu\u015fak vurgular ve iste\u011fe ba\u011fl\u0131 renkli LED vurgularla parlak, renkli ayd\u0131nlatma kullan\u0131n; canl\u0131 ancak kaotik olmayan g\u00fc\u00e7l\u00fc derinlik ve katmanl\u0131 etkile\u015fimlere sahip geni\u015f kompozisyon; karikat\u00fcr tarz\u0131, \u00e7arp\u0131k y\u00fczler veya eller, logolar i\u00e7ermeyen ultra ayr\u0131nt\u0131l\u0131, temiz, fotoger\u00e7ek\u00e7i render.<\/p>\n","protected":false},"excerpt":{"rendered":"<p>Enerjik hareket ve yarat\u0131c\u0131 faaliyetlerle dolu, a\u00e7\u0131k bir d\u00fczene sahip modern bir startup ofisinin veya ortak \u00e7al\u0131\u015fma alan\u0131n\u0131n canl\u0131, fotoger\u00e7ek\u00e7i bir sahnesini olu\u015fturun; h\u0131z\u0131 ve &#8220;\u015fu anda olan \u015feyler&#8221; atmosferini iletmek i\u00e7in do\u011fal oranlar ve ince hareket bulan\u0131kl\u0131\u011f\u0131 veya \u0131\u015f\u0131k \u00e7izgileri ile i\u015fbirli\u011fi yapan, beyin f\u0131rt\u0131nas\u0131 yapan, sunum yapan, g\u00fclen, y\u00fcr\u00fcyen ve diz\u00fcst\u00fc bilgisayarlarda \u00e7al\u0131\u015fan [&hellip;]<\/p>\n","protected":false},"featured_media":21725,"comment_status":"open","ping_status":"closed","template":"","meta":[],"product_brand":[],"product_cat":[347,348],"product_tag":[2670,3800,3799],"class_list":{"0":"post-24521","1":"product","2":"type-product","3":"status-publish","4":"has-post-thumbnail","6":"product_cat-modeller","7":"product_cat-yolculuk-ortasi-ipuclari","8":"product_tag-baslangic","9":"product_tag-kultur","10":"product_tag-renkli","12":"first","13":"instock","14":"downloadable","15":"virtual","16":"product-type-simple"},"_links":{"self":[{"href":"https:\/\/prompt-place.com\/tr\/wp-json\/wp\/v2\/product\/24521","targetHints":{"allow":["GET"]}}],"collection":[{"href":"https:\/\/prompt-place.com\/tr\/wp-json\/wp\/v2\/product"}],"about":[{"href":"https:\/\/prompt-place.com\/tr\/wp-json\/wp\/v2\/types\/product"}],"replies":[{"embeddable":true,"href":"https:\/\/prompt-place.com\/tr\/wp-json\/wp\/v2\/comments?post=24521"}],"wp:featuredmedia":[{"embeddable":true,"href":"https:\/\/prompt-place.com\/tr\/wp-json\/wp\/v2\/media\/21725"}],"wp:attachment":[{"href":"https:\/\/prompt-place.com\/tr\/wp-json\/wp\/v2\/media?parent=24521"}],"wp:term":[{"taxonomy":"product_brand","embeddable":true,"href":"https:\/\/prompt-place.com\/tr\/wp-json\/wp\/v2\/product_brand?post=24521"},{"taxonomy":"product_cat","embeddable":true,"href":"https:\/\/prompt-place.com\/tr\/wp-json\/wp\/v2\/product_cat?post=24521"},{"taxonomy":"product_tag","embeddable":true,"href":"https:\/\/prompt-place.com\/tr\/wp-json\/wp\/v2\/product_tag?post=24521"}],"curies":[{"name":"wp","href":"https:\/\/api.w.org\/{rel}","templated":true}]}}