{"id":24518,"date":"2026-01-09T11:46:56","date_gmt":"2026-01-09T11:46:56","guid":{"rendered":"http:\/\/prompt-place.com\/product\/hiper-gercekci-tech-noir-sehir-silueti\/"},"modified":"2026-01-09T11:46:56","modified_gmt":"2026-01-09T11:46:56","slug":"hiper-gercekci-tech-noir-sehir-silueti","status":"publish","type":"product","link":"https:\/\/prompt-place.com\/tr\/urun\/hiper-gercekci-tech-noir-sehir-silueti\/","title":{"rendered":"Hiper Ger\u00e7ek\u00e7i Tech-Noir \u015eehir Sil\u00fceti"},"content":{"rendered":"<p>Y\u00fcksek cam g\u00f6kdelenler, yo\u011fun katmanl\u0131 kentsel derinlik ve ince f\u00fct\u00fcristik detaylarla uzak ve y\u00fcksek bir noktadan g\u00f6r\u00fclen hiper ger\u00e7ek\u00e7i bir teknoloji-noir gece \u015fehir sil\u00fceti olu\u015fturun; derin g\u00f6lgeler, y\u00fcksek kontrast, dramatik sil\u00fcetler, camg\u00f6be\u011fi\/macenta\/mor renklerde yumu\u015fak neon vurgular\u0131 yans\u0131tan ya\u011fmur veya ya\u011fmur sonras\u0131 \u0131slak y\u00fczeyler ile karamsar noir atmosferi; Binalar aras\u0131nda hacimsel sis ve pus, kenarlarda kenar ayd\u0131nlatmas\u0131, \u015fehir \u0131\u015f\u0131klar\u0131nda yumu\u015fak \u00e7i\u00e7eklenme, iste\u011fe ba\u011fl\u0131 ince grenli sinematik film s\u0131n\u0131f\u0131 g\u00f6r\u00fcn\u00fcm; okunabilir metin olmadan cam yans\u0131malar\u0131, metal y\u00fczeyler ve pencere par\u0131lt\u0131lar\u0131 dahil hiper ger\u00e7ek\u00e7i dokular; yollardan veya nehirlerden ufuk \u00e7izgisine do\u011fru y\u00f6nlendiren g\u00fc\u00e7l\u00fc \u00f6nc\u00fc \u00e7izgilerle geni\u015f panoramik kompozisyon; ultra ayr\u0131nt\u0131l\u0131 fotoger\u00e7ek\u00e7i i\u015fleme, keskin netlik, karikat\u00fcr tarz\u0131 ve a\u015f\u0131r\u0131 doygun neon kaosu yok.<\/p>\n","protected":false},"excerpt":{"rendered":"<p>Y\u00fcksek cam g\u00f6kdelenler, yo\u011fun katmanl\u0131 kentsel derinlik ve ince f\u00fct\u00fcristik detaylarla uzak ve y\u00fcksek bir noktadan g\u00f6r\u00fclen hiper ger\u00e7ek\u00e7i bir teknoloji-noir gece \u015fehir sil\u00fceti olu\u015fturun; derin g\u00f6lgeler, y\u00fcksek kontrast, dramatik sil\u00fcetler, camg\u00f6be\u011fi\/macenta\/mor renklerde yumu\u015fak neon vurgular\u0131 yans\u0131tan ya\u011fmur veya ya\u011fmur sonras\u0131 \u0131slak y\u00fczeyler ile karamsar noir atmosferi; Binalar aras\u0131nda hacimsel sis ve pus, kenarlarda kenar [&hellip;]<\/p>\n","protected":false},"featured_media":21725,"comment_status":"open","ping_status":"closed","template":"","meta":[],"product_brand":[],"product_cat":[347,348],"product_tag":[3793,3794,3492],"class_list":{"0":"post-24518","1":"product","2":"type-product","3":"status-publish","4":"has-post-thumbnail","6":"product_cat-modeller","7":"product_cat-yolculuk-ortasi-ipuclari","8":"product_tag-hiper-gercekci-2","9":"product_tag-noir","10":"product_tag-teknoloji","12":"first","13":"instock","14":"downloadable","15":"virtual","16":"product-type-simple"},"_links":{"self":[{"href":"https:\/\/prompt-place.com\/tr\/wp-json\/wp\/v2\/product\/24518","targetHints":{"allow":["GET"]}}],"collection":[{"href":"https:\/\/prompt-place.com\/tr\/wp-json\/wp\/v2\/product"}],"about":[{"href":"https:\/\/prompt-place.com\/tr\/wp-json\/wp\/v2\/types\/product"}],"replies":[{"embeddable":true,"href":"https:\/\/prompt-place.com\/tr\/wp-json\/wp\/v2\/comments?post=24518"}],"wp:featuredmedia":[{"embeddable":true,"href":"https:\/\/prompt-place.com\/tr\/wp-json\/wp\/v2\/media\/21725"}],"wp:attachment":[{"href":"https:\/\/prompt-place.com\/tr\/wp-json\/wp\/v2\/media?parent=24518"}],"wp:term":[{"taxonomy":"product_brand","embeddable":true,"href":"https:\/\/prompt-place.com\/tr\/wp-json\/wp\/v2\/product_brand?post=24518"},{"taxonomy":"product_cat","embeddable":true,"href":"https:\/\/prompt-place.com\/tr\/wp-json\/wp\/v2\/product_cat?post=24518"},{"taxonomy":"product_tag","embeddable":true,"href":"https:\/\/prompt-place.com\/tr\/wp-json\/wp\/v2\/product_tag?post=24518"}],"curies":[{"name":"wp","href":"https:\/\/api.w.org\/{rel}","templated":true}]}}