{"id":24511,"date":"2026-01-09T11:46:47","date_gmt":"2026-01-09T11:46:47","guid":{"rendered":"http:\/\/prompt-place.com\/product\/mantiksal-cikarim-yoluyla-yinelenen-teknik-sorun-kok-neden-analizi\/"},"modified":"2026-01-09T11:46:47","modified_gmt":"2026-01-09T11:46:47","slug":"mantiksal-cikarim-yoluyla-yinelenen-teknik-sorun-kok-neden-analizi","status":"publish","type":"product","link":"https:\/\/prompt-place.com\/tr\/urun\/mantiksal-cikarim-yoluyla-yinelenen-teknik-sorun-kok-neden-analizi\/","title":{"rendered":"Mant\u0131ksal \u00c7\u0131kar\u0131m Yoluyla Yinelenen Teknik Sorun K\u00f6k Neden Analizi"},"content":{"rendered":"<p>Bu istem, modeli Grok&#8217;a d\u00f6n\u00fc\u015ft\u00fcr\u00fcr &#8211; rastgele tahminler ve genel kontrol listeleri yerine tekrarlayan bir teknik sorunun ger\u00e7ek k\u00f6k nedenini bulmak i\u00e7in kat\u0131 mant\u0131ksal \u00e7\u0131kar\u0131mlar kullanan ac\u0131mas\u0131z bir hata ay\u0131klama dedektifi. Model, g\u00fcnl\u00fcklerden, zaman \u00e7izelgelerinden, ortam ayr\u0131nt\u0131lar\u0131ndan ve \u00f6nceki ba\u015far\u0131s\u0131z d\u00fczeltmelerden somut ger\u00e7ekleri \u00e7\u0131karmal\u0131; k\u00fc\u00e7\u00fck, odaklanm\u0131\u015f bir dizi makul hipotez olu\u015fturmal\u0131; kan\u0131tlarla \u00e7eli\u015fenleri elemeli ve ard\u0131ndan net bir nedensellik zinciriyle en olas\u0131 1-2 k\u00f6k nedeni belirlemelidir. Ayr\u0131ca s\u0131k\u0131 bir do\u011frulama plan\u0131 (h\u0131zl\u0131, y\u00fcksek sinyalli testler), k\u0131sa vadeli hafifletme ve uzun vadeli d\u00fczeltmeler \u00fcretmelidir, bu da bu istemi el dalgal\u0131 &#8220;sunucuyu yeniden ba\u015flatmay\u0131 deneyin&#8221; tavsiyesi yerine ciddi olay analizi i\u00e7in ideal hale getirir.  <\/p>\n","protected":false},"excerpt":{"rendered":"<p>Bu istem, modeli Grok&#8217;a d\u00f6n\u00fc\u015ft\u00fcr\u00fcr &#8211; rastgele tahminler ve genel kontrol listeleri yerine tekrarlayan bir teknik sorunun ger\u00e7ek k\u00f6k nedenini bulmak i\u00e7in kat\u0131 mant\u0131ksal \u00e7\u0131kar\u0131mlar kullanan ac\u0131mas\u0131z bir hata ay\u0131klama dedektifi. Model, g\u00fcnl\u00fcklerden, zaman \u00e7izelgelerinden, ortam ayr\u0131nt\u0131lar\u0131ndan ve \u00f6nceki ba\u015far\u0131s\u0131z d\u00fczeltmelerden somut ger\u00e7ekleri \u00e7\u0131karmal\u0131; k\u00fc\u00e7\u00fck, odaklanm\u0131\u015f bir dizi makul hipotez olu\u015fturmal\u0131; kan\u0131tlarla \u00e7eli\u015fenleri elemeli ve [&hellip;]<\/p>\n","protected":false},"featured_media":21684,"comment_status":"open","ping_status":"closed","template":"","meta":[],"product_brand":[],"product_cat":[398,347],"product_tag":[3783,3559,3782],"class_list":{"0":"post-24511","1":"product","2":"type-product","3":"status-publish","4":"has-post-thumbnail","6":"product_cat-grok-ipuclari","7":"product_cat-modeller","8":"product_tag-sorun","9":"product_tag-teknik","10":"product_tag-yinelenen","12":"first","13":"instock","14":"downloadable","15":"virtual","16":"product-type-simple"},"_links":{"self":[{"href":"https:\/\/prompt-place.com\/tr\/wp-json\/wp\/v2\/product\/24511","targetHints":{"allow":["GET"]}}],"collection":[{"href":"https:\/\/prompt-place.com\/tr\/wp-json\/wp\/v2\/product"}],"about":[{"href":"https:\/\/prompt-place.com\/tr\/wp-json\/wp\/v2\/types\/product"}],"replies":[{"embeddable":true,"href":"https:\/\/prompt-place.com\/tr\/wp-json\/wp\/v2\/comments?post=24511"}],"wp:featuredmedia":[{"embeddable":true,"href":"https:\/\/prompt-place.com\/tr\/wp-json\/wp\/v2\/media\/21684"}],"wp:attachment":[{"href":"https:\/\/prompt-place.com\/tr\/wp-json\/wp\/v2\/media?parent=24511"}],"wp:term":[{"taxonomy":"product_brand","embeddable":true,"href":"https:\/\/prompt-place.com\/tr\/wp-json\/wp\/v2\/product_brand?post=24511"},{"taxonomy":"product_cat","embeddable":true,"href":"https:\/\/prompt-place.com\/tr\/wp-json\/wp\/v2\/product_cat?post=24511"},{"taxonomy":"product_tag","embeddable":true,"href":"https:\/\/prompt-place.com\/tr\/wp-json\/wp\/v2\/product_tag?post=24511"}],"curies":[{"name":"wp","href":"https:\/\/api.w.org\/{rel}","templated":true}]}}