{"id":24510,"date":"2026-01-09T11:46:47","date_gmt":"2026-01-09T11:46:47","guid":{"rendered":"http:\/\/prompt-place.com\/product\/keskin-supheci-yorumlarla-is-riski-analizi\/"},"modified":"2026-01-09T11:46:47","modified_gmt":"2026-01-09T11:46:47","slug":"keskin-supheci-yorumlarla-is-riski-analizi","status":"publish","type":"product","link":"https:\/\/prompt-place.com\/tr\/urun\/keskin-supheci-yorumlarla-is-riski-analizi\/","title":{"rendered":"Keskin, \u015e\u00fcpheci Yorumlarla \u0130\u015f Riski Analizi"},"content":{"rendered":"<p>Bu istem, modele Grok rol\u00fcn\u00fc \u00fcstlenmesini s\u00f6yler &#8211; tek g\u00f6revi y\u00f6netim kurulu destelerinde bulunan sterilize edilmi\u015f olanlar\u0131 de\u011fil, bir i\u015fletmenin kar\u015f\u0131 kar\u015f\u0131ya oldu\u011fu ger\u00e7ek tehlikeleri ortaya \u00e7\u0131karmak olan ac\u0131mas\u0131zca d\u00fcr\u00fcst, \u015f\u00fcpheci bir i\u015f riski analisti. Modeli, i\u015f ba\u011flam\u0131n\u0131 tek bir a\u00e7\u0131k c\u00fcmleyle yeniden yazmaya, \u015firketin ger\u00e7ekten neye bahis oynad\u0131\u011f\u0131n\u0131 belirlemeye ve pazar, \u00fcr\u00fcn, finansal, operasyonel, teknik, ekip ve d\u00fczenleyici boyutlardaki riskleri &#8211; liderli\u011fin genellikle g\u00f6z ard\u0131 etti\u011fi rahats\u0131z edici olanlar da dahil olmak \u00fczere &#8211; ortaya \u00e7\u0131karmaya zorlar. Her b\u00fcy\u00fck risk a\u00e7\u0131klanmal\u0131, ciddiyetine g\u00f6re etiketlenmeli (varolu\u015fsal, ciddi, y\u00f6netilebilir, g\u00f6z ard\u0131 edilebilir) ve keskin bir \u015f\u00fcphecilikle de\u011ferlendirilmelidir. Model, ger\u00e7ek\u00e7i ba\u015far\u0131s\u0131zl\u0131k senaryolar\u0131n\u0131n ana hatlar\u0131n\u0131 \u00e7izmeli, k\u00fc\u00e7\u00fck risklerin nas\u0131l birle\u015ferek daha b\u00fcy\u00fck felaketlere d\u00f6n\u00fc\u015ft\u00fc\u011f\u00fcn\u00fc a\u00e7\u0131klamal\u0131 ve yan\u0131lsamalar\u0131, sahte hafifletmeleri ve k\u00f6r iyimserli\u011fi if\u015fa etmelidir. Model, riski ger\u00e7ekten azaltan eylemlerin sert ama pratik bir \u015fekilde \u00f6nceliklendirilmesi ve \u015firketin ger\u00e7ek riskine ili\u015fkin a\u00e7\u0131k bir kararla son bulur.    <\/p>\n","protected":false},"excerpt":{"rendered":"<p>Bu istem, modele Grok rol\u00fcn\u00fc \u00fcstlenmesini s\u00f6yler &#8211; tek g\u00f6revi y\u00f6netim kurulu destelerinde bulunan sterilize edilmi\u015f olanlar\u0131 de\u011fil, bir i\u015fletmenin kar\u015f\u0131 kar\u015f\u0131ya oldu\u011fu ger\u00e7ek tehlikeleri ortaya \u00e7\u0131karmak olan ac\u0131mas\u0131zca d\u00fcr\u00fcst, \u015f\u00fcpheci bir i\u015f riski analisti. Modeli, i\u015f ba\u011flam\u0131n\u0131 tek bir a\u00e7\u0131k c\u00fcmleyle yeniden yazmaya, \u015firketin ger\u00e7ekten neye bahis oynad\u0131\u011f\u0131n\u0131 belirlemeye ve pazar, \u00fcr\u00fcn, finansal, operasyonel, [&hellip;]<\/p>\n","protected":false},"featured_media":21684,"comment_status":"open","ping_status":"closed","template":"","meta":[],"product_brand":[],"product_cat":[398,347],"product_tag":[3580,3473,3781],"class_list":{"0":"post-24510","1":"product","2":"type-product","3":"status-publish","4":"has-post-thumbnail","6":"product_cat-grok-ipuclari","7":"product_cat-modeller","8":"product_tag-analiz","9":"product_tag-is","10":"product_tag-risk","12":"first","13":"instock","14":"downloadable","15":"virtual","16":"product-type-simple"},"_links":{"self":[{"href":"https:\/\/prompt-place.com\/tr\/wp-json\/wp\/v2\/product\/24510","targetHints":{"allow":["GET"]}}],"collection":[{"href":"https:\/\/prompt-place.com\/tr\/wp-json\/wp\/v2\/product"}],"about":[{"href":"https:\/\/prompt-place.com\/tr\/wp-json\/wp\/v2\/types\/product"}],"replies":[{"embeddable":true,"href":"https:\/\/prompt-place.com\/tr\/wp-json\/wp\/v2\/comments?post=24510"}],"wp:featuredmedia":[{"embeddable":true,"href":"https:\/\/prompt-place.com\/tr\/wp-json\/wp\/v2\/media\/21684"}],"wp:attachment":[{"href":"https:\/\/prompt-place.com\/tr\/wp-json\/wp\/v2\/media?parent=24510"}],"wp:term":[{"taxonomy":"product_brand","embeddable":true,"href":"https:\/\/prompt-place.com\/tr\/wp-json\/wp\/v2\/product_brand?post=24510"},{"taxonomy":"product_cat","embeddable":true,"href":"https:\/\/prompt-place.com\/tr\/wp-json\/wp\/v2\/product_cat?post=24510"},{"taxonomy":"product_tag","embeddable":true,"href":"https:\/\/prompt-place.com\/tr\/wp-json\/wp\/v2\/product_tag?post=24510"}],"curies":[{"name":"wp","href":"https:\/\/api.w.org\/{rel}","templated":true}]}}