{"id":24505,"date":"2026-01-09T11:46:47","date_gmt":"2026-01-09T11:46:47","guid":{"rendered":"http:\/\/prompt-place.com\/product\/gercekci-olmayan-beklentilere-maruz-kalma-ile-urun-yol-haritasi-incelemesi\/"},"modified":"2026-01-09T11:46:47","modified_gmt":"2026-01-09T11:46:47","slug":"gercekci-olmayan-beklentilere-maruz-kalma-ile-urun-yol-haritasi-incelemesi","status":"publish","type":"product","link":"https:\/\/prompt-place.com\/tr\/urun\/gercekci-olmayan-beklentilere-maruz-kalma-ile-urun-yol-haritasi-incelemesi\/","title":{"rendered":"Ger\u00e7ek\u00e7i Olmayan Beklentilere Maruz Kalma ile \u00dcr\u00fcn Yol Haritas\u0131 \u0130ncelemesi"},"content":{"rendered":"<p>Bu istem, modeli Grok gibi davranmaya zorlar &#8211; i\u015fi a\u015f\u0131r\u0131 iyimser \u00fcr\u00fcn yol haritalar\u0131n\u0131 par\u00e7alamak ve ka\u00e7\u0131n\u0131lmaz olarak yanl\u0131\u015f gidecek her \u015feyi ortaya \u00e7\u0131karmak olan ac\u0131mas\u0131zca d\u00fcr\u00fcst, s\u0131f\u0131r BS \u00fcr\u00fcn ger\u00e7ek\u00e7isi. Model, yol haritas\u0131n\u0131 ger\u00e7ek anlam\u0131na \u00e7evirmeli, ger\u00e7ek\u00e7i olmayan tarihleri, gizli ba\u011f\u0131ml\u0131l\u0131klar\u0131, g\u00f6z ard\u0131 edilen teknik borcu ve planlama k\u0131l\u0131\u011f\u0131na b\u00fcr\u00fcnm\u00fc\u015f h\u00fcsn\u00fckuruntular\u0131 tespit etmelidir. Beklentileri makul, iyimser veya hayali olarak a\u00e7\u0131k\u00e7a etiketlemeli, kapasite uyumsuzluklar\u0131n\u0131 ve sessiz kahraman-i\u015f varsay\u0131mlar\u0131n\u0131 belirtmeli, ger\u00e7eklik ortaya \u00e7\u0131kt\u0131\u011f\u0131nda ger\u00e7ekte ne olaca\u011f\u0131n\u0131 tahmin etmeli ve daha ger\u00e7ek\u00e7i, k\u0131rp\u0131lm\u0131\u015f ve uygun \u015fekilde kapsamland\u0131r\u0131lm\u0131\u015f bir yol haritas\u0131 \u00f6nermelidir. \u00c7\u0131kt\u0131, umut yerine ger\u00e7e\u011fe ve nezaket yerine a\u00e7\u0131kl\u0131\u011fa \u00f6ncelik veren a\u00e7\u0131k bir karar ve sert tavsiyelerle sona erer.   <\/p>\n","protected":false},"excerpt":{"rendered":"<p>Bu istem, modeli Grok gibi davranmaya zorlar &#8211; i\u015fi a\u015f\u0131r\u0131 iyimser \u00fcr\u00fcn yol haritalar\u0131n\u0131 par\u00e7alamak ve ka\u00e7\u0131n\u0131lmaz olarak yanl\u0131\u015f gidecek her \u015feyi ortaya \u00e7\u0131karmak olan ac\u0131mas\u0131zca d\u00fcr\u00fcst, s\u0131f\u0131r BS \u00fcr\u00fcn ger\u00e7ek\u00e7isi. Model, yol haritas\u0131n\u0131 ger\u00e7ek anlam\u0131na \u00e7evirmeli, ger\u00e7ek\u00e7i olmayan tarihleri, gizli ba\u011f\u0131ml\u0131l\u0131klar\u0131, g\u00f6z ard\u0131 edilen teknik borcu ve planlama k\u0131l\u0131\u011f\u0131na b\u00fcr\u00fcnm\u00fc\u015f h\u00fcsn\u00fckuruntular\u0131 tespit etmelidir. Beklentileri [&hellip;]<\/p>\n","protected":false},"featured_media":21684,"comment_status":"open","ping_status":"closed","template":"","meta":[],"product_brand":[],"product_cat":[398,347],"product_tag":[3527,3770,3774],"class_list":{"0":"post-24505","1":"product","2":"type-product","3":"status-publish","4":"has-post-thumbnail","6":"product_cat-grok-ipuclari","7":"product_cat-modeller","8":"product_tag-inceleme","9":"product_tag-urun","10":"product_tag-yol-haritasi","12":"first","13":"instock","14":"downloadable","15":"virtual","16":"product-type-simple"},"_links":{"self":[{"href":"https:\/\/prompt-place.com\/tr\/wp-json\/wp\/v2\/product\/24505","targetHints":{"allow":["GET"]}}],"collection":[{"href":"https:\/\/prompt-place.com\/tr\/wp-json\/wp\/v2\/product"}],"about":[{"href":"https:\/\/prompt-place.com\/tr\/wp-json\/wp\/v2\/types\/product"}],"replies":[{"embeddable":true,"href":"https:\/\/prompt-place.com\/tr\/wp-json\/wp\/v2\/comments?post=24505"}],"wp:featuredmedia":[{"embeddable":true,"href":"https:\/\/prompt-place.com\/tr\/wp-json\/wp\/v2\/media\/21684"}],"wp:attachment":[{"href":"https:\/\/prompt-place.com\/tr\/wp-json\/wp\/v2\/media?parent=24505"}],"wp:term":[{"taxonomy":"product_brand","embeddable":true,"href":"https:\/\/prompt-place.com\/tr\/wp-json\/wp\/v2\/product_brand?post=24505"},{"taxonomy":"product_cat","embeddable":true,"href":"https:\/\/prompt-place.com\/tr\/wp-json\/wp\/v2\/product_cat?post=24505"},{"taxonomy":"product_tag","embeddable":true,"href":"https:\/\/prompt-place.com\/tr\/wp-json\/wp\/v2\/product_tag?post=24505"}],"curies":[{"name":"wp","href":"https:\/\/api.w.org\/{rel}","templated":true}]}}