{"id":24504,"date":"2026-01-09T11:46:47","date_gmt":"2026-01-09T11:46:47","guid":{"rendered":"http:\/\/prompt-place.com\/product\/acimasizca-durust-yararlilik-degerlendirmesi-ile-veri-kalitesi-denetimi\/"},"modified":"2026-01-09T11:46:47","modified_gmt":"2026-01-09T11:46:47","slug":"acimasizca-durust-yararlilik-degerlendirmesi-ile-veri-kalitesi-denetimi","status":"publish","type":"product","link":"https:\/\/prompt-place.com\/tr\/urun\/acimasizca-durust-yararlilik-degerlendirmesi-ile-veri-kalitesi-denetimi\/","title":{"rendered":"Ac\u0131mas\u0131zca D\u00fcr\u00fcst Yararl\u0131l\u0131k De\u011ferlendirmesi ile Veri Kalitesi Denetimi"},"content":{"rendered":"<p>Bu komut, modele Grok gibi davranmas\u0131 talimat\u0131n\u0131 verir &#8211; varsay\u0131lan inanc\u0131, aksi kan\u0131tlanana kadar \u00e7o\u011fu veri k\u00fcmesinin \u00e7\u00f6p oldu\u011fu olan ac\u0131mas\u0131zca d\u00fcr\u00fcst, \u015f\u00fcpheci bir veri denet\u00e7isi. Model, eksik ba\u011flam, de\u011fi\u015fen tan\u0131mlar, k\u00f6t\u00fc zaman damgalar\u0131, kopyalar, \u00f6nyarg\u0131lar ve anlams\u0131z \u00f6l\u00e7\u00fcmler gibi yap\u0131sal kusurlar\u0131 ortaya \u00e7\u0131kar\u0131rken, verilerin temsil etti\u011fini iddia etti\u011fi \u015fey ile ger\u00e7ekte yakalad\u0131\u011f\u0131 \u015feyi kar\u015f\u0131la\u015ft\u0131rarak sa\u011flanan herhangi bir veri k\u00fcmesini incelemelidir. Modeli, her bir sorunu \u00f6nem derecesine g\u00f6re (\u00f6l\u00fcmc\u00fcl, ciddi, can s\u0131k\u0131c\u0131) s\u0131n\u0131fland\u0131rmaya ve hangi verilerin kararlar\u0131 ger\u00e7ekten destekleyebilece\u011fini ve hangilerinin g\u00f6z ard\u0131 edilmesi veya tamamen silinmesi gerekti\u011fini beyan etmek i\u00e7in bir &#8220;kullan\u0131\u015fl\u0131l\u0131k testi&#8221; yapmaya zorlar. Model, bozuk verilerin yaratt\u0131\u011f\u0131 yanl\u0131\u015f g\u00fcveni vurgulamal\u0131, k\u00f6t\u00fc girdilerin nas\u0131l yanl\u0131\u015f kararlara yol a\u00e7abilece\u011fini a\u00e7\u0131klamal\u0131 ve g\u00fcvenilir verilerin k\u00fc\u00e7\u00fck alt k\u00fcmesini tan\u0131mlamal\u0131d\u0131r. Son olarak, neyin d\u00fczeltilmesi, neyin s\u0131f\u0131rdan toplanmas\u0131 ve neyin kal\u0131c\u0131 olarak at\u0131lmas\u0131 gerekti\u011fini tavsiye etmeli ve veri ger\u00e7ekli\u011finin a\u00e7\u0131k, ac\u0131mas\u0131zca d\u00fcr\u00fcst bir \u00f6zetini sunmal\u0131d\u0131r.    <\/p>\n","protected":false},"excerpt":{"rendered":"<p>Bu komut, modele Grok gibi davranmas\u0131 talimat\u0131n\u0131 verir &#8211; varsay\u0131lan inanc\u0131, aksi kan\u0131tlanana kadar \u00e7o\u011fu veri k\u00fcmesinin \u00e7\u00f6p oldu\u011fu olan ac\u0131mas\u0131zca d\u00fcr\u00fcst, \u015f\u00fcpheci bir veri denet\u00e7isi. Model, eksik ba\u011flam, de\u011fi\u015fen tan\u0131mlar, k\u00f6t\u00fc zaman damgalar\u0131, kopyalar, \u00f6nyarg\u0131lar ve anlams\u0131z \u00f6l\u00e7\u00fcmler gibi yap\u0131sal kusurlar\u0131 ortaya \u00e7\u0131kar\u0131rken, verilerin temsil etti\u011fini iddia etti\u011fi \u015fey ile ger\u00e7ekte yakalad\u0131\u011f\u0131 \u015feyi kar\u015f\u0131la\u015ft\u0131rarak [&hellip;]<\/p>\n","protected":false},"featured_media":21684,"comment_status":"open","ping_status":"closed","template":"","meta":[],"product_brand":[],"product_cat":[398,347],"product_tag":[3773,3772,3665],"class_list":{"0":"post-24504","1":"product","2":"type-product","3":"status-publish","4":"has-post-thumbnail","6":"product_cat-grok-ipuclari","7":"product_cat-modeller","8":"product_tag-denetim","9":"product_tag-kalite","10":"product_tag-veri","12":"first","13":"instock","14":"downloadable","15":"virtual","16":"product-type-simple"},"_links":{"self":[{"href":"https:\/\/prompt-place.com\/tr\/wp-json\/wp\/v2\/product\/24504","targetHints":{"allow":["GET"]}}],"collection":[{"href":"https:\/\/prompt-place.com\/tr\/wp-json\/wp\/v2\/product"}],"about":[{"href":"https:\/\/prompt-place.com\/tr\/wp-json\/wp\/v2\/types\/product"}],"replies":[{"embeddable":true,"href":"https:\/\/prompt-place.com\/tr\/wp-json\/wp\/v2\/comments?post=24504"}],"wp:featuredmedia":[{"embeddable":true,"href":"https:\/\/prompt-place.com\/tr\/wp-json\/wp\/v2\/media\/21684"}],"wp:attachment":[{"href":"https:\/\/prompt-place.com\/tr\/wp-json\/wp\/v2\/media?parent=24504"}],"wp:term":[{"taxonomy":"product_brand","embeddable":true,"href":"https:\/\/prompt-place.com\/tr\/wp-json\/wp\/v2\/product_brand?post=24504"},{"taxonomy":"product_cat","embeddable":true,"href":"https:\/\/prompt-place.com\/tr\/wp-json\/wp\/v2\/product_cat?post=24504"},{"taxonomy":"product_tag","embeddable":true,"href":"https:\/\/prompt-place.com\/tr\/wp-json\/wp\/v2\/product_tag?post=24504"}],"curies":[{"name":"wp","href":"https:\/\/api.w.org\/{rel}","templated":true}]}}