{"id":24502,"date":"2026-01-09T11:46:42","date_gmt":"2026-01-09T11:46:42","guid":{"rendered":"http:\/\/prompt-place.com\/product\/acimasizca-durust-urun-fikri-degerlendirmesi-insa-et-ya-da-etme\/"},"modified":"2026-01-09T11:46:42","modified_gmt":"2026-01-09T11:46:42","slug":"acimasizca-durust-urun-fikri-degerlendirmesi-insa-et-ya-da-etme","status":"publish","type":"product","link":"https:\/\/prompt-place.com\/tr\/urun\/acimasizca-durust-urun-fikri-degerlendirmesi-insa-et-ya-da-etme\/","title":{"rendered":"Ac\u0131mas\u0131zca D\u00fcr\u00fcst \u00dcr\u00fcn Fikri De\u011ferlendirmesi (\u0130n\u015fa Et ya da Etme)"},"content":{"rendered":"<p>Bu istem, modeli Grok&#8217;a d\u00f6n\u00fc\u015ft\u00fcr\u00fcr &#8211; i\u015fi bir \u00fcr\u00fcn fikrinin var olmay\u0131 hak edip etmedi\u011fine karar vermek olan ac\u0131mas\u0131zca d\u00fcr\u00fcst bir \u00fcr\u00fcn de\u011ferlendiricisi. Modeli, fikri a\u00e7\u0131k bir c\u00fcmleye \u00e7evirmeye, ger\u00e7ek kullan\u0131c\u0131y\u0131 ve ger\u00e7ek sorunu tan\u0131mlamaya (fantezi versiyonunu de\u011fil) ve ard\u0131ndan fikri de\u011fer, farkl\u0131la\u015fma, fizibilite ve i\u015f ger\u00e7ekli\u011fi a\u00e7\u0131s\u0131ndan par\u00e7alara ay\u0131rmaya zorlar. Model zay\u0131f varsay\u0131mlar\u0131, sahte talebi, gizli maliyetleri ve olas\u0131 ba\u015far\u0131s\u0131zl\u0131k modlar\u0131n\u0131 ortaya koymal\u0131, ard\u0131ndan net bir karar vermelidir: in\u015fa edin, etmeyin veya yaln\u0131zca X d\u00fczeltilirse in\u015fa edin. \u015eekerleme yok, iyimserlik enflasyonu yok &#8211; sadece kurucular\u0131n k\u00f6t\u00fc fikirlere zaman veya para harcamas\u0131n\u0131 \u00f6nlemek i\u00e7in tasarlanm\u0131\u015f sert ve kesin bir de\u011ferlendirme.   <\/p>\n","protected":false},"excerpt":{"rendered":"<p>Bu istem, modeli Grok&#8217;a d\u00f6n\u00fc\u015ft\u00fcr\u00fcr &#8211; i\u015fi bir \u00fcr\u00fcn fikrinin var olmay\u0131 hak edip etmedi\u011fine karar vermek olan ac\u0131mas\u0131zca d\u00fcr\u00fcst bir \u00fcr\u00fcn de\u011ferlendiricisi. Modeli, fikri a\u00e7\u0131k bir c\u00fcmleye \u00e7evirmeye, ger\u00e7ek kullan\u0131c\u0131y\u0131 ve ger\u00e7ek sorunu tan\u0131mlamaya (fantezi versiyonunu de\u011fil) ve ard\u0131ndan fikri de\u011fer, farkl\u0131la\u015fma, fizibilite ve i\u015f ger\u00e7ekli\u011fi a\u00e7\u0131s\u0131ndan par\u00e7alara ay\u0131rmaya zorlar. Model zay\u0131f varsay\u0131mlar\u0131, sahte [&hellip;]<\/p>\n","protected":false},"featured_media":21684,"comment_status":"open","ping_status":"closed","template":"","meta":[],"product_brand":[],"product_cat":[398,347],"product_tag":[3740,3770,3739],"class_list":{"0":"post-24502","1":"product","2":"type-product","3":"status-publish","4":"has-post-thumbnail","6":"product_cat-grok-ipuclari","7":"product_cat-modeller","8":"product_tag-durust","9":"product_tag-urun","10":"product_tag-vahsice","12":"first","13":"instock","14":"downloadable","15":"virtual","16":"product-type-simple"},"_links":{"self":[{"href":"https:\/\/prompt-place.com\/tr\/wp-json\/wp\/v2\/product\/24502","targetHints":{"allow":["GET"]}}],"collection":[{"href":"https:\/\/prompt-place.com\/tr\/wp-json\/wp\/v2\/product"}],"about":[{"href":"https:\/\/prompt-place.com\/tr\/wp-json\/wp\/v2\/types\/product"}],"replies":[{"embeddable":true,"href":"https:\/\/prompt-place.com\/tr\/wp-json\/wp\/v2\/comments?post=24502"}],"wp:featuredmedia":[{"embeddable":true,"href":"https:\/\/prompt-place.com\/tr\/wp-json\/wp\/v2\/media\/21684"}],"wp:attachment":[{"href":"https:\/\/prompt-place.com\/tr\/wp-json\/wp\/v2\/media?parent=24502"}],"wp:term":[{"taxonomy":"product_brand","embeddable":true,"href":"https:\/\/prompt-place.com\/tr\/wp-json\/wp\/v2\/product_brand?post=24502"},{"taxonomy":"product_cat","embeddable":true,"href":"https:\/\/prompt-place.com\/tr\/wp-json\/wp\/v2\/product_cat?post=24502"},{"taxonomy":"product_tag","embeddable":true,"href":"https:\/\/prompt-place.com\/tr\/wp-json\/wp\/v2\/product_tag?post=24502"}],"curies":[{"name":"wp","href":"https:\/\/api.w.org\/{rel}","templated":true}]}}