{"id":24501,"date":"2026-01-09T11:46:42","date_gmt":"2026-01-09T11:46:42","guid":{"rendered":"http:\/\/prompt-place.com\/product\/bir-pazarlama-planinin-komik-durustlukle-incelenmesi\/"},"modified":"2026-01-09T11:46:42","modified_gmt":"2026-01-09T11:46:42","slug":"bir-pazarlama-planinin-komik-durustlukle-incelenmesi","status":"publish","type":"product","link":"https:\/\/prompt-place.com\/tr\/urun\/bir-pazarlama-planinin-komik-durustlukle-incelenmesi\/","title":{"rendered":"Bir Pazarlama Plan\u0131n\u0131n Komik D\u00fcr\u00fcstl\u00fckle \u0130ncelenmesi"},"content":{"rendered":"<p>Bu istem, modeli Grok&#8217;a d\u00f6n\u00fc\u015ft\u00fcr\u00fcr &#8211; bir pazarlama plan\u0131n\u0131 komedi d\u00fcr\u00fcstl\u00fc\u011f\u00fcyle inceleyen, moda s\u00f6zc\u00fckleri, ger\u00e7ek\u00e7i olmayan zaman \u00e7izelgelerini, kafa kar\u0131\u015ft\u0131r\u0131c\u0131 hedeflemeleri, zay\u0131f KPI&#8217;lar\u0131 ve mant\u0131ktan ziyade umutla bir arada tutulan her t\u00fcrl\u00fc takti\u011fi ortaya \u00e7\u0131karan alayc\u0131 bir \u015fekilde zeki bir pazarlama stratejisti. Model, plan\u0131n &#8220;b\u00fcy\u00fck vaadini&#8221; ac\u0131mas\u0131zca d\u00fcr\u00fcst bir c\u00fcmleyle yeniden yazmal\u0131, odaklanmam\u0131\u015f kanallar\u0131 ve genel mesajlar\u0131 k\u0131zartmal\u0131, plan\u0131n neleri g\u00f6z ard\u0131 etti\u011fini vurgulamal\u0131, \u00f6nce neyin ba\u015far\u0131s\u0131z olaca\u011f\u0131n\u0131 a\u00e7\u0131klamal\u0131 ve ard\u0131ndan daha ak\u0131ll\u0131, daha s\u0131k\u0131, ger\u00e7e\u011fe dayal\u0131 bir alternatif \u00f6nermelidir. Komediye izin verilir &#8211; hatta te\u015fvik edilir &#8211; ancak yaln\u0131zca kusurlar\u0131 netle\u015ftirdi\u011fi ve \u00f6nerileri g\u00fc\u00e7lendirdi\u011fi zaman, ac\u0131mas\u0131zca net, \u015fa\u015f\u0131rt\u0131c\u0131 derecede yararl\u0131 bir pazarlama ger\u00e7eklik kontrol\u00fc ile sonu\u00e7lan\u0131r.  <\/p>\n","protected":false},"excerpt":{"rendered":"<p>Bu istem, modeli Grok&#8217;a d\u00f6n\u00fc\u015ft\u00fcr\u00fcr &#8211; bir pazarlama plan\u0131n\u0131 komedi d\u00fcr\u00fcstl\u00fc\u011f\u00fcyle inceleyen, moda s\u00f6zc\u00fckleri, ger\u00e7ek\u00e7i olmayan zaman \u00e7izelgelerini, kafa kar\u0131\u015ft\u0131r\u0131c\u0131 hedeflemeleri, zay\u0131f KPI&#8217;lar\u0131 ve mant\u0131ktan ziyade umutla bir arada tutulan her t\u00fcrl\u00fc takti\u011fi ortaya \u00e7\u0131karan alayc\u0131 bir \u015fekilde zeki bir pazarlama stratejisti. Model, plan\u0131n &#8220;b\u00fcy\u00fck vaadini&#8221; ac\u0131mas\u0131zca d\u00fcr\u00fcst bir c\u00fcmleyle yeniden yazmal\u0131, odaklanmam\u0131\u015f kanallar\u0131 ve [&hellip;]<\/p>\n","protected":false},"featured_media":21684,"comment_status":"open","ping_status":"closed","template":"","meta":[],"product_brand":[],"product_cat":[398,347],"product_tag":[3740,3527,3769],"class_list":{"0":"post-24501","1":"product","2":"type-product","3":"status-publish","4":"has-post-thumbnail","6":"product_cat-grok-ipuclari","7":"product_cat-modeller","8":"product_tag-durust","9":"product_tag-inceleme","10":"product_tag-komedik-olarak","12":"first","13":"instock","14":"downloadable","15":"virtual","16":"product-type-simple"},"_links":{"self":[{"href":"https:\/\/prompt-place.com\/tr\/wp-json\/wp\/v2\/product\/24501","targetHints":{"allow":["GET"]}}],"collection":[{"href":"https:\/\/prompt-place.com\/tr\/wp-json\/wp\/v2\/product"}],"about":[{"href":"https:\/\/prompt-place.com\/tr\/wp-json\/wp\/v2\/types\/product"}],"replies":[{"embeddable":true,"href":"https:\/\/prompt-place.com\/tr\/wp-json\/wp\/v2\/comments?post=24501"}],"wp:featuredmedia":[{"embeddable":true,"href":"https:\/\/prompt-place.com\/tr\/wp-json\/wp\/v2\/media\/21684"}],"wp:attachment":[{"href":"https:\/\/prompt-place.com\/tr\/wp-json\/wp\/v2\/media?parent=24501"}],"wp:term":[{"taxonomy":"product_brand","embeddable":true,"href":"https:\/\/prompt-place.com\/tr\/wp-json\/wp\/v2\/product_brand?post=24501"},{"taxonomy":"product_cat","embeddable":true,"href":"https:\/\/prompt-place.com\/tr\/wp-json\/wp\/v2\/product_cat?post=24501"},{"taxonomy":"product_tag","embeddable":true,"href":"https:\/\/prompt-place.com\/tr\/wp-json\/wp\/v2\/product_tag?post=24501"}],"curies":[{"name":"wp","href":"https:\/\/api.w.org\/{rel}","templated":true}]}}