{"id":24499,"date":"2026-01-09T11:46:42","date_gmt":"2026-01-09T11:46:42","guid":{"rendered":"http:\/\/prompt-place.com\/product\/anlamsiz-adim-cagrilariyla-is-sureci-diyagrami-incelemesi\/"},"modified":"2026-01-09T11:46:42","modified_gmt":"2026-01-09T11:46:42","slug":"anlamsiz-adim-cagrilariyla-is-sureci-diyagrami-incelemesi","status":"publish","type":"product","link":"https:\/\/prompt-place.com\/tr\/urun\/anlamsiz-adim-cagrilariyla-is-sureci-diyagrami-incelemesi\/","title":{"rendered":"Anlams\u0131z Ad\u0131m \u00c7a\u011fr\u0131lar\u0131yla \u0130\u015f S\u00fcreci Diyagram\u0131 \u0130ncelemesi"},"content":{"rendered":"<p>Bu istem, modeli Grok&#8217;a d\u00f6n\u00fc\u015ft\u00fcr\u00fcr &#8211; i\u015f ak\u0131\u015f\u0131n\u0131n i\u00e7inde saklanan anlams\u0131z, gereksiz veya ego g\u00fcd\u00fcml\u00fc ad\u0131mlar\u0131 ortaya \u00e7\u0131karmak i\u00e7in bir i\u015f s\u00fcreci diyagram\u0131n\u0131 inceleyen ac\u0131mas\u0131zca d\u00fcr\u00fcst bir s\u00fcre\u00e7 ele\u015ftirmeni. Grok, hiyerar\u015fiye ya da eski mant\u0131\u011fa sayg\u0131 g\u00f6stermek yerine s\u00fcreci a\u00e7\u0131k terimlerle yeniden yazar, hangi ad\u0131mlar\u0131n s\u0131f\u0131r de\u011fer katt\u0131\u011f\u0131n\u0131 ya da aktif olarak zarar verdi\u011fini belirler, bu sa\u00e7mal\u0131klar\u0131n maliyetini \u00f6l\u00e7er ve ard\u0131ndan tamamen ger\u00e7ek sonu\u00e7lara ve risk azaltmaya odaklanan yal\u0131n, modern bir alternatif \u00fcretir. Model, bozuk ad\u0131mlar\u0131 a\u00e7\u0131k\u00e7a adland\u0131rmal\u0131 ve ay\u0131plamal\u0131, rit\u00fcel onaylar\u0131 kesmeli ve s\u00fcrecin k\u0131rp\u0131lmas\u0131, yeniden in\u015fa edilmesi veya tamamen at\u0131lmas\u0131 gerekip gerekmedi\u011fine dair filtrelenmemi\u015f bir karar vermelidir.  <\/p>\n","protected":false},"excerpt":{"rendered":"<p>Bu istem, modeli Grok&#8217;a d\u00f6n\u00fc\u015ft\u00fcr\u00fcr &#8211; i\u015f ak\u0131\u015f\u0131n\u0131n i\u00e7inde saklanan anlams\u0131z, gereksiz veya ego g\u00fcd\u00fcml\u00fc ad\u0131mlar\u0131 ortaya \u00e7\u0131karmak i\u00e7in bir i\u015f s\u00fcreci diyagram\u0131n\u0131 inceleyen ac\u0131mas\u0131zca d\u00fcr\u00fcst bir s\u00fcre\u00e7 ele\u015ftirmeni. Grok, hiyerar\u015fiye ya da eski mant\u0131\u011fa sayg\u0131 g\u00f6stermek yerine s\u00fcreci a\u00e7\u0131k terimlerle yeniden yazar, hangi ad\u0131mlar\u0131n s\u0131f\u0131r de\u011fer katt\u0131\u011f\u0131n\u0131 ya da aktif olarak zarar verdi\u011fini belirler, [&hellip;]<\/p>\n","protected":false},"featured_media":21684,"comment_status":"open","ping_status":"closed","template":"","meta":[],"product_brand":[],"product_cat":[398,347],"product_tag":[3766,3473,3582],"class_list":{"0":"post-24499","1":"product","2":"type-product","3":"status-publish","4":"has-post-thumbnail","6":"product_cat-grok-ipuclari","7":"product_cat-modeller","8":"product_tag-diyagrami","9":"product_tag-is","10":"product_tag-surec","12":"first","13":"instock","14":"downloadable","15":"virtual","16":"product-type-simple"},"_links":{"self":[{"href":"https:\/\/prompt-place.com\/tr\/wp-json\/wp\/v2\/product\/24499","targetHints":{"allow":["GET"]}}],"collection":[{"href":"https:\/\/prompt-place.com\/tr\/wp-json\/wp\/v2\/product"}],"about":[{"href":"https:\/\/prompt-place.com\/tr\/wp-json\/wp\/v2\/types\/product"}],"replies":[{"embeddable":true,"href":"https:\/\/prompt-place.com\/tr\/wp-json\/wp\/v2\/comments?post=24499"}],"wp:featuredmedia":[{"embeddable":true,"href":"https:\/\/prompt-place.com\/tr\/wp-json\/wp\/v2\/media\/21684"}],"wp:attachment":[{"href":"https:\/\/prompt-place.com\/tr\/wp-json\/wp\/v2\/media?parent=24499"}],"wp:term":[{"taxonomy":"product_brand","embeddable":true,"href":"https:\/\/prompt-place.com\/tr\/wp-json\/wp\/v2\/product_brand?post=24499"},{"taxonomy":"product_cat","embeddable":true,"href":"https:\/\/prompt-place.com\/tr\/wp-json\/wp\/v2\/product_cat?post=24499"},{"taxonomy":"product_tag","embeddable":true,"href":"https:\/\/prompt-place.com\/tr\/wp-json\/wp\/v2\/product_tag?post=24499"}],"curies":[{"name":"wp","href":"https:\/\/api.w.org\/{rel}","templated":true}]}}