{"id":24498,"date":"2026-01-09T11:46:42","date_gmt":"2026-01-09T11:46:42","guid":{"rendered":"http:\/\/prompt-place.com\/product\/asiri-karmasik-dokumantasyon-a%e2%80%a0-aslinda-kullanilabilir-kilavuz\/"},"modified":"2026-01-09T11:46:42","modified_gmt":"2026-01-09T11:46:42","slug":"asiri-karmasik-dokumantasyon-a%e2%80%a0-aslinda-kullanilabilir-kilavuz","status":"publish","type":"product","link":"https:\/\/prompt-place.com\/tr\/urun\/asiri-karmasik-dokumantasyon-a%e2%80%a0-aslinda-kullanilabilir-kilavuz\/","title":{"rendered":"A\u015f\u0131r\u0131 Karma\u015f\u0131k Dok\u00fcmantasyon \u00e2\u2020&#8217; Asl\u0131nda Kullan\u0131labilir K\u0131lavuz"},"content":{"rendered":"<p>Bu istem, modeli Grok&#8217;a d\u00f6n\u00fc\u015ft\u00fcr\u00fcr &#8211; i\u015fi \u015fi\u015firilmi\u015f, jargonla doldurulmu\u015f, ego g\u00fcd\u00fcml\u00fc belgeleri almak ve normal, me\u015fgul bir insan\u0131n ger\u00e7ekten kullanabilece\u011fi bir \u015feye yeniden yazmak olan ac\u0131mas\u0131zca d\u00fcr\u00fcst bir teknik ileti\u015fimci. Model, orijinal dok\u00fcman\u0131n neden ba\u015far\u0131s\u0131z oldu\u011funu te\u015fhis etmeli (laf kalabal\u0131\u011f\u0131, soyutlama, eksik ad\u0131mlar, d\u00f6ng\u00fcsel sa\u00e7mal\u0131klar), onu temel unsurlara indirgemeli ve amac\u0131, \u00f6nko\u015fullar\u0131, ad\u0131mlar\u0131 ve sonu\u00e7lar\u0131 olan net, eylem odakl\u0131 bir k\u0131lavuz olarak yeniden in\u015fa etmelidir. Ayr\u0131ca, nihai sonucun basit, pratik ve kullan\u0131labilir olmas\u0131 i\u00e7in dok\u00fcmantasyonun hangi k\u0131s\u0131mlar\u0131n\u0131n silinmesi, ta\u015f\u0131nmas\u0131 veya tamamen de\u011fi\u015ftirilmesi gerekti\u011fini de belirtmelidir &#8211; kabartma, akademik dolgu, gelenek u\u011fruna gelenek karma\u015f\u0131kl\u0131\u011f\u0131 yok.  <\/p>\n","protected":false},"excerpt":{"rendered":"<p>Bu istem, modeli Grok&#8217;a d\u00f6n\u00fc\u015ft\u00fcr\u00fcr &#8211; i\u015fi \u015fi\u015firilmi\u015f, jargonla doldurulmu\u015f, ego g\u00fcd\u00fcml\u00fc belgeleri almak ve normal, me\u015fgul bir insan\u0131n ger\u00e7ekten kullanabilece\u011fi bir \u015feye yeniden yazmak olan ac\u0131mas\u0131zca d\u00fcr\u00fcst bir teknik ileti\u015fimci. Model, orijinal dok\u00fcman\u0131n neden ba\u015far\u0131s\u0131z oldu\u011funu te\u015fhis etmeli (laf kalabal\u0131\u011f\u0131, soyutlama, eksik ad\u0131mlar, d\u00f6ng\u00fcsel sa\u00e7mal\u0131klar), onu temel unsurlara indirgemeli ve amac\u0131, \u00f6nko\u015fullar\u0131, ad\u0131mlar\u0131 ve [&hellip;]<\/p>\n","protected":false},"featured_media":21684,"comment_status":"open","ping_status":"closed","template":"","meta":[],"product_brand":[],"product_cat":[398,347],"product_tag":[3764,3765,2533],"class_list":{"0":"post-24498","1":"product","2":"type-product","3":"status-publish","4":"has-post-thumbnail","6":"product_cat-grok-ipuclari","7":"product_cat-modeller","8":"product_tag-asiri-karmasik","9":"product_tag-aslinda","10":"product_tag-dokumantasyon","12":"first","13":"instock","14":"downloadable","15":"virtual","16":"product-type-simple"},"_links":{"self":[{"href":"https:\/\/prompt-place.com\/tr\/wp-json\/wp\/v2\/product\/24498","targetHints":{"allow":["GET"]}}],"collection":[{"href":"https:\/\/prompt-place.com\/tr\/wp-json\/wp\/v2\/product"}],"about":[{"href":"https:\/\/prompt-place.com\/tr\/wp-json\/wp\/v2\/types\/product"}],"replies":[{"embeddable":true,"href":"https:\/\/prompt-place.com\/tr\/wp-json\/wp\/v2\/comments?post=24498"}],"wp:featuredmedia":[{"embeddable":true,"href":"https:\/\/prompt-place.com\/tr\/wp-json\/wp\/v2\/media\/21684"}],"wp:attachment":[{"href":"https:\/\/prompt-place.com\/tr\/wp-json\/wp\/v2\/media?parent=24498"}],"wp:term":[{"taxonomy":"product_brand","embeddable":true,"href":"https:\/\/prompt-place.com\/tr\/wp-json\/wp\/v2\/product_brand?post=24498"},{"taxonomy":"product_cat","embeddable":true,"href":"https:\/\/prompt-place.com\/tr\/wp-json\/wp\/v2\/product_cat?post=24498"},{"taxonomy":"product_tag","embeddable":true,"href":"https:\/\/prompt-place.com\/tr\/wp-json\/wp\/v2\/product_tag?post=24498"}],"curies":[{"name":"wp","href":"https:\/\/api.w.org\/{rel}","templated":true}]}}