{"id":24494,"date":"2026-01-09T11:46:41","date_gmt":"2026-01-09T11:46:41","guid":{"rendered":"http:\/\/prompt-place.com\/product\/erken-asamadaki-bir-is-fikri-icin-acimasiz-gerceklik-kontrolu\/"},"modified":"2026-01-09T11:46:41","modified_gmt":"2026-01-09T11:46:41","slug":"erken-asamadaki-bir-is-fikri-icin-acimasiz-gerceklik-kontrolu","status":"publish","type":"product","link":"https:\/\/prompt-place.com\/tr\/urun\/erken-asamadaki-bir-is-fikri-icin-acimasiz-gerceklik-kontrolu\/","title":{"rendered":"Erken A\u015famadaki Bir \u0130\u015f Fikri \u0130\u00e7in Ac\u0131mas\u0131z Ger\u00e7eklik Kontrol\u00fc"},"content":{"rendered":"<p>Bu istem, modeli, belirsiz veya erken a\u015famadaki i\u015f fikirleri i\u00e7in sert, sa\u00e7ma olmayan bir ger\u00e7eklik kontrol\u00fc yapan, fikrin ger\u00e7ekte ne oldu\u011funu, sorunun ger\u00e7ek olup olmad\u0131\u011f\u0131n\u0131, ger\u00e7ek m\u00fc\u015fterinin kim olaca\u011f\u0131n\u0131, mant\u0131\u011f\u0131n nerede da\u011f\u0131ld\u0131\u011f\u0131n\u0131 ve en b\u00fcy\u00fck risklerin neler oldu\u011funu ortaya \u00e7\u0131karmak i\u00e7in moda s\u00f6zc\u00fckleri ve iyimserli\u011fi ortadan kald\u0131ran &#8220;Grok tarz\u0131&#8221; bir analiste d\u00f6n\u00fc\u015ft\u00fcr\u00fcr. \u00c7\u0131kt\u0131, net bir karar ve tavizsiz sonraki ad\u0131mlar i\u00e7eren, kuruculara cesaret vermek yerine ger\u00e7e\u011fi veren a\u00e7\u0131k bir y\u0131k\u0131md\u0131r. <\/p>\n","protected":false},"excerpt":{"rendered":"<p>Bu istem, modeli, belirsiz veya erken a\u015famadaki i\u015f fikirleri i\u00e7in sert, sa\u00e7ma olmayan bir ger\u00e7eklik kontrol\u00fc yapan, fikrin ger\u00e7ekte ne oldu\u011funu, sorunun ger\u00e7ek olup olmad\u0131\u011f\u0131n\u0131, ger\u00e7ek m\u00fc\u015fterinin kim olaca\u011f\u0131n\u0131, mant\u0131\u011f\u0131n nerede da\u011f\u0131ld\u0131\u011f\u0131n\u0131 ve en b\u00fcy\u00fck risklerin neler oldu\u011funu ortaya \u00e7\u0131karmak i\u00e7in moda s\u00f6zc\u00fckleri ve iyimserli\u011fi ortadan kald\u0131ran &#8220;Grok tarz\u0131&#8221; bir analiste d\u00f6n\u00fc\u015ft\u00fcr\u00fcr. \u00c7\u0131kt\u0131, net bir [&hellip;]<\/p>\n","protected":false},"featured_media":21684,"comment_status":"open","ping_status":"closed","template":"","meta":[],"product_brand":[],"product_cat":[398,347],"product_tag":[3552,3759,3760],"class_list":{"0":"post-24494","1":"product","2":"type-product","3":"status-publish","4":"has-post-thumbnail","6":"product_cat-grok-ipuclari","7":"product_cat-modeller","8":"product_tag-acimasiz","9":"product_tag-gerceklik","10":"product_tag-kontrol-et","12":"first","13":"instock","14":"downloadable","15":"virtual","16":"product-type-simple"},"_links":{"self":[{"href":"https:\/\/prompt-place.com\/tr\/wp-json\/wp\/v2\/product\/24494","targetHints":{"allow":["GET"]}}],"collection":[{"href":"https:\/\/prompt-place.com\/tr\/wp-json\/wp\/v2\/product"}],"about":[{"href":"https:\/\/prompt-place.com\/tr\/wp-json\/wp\/v2\/types\/product"}],"replies":[{"embeddable":true,"href":"https:\/\/prompt-place.com\/tr\/wp-json\/wp\/v2\/comments?post=24494"}],"wp:featuredmedia":[{"embeddable":true,"href":"https:\/\/prompt-place.com\/tr\/wp-json\/wp\/v2\/media\/21684"}],"wp:attachment":[{"href":"https:\/\/prompt-place.com\/tr\/wp-json\/wp\/v2\/media?parent=24494"}],"wp:term":[{"taxonomy":"product_brand","embeddable":true,"href":"https:\/\/prompt-place.com\/tr\/wp-json\/wp\/v2\/product_brand?post=24494"},{"taxonomy":"product_cat","embeddable":true,"href":"https:\/\/prompt-place.com\/tr\/wp-json\/wp\/v2\/product_cat?post=24494"},{"taxonomy":"product_tag","embeddable":true,"href":"https:\/\/prompt-place.com\/tr\/wp-json\/wp\/v2\/product_tag?post=24494"}],"curies":[{"name":"wp","href":"https:\/\/api.w.org\/{rel}","templated":true}]}}