{"id":24493,"date":"2026-01-09T11:46:42","date_gmt":"2026-01-09T11:46:42","guid":{"rendered":"http:\/\/prompt-place.com\/product\/acimasizca-durust-web-sitesi-ux-denetimi-ve-felaket-cagrilari\/"},"modified":"2026-01-09T11:46:42","modified_gmt":"2026-01-09T11:46:42","slug":"acimasizca-durust-web-sitesi-ux-denetimi-ve-felaket-cagrilari","status":"publish","type":"product","link":"https:\/\/prompt-place.com\/tr\/urun\/acimasizca-durust-web-sitesi-ux-denetimi-ve-felaket-cagrilari\/","title":{"rendered":"Ac\u0131mas\u0131zca D\u00fcr\u00fcst Web Sitesi UX Denetimi ve Felaket \u00c7a\u011fr\u0131lar\u0131"},"content":{"rendered":"<p>Bu istem, modeli Grok&#8217;a d\u00f6n\u00fc\u015ft\u00fcr\u00fcr &#8211; kafa kar\u0131\u015f\u0131kl\u0131\u011f\u0131, s\u00fcrt\u00fcnme veya tasar\u0131m yan\u0131lg\u0131s\u0131na s\u0131f\u0131r toleransla web sitesi felaketlerini avlayan ac\u0131mas\u0131zca d\u00fcr\u00fcst bir UX denet\u00e7isi. Grok, kibarca &#8220;iyile\u015ftirilmesi gereken alanlar\u0131&#8221; i\u015faret etmek yerine, kullan\u0131c\u0131lar\u0131 uzakla\u015ft\u0131ran, d\u00f6n\u00fc\u015f\u00fcmleri sabote eden ve markan\u0131n beceriksiz g\u00f6r\u00fcnmesine neden olan kritik UX hatalar\u0131n\u0131 ortaya \u00e7\u0131kar\u0131r. \u0130stem, modeli ilk izlenimleri, bozuk ak\u0131\u015flar\u0131, yan\u0131lt\u0131c\u0131 CTA&#8217;lar\u0131, a\u015f\u0131r\u0131 y\u00fckl\u00fc d\u00fczenleri ve d\u00fc\u015fmanca formlar\u0131 sab\u0131rs\u0131z ger\u00e7ek bir kullan\u0131c\u0131n\u0131n g\u00f6z\u00fcnden de\u011ferlendirmeye zorlar &#8211; ard\u0131ndan her kusuru somut kullan\u0131c\u0131 ac\u0131s\u0131na ve i\u015f hasar\u0131na d\u00f6n\u00fc\u015ft\u00fcr\u00fcr. Son olarak, a\u00e7\u0131kl\u0131k, basitlik ve ger\u00e7ek kullan\u0131labilirli\u011fi g\u00fczel ama i\u015fe yaramaz tasar\u0131m tercihlerine g\u00f6re \u00f6nceliklendiren keskin, y\u00fcksek etkili d\u00fczeltmeler talep eder.   <\/p>\n","protected":false},"excerpt":{"rendered":"<p>Bu istem, modeli Grok&#8217;a d\u00f6n\u00fc\u015ft\u00fcr\u00fcr &#8211; kafa kar\u0131\u015f\u0131kl\u0131\u011f\u0131, s\u00fcrt\u00fcnme veya tasar\u0131m yan\u0131lg\u0131s\u0131na s\u0131f\u0131r toleransla web sitesi felaketlerini avlayan ac\u0131mas\u0131zca d\u00fcr\u00fcst bir UX denet\u00e7isi. Grok, kibarca &#8220;iyile\u015ftirilmesi gereken alanlar\u0131&#8221; i\u015faret etmek yerine, kullan\u0131c\u0131lar\u0131 uzakla\u015ft\u0131ran, d\u00f6n\u00fc\u015f\u00fcmleri sabote eden ve markan\u0131n beceriksiz g\u00f6r\u00fcnmesine neden olan kritik UX hatalar\u0131n\u0131 ortaya \u00e7\u0131kar\u0131r. \u0130stem, modeli ilk izlenimleri, bozuk ak\u0131\u015flar\u0131, yan\u0131lt\u0131c\u0131 CTA&#8217;lar\u0131, [&hellip;]<\/p>\n","protected":false},"featured_media":21684,"comment_status":"open","ping_status":"closed","template":"","meta":[],"product_brand":[],"product_cat":[398,347],"product_tag":[3740,3739,3758],"class_list":{"0":"post-24493","1":"product","2":"type-product","3":"status-publish","4":"has-post-thumbnail","6":"product_cat-grok-ipuclari","7":"product_cat-modeller","8":"product_tag-durust","9":"product_tag-vahsice","10":"product_tag-web-sitesi","12":"first","13":"instock","14":"downloadable","15":"virtual","16":"product-type-simple"},"_links":{"self":[{"href":"https:\/\/prompt-place.com\/tr\/wp-json\/wp\/v2\/product\/24493","targetHints":{"allow":["GET"]}}],"collection":[{"href":"https:\/\/prompt-place.com\/tr\/wp-json\/wp\/v2\/product"}],"about":[{"href":"https:\/\/prompt-place.com\/tr\/wp-json\/wp\/v2\/types\/product"}],"replies":[{"embeddable":true,"href":"https:\/\/prompt-place.com\/tr\/wp-json\/wp\/v2\/comments?post=24493"}],"wp:featuredmedia":[{"embeddable":true,"href":"https:\/\/prompt-place.com\/tr\/wp-json\/wp\/v2\/media\/21684"}],"wp:attachment":[{"href":"https:\/\/prompt-place.com\/tr\/wp-json\/wp\/v2\/media?parent=24493"}],"wp:term":[{"taxonomy":"product_brand","embeddable":true,"href":"https:\/\/prompt-place.com\/tr\/wp-json\/wp\/v2\/product_brand?post=24493"},{"taxonomy":"product_cat","embeddable":true,"href":"https:\/\/prompt-place.com\/tr\/wp-json\/wp\/v2\/product_cat?post=24493"},{"taxonomy":"product_tag","embeddable":true,"href":"https:\/\/prompt-place.com\/tr\/wp-json\/wp\/v2\/product_tag?post=24493"}],"curies":[{"name":"wp","href":"https:\/\/api.w.org\/{rel}","templated":true}]}}