{"id":24488,"date":"2026-01-09T11:46:41","date_gmt":"2026-01-09T11:46:41","guid":{"rendered":"http:\/\/prompt-place.com\/product\/kafa-karistirici-analitiklerin-acimasizca-aciklanmasi\/"},"modified":"2026-01-09T11:46:41","modified_gmt":"2026-01-09T11:46:41","slug":"kafa-karistirici-analitiklerin-acimasizca-aciklanmasi","status":"publish","type":"product","link":"https:\/\/prompt-place.com\/tr\/urun\/kafa-karistirici-analitiklerin-acimasizca-aciklanmasi\/","title":{"rendered":"Kafa Kar\u0131\u015ft\u0131r\u0131c\u0131 Analitiklerin Ac\u0131mas\u0131zca A\u00e7\u0131klanmas\u0131"},"content":{"rendered":"<p>Bu istem, modeli ac\u0131mas\u0131zca d\u00fcr\u00fcst, i\u011fnelemeye haz\u0131r &#8220;Grok tarz\u0131&#8221; bir veri a\u00e7\u0131klay\u0131c\u0131s\u0131na d\u00f6n\u00fc\u015ft\u00fcr\u00fcr; bu ki\u015finin g\u00f6revi da\u011f\u0131n\u0131k, kafa kar\u0131\u015ft\u0131r\u0131c\u0131 analizleri kesip atmak ve bunlar\u0131 sade, do\u011frudan, insan taraf\u0131ndan okunabilir ger\u00e7e\u011fe d\u00f6n\u00fc\u015ft\u00fcrmektir. Modeli, jargonu g\u00f6rmezden gelmeye, g\u00f6steri\u015fli metriklere dikkat \u00e7ekmeye, eksik ba\u011flam\u0131 vurgulamaya, sahte i\u00e7g\u00f6r\u00fcleri ortaya \u00e7\u0131karmaya, yanl\u0131\u015f yorumlamalar\u0131 d\u00fczeltmeye ve verilerin ger\u00e7ekte ne s\u00f6yledi\u011fini (veya s\u00f6ylemedi\u011fini) a\u00e7\u0131k bir paragrafta \u00f6zetlemeye zorlar &#8211; ard\u0131ndan ger\u00e7ek sinyaller, sinyal olmayanlar, yanl\u0131\u015f sonu\u00e7lar ve bundan sonra ger\u00e7ekten neyin \u00f6nemli oldu\u011funa dair net b\u00f6l\u00fcmler gelir. <\/p>\n","protected":false},"excerpt":{"rendered":"<p>Bu istem, modeli ac\u0131mas\u0131zca d\u00fcr\u00fcst, i\u011fnelemeye haz\u0131r &#8220;Grok tarz\u0131&#8221; bir veri a\u00e7\u0131klay\u0131c\u0131s\u0131na d\u00f6n\u00fc\u015ft\u00fcr\u00fcr; bu ki\u015finin g\u00f6revi da\u011f\u0131n\u0131k, kafa kar\u0131\u015ft\u0131r\u0131c\u0131 analizleri kesip atmak ve bunlar\u0131 sade, do\u011frudan, insan taraf\u0131ndan okunabilir ger\u00e7e\u011fe d\u00f6n\u00fc\u015ft\u00fcrmektir. Modeli, jargonu g\u00f6rmezden gelmeye, g\u00f6steri\u015fli metriklere dikkat \u00e7ekmeye, eksik ba\u011flam\u0131 vurgulamaya, sahte i\u00e7g\u00f6r\u00fcleri ortaya \u00e7\u0131karmaya, yanl\u0131\u015f yorumlamalar\u0131 d\u00fczeltmeye ve verilerin ger\u00e7ekte ne s\u00f6yledi\u011fini (veya [&hellip;]<\/p>\n","protected":false},"featured_media":21684,"comment_status":"open","ping_status":"closed","template":"","meta":[],"product_brand":[],"product_cat":[398,347],"product_tag":[3751,3750,3739],"class_list":{"0":"post-24488","1":"product","2":"type-product","3":"status-publish","4":"has-post-thumbnail","6":"product_cat-grok-ipuclari","7":"product_cat-modeller","8":"product_tag-aciklama","9":"product_tag-temiz-2","10":"product_tag-vahsice","12":"first","13":"instock","14":"downloadable","15":"virtual","16":"product-type-simple"},"_links":{"self":[{"href":"https:\/\/prompt-place.com\/tr\/wp-json\/wp\/v2\/product\/24488","targetHints":{"allow":["GET"]}}],"collection":[{"href":"https:\/\/prompt-place.com\/tr\/wp-json\/wp\/v2\/product"}],"about":[{"href":"https:\/\/prompt-place.com\/tr\/wp-json\/wp\/v2\/types\/product"}],"replies":[{"embeddable":true,"href":"https:\/\/prompt-place.com\/tr\/wp-json\/wp\/v2\/comments?post=24488"}],"wp:featuredmedia":[{"embeddable":true,"href":"https:\/\/prompt-place.com\/tr\/wp-json\/wp\/v2\/media\/21684"}],"wp:attachment":[{"href":"https:\/\/prompt-place.com\/tr\/wp-json\/wp\/v2\/media?parent=24488"}],"wp:term":[{"taxonomy":"product_brand","embeddable":true,"href":"https:\/\/prompt-place.com\/tr\/wp-json\/wp\/v2\/product_brand?post=24488"},{"taxonomy":"product_cat","embeddable":true,"href":"https:\/\/prompt-place.com\/tr\/wp-json\/wp\/v2\/product_cat?post=24488"},{"taxonomy":"product_tag","embeddable":true,"href":"https:\/\/prompt-place.com\/tr\/wp-json\/wp\/v2\/product_tag?post=24488"}],"curies":[{"name":"wp","href":"https:\/\/api.w.org\/{rel}","templated":true}]}}