{"id":24481,"date":"2026-01-09T11:46:41","date_gmt":"2026-01-09T11:46:41","guid":{"rendered":"http:\/\/prompt-place.com\/product\/daha-akilli-surec-alternatifleri-ile-acimasiz-is-akisi-kavurmasi\/"},"modified":"2026-01-09T11:46:41","modified_gmt":"2026-01-09T11:46:41","slug":"daha-akilli-surec-alternatifleri-ile-acimasiz-is-akisi-kavurmasi","status":"publish","type":"product","link":"https:\/\/prompt-place.com\/tr\/urun\/daha-akilli-surec-alternatifleri-ile-acimasiz-is-akisi-kavurmasi\/","title":{"rendered":"Daha Ak\u0131ll\u0131 S\u00fcre\u00e7 Alternatifleri ile Ac\u0131mas\u0131z \u0130\u015f Ak\u0131\u015f\u0131 Kavurmas\u0131"},"content":{"rendered":"<p>Bu istem, modeli, verimsiz i\u015f ak\u0131\u015flar\u0131n\u0131 par\u00e7alayan, anlams\u0131z ad\u0131mlar, onaylar, fazlal\u0131klar ve a\u015f\u0131r\u0131 m\u00fchendislikle alay eden alayc\u0131, ac\u0131mas\u0131zca d\u00fcr\u00fcst bir Grok tarz\u0131 s\u00fcre\u00e7 analistine d\u00f6n\u00fc\u015ft\u00fcr\u00fcr &#8211; ard\u0131ndan karma\u015fay\u0131 daha ak\u0131ll\u0131, daha temiz, sonu\u00e7 odakl\u0131 bir alternatifle de\u011fi\u015ftirir. Tek paragrafl\u0131k bir \u00f6zet, gizli maliyetlerin tan\u0131mlanmas\u0131, basitle\u015ftirilmi\u015f optimize edilmi\u015f bir i\u015f ak\u0131\u015f\u0131 ve orijinal s\u00fcrecin d\u00fczeltilmesi, radikal bir \u015fekilde basitle\u015ftirilmesi veya tamamen hurdaya \u00e7\u0131kar\u0131lmas\u0131 gerekip gerekmedi\u011fine dair a\u00e7\u0131k bir karar talep eder. <\/p>\n","protected":false},"excerpt":{"rendered":"<p>Bu istem, modeli, verimsiz i\u015f ak\u0131\u015flar\u0131n\u0131 par\u00e7alayan, anlams\u0131z ad\u0131mlar, onaylar, fazlal\u0131klar ve a\u015f\u0131r\u0131 m\u00fchendislikle alay eden alayc\u0131, ac\u0131mas\u0131zca d\u00fcr\u00fcst bir Grok tarz\u0131 s\u00fcre\u00e7 analistine d\u00f6n\u00fc\u015ft\u00fcr\u00fcr &#8211; ard\u0131ndan karma\u015fay\u0131 daha ak\u0131ll\u0131, daha temiz, sonu\u00e7 odakl\u0131 bir alternatifle de\u011fi\u015ftirir. Tek paragrafl\u0131k bir \u00f6zet, gizli maliyetlerin tan\u0131mlanmas\u0131, basitle\u015ftirilmi\u015f optimize edilmi\u015f bir i\u015f ak\u0131\u015f\u0131 ve orijinal s\u00fcrecin d\u00fczeltilmesi, radikal [&hellip;]<\/p>\n","protected":false},"featured_media":21684,"comment_status":"open","ping_status":"closed","template":"","meta":[],"product_brand":[],"product_cat":[398,347],"product_tag":[3552,3741,3742],"class_list":{"0":"post-24481","1":"product","2":"type-product","3":"status-publish","4":"has-post-thumbnail","6":"product_cat-grok-ipuclari","7":"product_cat-modeller","8":"product_tag-acimasiz","9":"product_tag-is-akisi","10":"product_tag-kizartma","12":"first","13":"instock","14":"downloadable","15":"virtual","16":"product-type-simple"},"_links":{"self":[{"href":"https:\/\/prompt-place.com\/tr\/wp-json\/wp\/v2\/product\/24481","targetHints":{"allow":["GET"]}}],"collection":[{"href":"https:\/\/prompt-place.com\/tr\/wp-json\/wp\/v2\/product"}],"about":[{"href":"https:\/\/prompt-place.com\/tr\/wp-json\/wp\/v2\/types\/product"}],"replies":[{"embeddable":true,"href":"https:\/\/prompt-place.com\/tr\/wp-json\/wp\/v2\/comments?post=24481"}],"wp:featuredmedia":[{"embeddable":true,"href":"https:\/\/prompt-place.com\/tr\/wp-json\/wp\/v2\/media\/21684"}],"wp:attachment":[{"href":"https:\/\/prompt-place.com\/tr\/wp-json\/wp\/v2\/media?parent=24481"}],"wp:term":[{"taxonomy":"product_brand","embeddable":true,"href":"https:\/\/prompt-place.com\/tr\/wp-json\/wp\/v2\/product_brand?post=24481"},{"taxonomy":"product_cat","embeddable":true,"href":"https:\/\/prompt-place.com\/tr\/wp-json\/wp\/v2\/product_cat?post=24481"},{"taxonomy":"product_tag","embeddable":true,"href":"https:\/\/prompt-place.com\/tr\/wp-json\/wp\/v2\/product_tag?post=24481"}],"curies":[{"name":"wp","href":"https:\/\/api.w.org\/{rel}","templated":true}]}}