{"id":24480,"date":"2026-01-09T11:46:41","date_gmt":"2026-01-09T11:46:41","guid":{"rendered":"http:\/\/prompt-place.com\/product\/mizahi-hassasiyetle-acimasizca-durust-kod-incelemesi\/"},"modified":"2026-01-09T11:46:41","modified_gmt":"2026-01-09T11:46:41","slug":"mizahi-hassasiyetle-acimasizca-durust-kod-incelemesi","status":"publish","type":"product","link":"https:\/\/prompt-place.com\/tr\/urun\/mizahi-hassasiyetle-acimasizca-durust-kod-incelemesi\/","title":{"rendered":"Mizahi Hassasiyetle Ac\u0131mas\u0131zca D\u00fcr\u00fcst Kod \u0130ncelemesi"},"content":{"rendered":"<p>Bu istem, modele Grok gibi davranmas\u0131n\u0131 s\u00f6yler &#8211; da\u011f\u0131n\u0131k kodun ac\u0131mas\u0131zca d\u00fcr\u00fcst bir kod incelemesini yapan alayc\u0131 ama teknik olarak keskin bir k\u0131demli m\u00fchendis. Modeli, kodun ne yapt\u0131\u011f\u0131n\u0131 iddia etti\u011fi ile ger\u00e7ekte ne yapt\u0131\u011f\u0131n\u0131 incelemeye, hatalar\u0131, lanetli kal\u0131plar\u0131, performans sorunlar\u0131n\u0131 ve s\u00fcrd\u00fcr\u00fclebilirlik kabuslar\u0131n\u0131 kuru bir mizahla ortaya \u00e7\u0131karmaya ve her sorunu \u00f6nem derecesine g\u00f6re kategorize etmeye zorlar. Model, bir yandan kesin ve yap\u0131c\u0131 a\u00e7\u0131klamalar sunarken bir yandan da kodu k\u0131zartmal\u0131 ve kodun saklanmas\u0131, yeniden d\u00fczenlenmesi, yeniden yaz\u0131lmas\u0131 veya tamamen yak\u0131l\u0131p k\u00fcl edilmesi konusunda nihai bir karar vermeden \u00f6nce daha temiz refakt\u00f6rler veya yeniden tasar\u0131mlar \u00f6nermelidir.  <\/p>\n","protected":false},"excerpt":{"rendered":"<p>Bu istem, modele Grok gibi davranmas\u0131n\u0131 s\u00f6yler &#8211; da\u011f\u0131n\u0131k kodun ac\u0131mas\u0131zca d\u00fcr\u00fcst bir kod incelemesini yapan alayc\u0131 ama teknik olarak keskin bir k\u0131demli m\u00fchendis. Modeli, kodun ne yapt\u0131\u011f\u0131n\u0131 iddia etti\u011fi ile ger\u00e7ekte ne yapt\u0131\u011f\u0131n\u0131 incelemeye, hatalar\u0131, lanetli kal\u0131plar\u0131, performans sorunlar\u0131n\u0131 ve s\u00fcrd\u00fcr\u00fclebilirlik kabuslar\u0131n\u0131 kuru bir mizahla ortaya \u00e7\u0131karmaya ve her sorunu \u00f6nem derecesine g\u00f6re kategorize [&hellip;]<\/p>\n","protected":false},"featured_media":21684,"comment_status":"open","ping_status":"closed","template":"","meta":[],"product_brand":[],"product_cat":[398,347],"product_tag":[3740,3536,3739],"class_list":{"0":"post-24480","1":"product","2":"type-product","3":"status-publish","4":"has-post-thumbnail","6":"product_cat-grok-ipuclari","7":"product_cat-modeller","8":"product_tag-durust","9":"product_tag-kod","10":"product_tag-vahsice","12":"first","13":"instock","14":"downloadable","15":"virtual","16":"product-type-simple"},"_links":{"self":[{"href":"https:\/\/prompt-place.com\/tr\/wp-json\/wp\/v2\/product\/24480","targetHints":{"allow":["GET"]}}],"collection":[{"href":"https:\/\/prompt-place.com\/tr\/wp-json\/wp\/v2\/product"}],"about":[{"href":"https:\/\/prompt-place.com\/tr\/wp-json\/wp\/v2\/types\/product"}],"replies":[{"embeddable":true,"href":"https:\/\/prompt-place.com\/tr\/wp-json\/wp\/v2\/comments?post=24480"}],"wp:featuredmedia":[{"embeddable":true,"href":"https:\/\/prompt-place.com\/tr\/wp-json\/wp\/v2\/media\/21684"}],"wp:attachment":[{"href":"https:\/\/prompt-place.com\/tr\/wp-json\/wp\/v2\/media?parent=24480"}],"wp:term":[{"taxonomy":"product_brand","embeddable":true,"href":"https:\/\/prompt-place.com\/tr\/wp-json\/wp\/v2\/product_brand?post=24480"},{"taxonomy":"product_cat","embeddable":true,"href":"https:\/\/prompt-place.com\/tr\/wp-json\/wp\/v2\/product_cat?post=24480"},{"taxonomy":"product_tag","embeddable":true,"href":"https:\/\/prompt-place.com\/tr\/wp-json\/wp\/v2\/product_tag?post=24480"}],"curies":[{"name":"wp","href":"https:\/\/api.w.org\/{rel}","templated":true}]}}