{"id":24478,"date":"2026-01-09T11:46:40","date_gmt":"2026-01-09T11:46:40","guid":{"rendered":"http:\/\/prompt-place.com\/product\/bilimsel-diyagram-basitlestirilmis-aciklama\/"},"modified":"2026-01-09T11:46:40","modified_gmt":"2026-01-09T11:46:40","slug":"bilimsel-diyagram-basitlestirilmis-aciklama","status":"publish","type":"product","link":"https:\/\/prompt-place.com\/tr\/urun\/bilimsel-diyagram-basitlestirilmis-aciklama\/","title":{"rendered":"Bilimsel Diyagram Basitle\u015ftirilmi\u015f A\u00e7\u0131klama"},"content":{"rendered":"<p>Bu bilgi istemi, bir yapay zekay\u0131 biyoloji, kimya, fizik, t\u0131p, m\u00fchendislik veya \u00e7evre biliminden bilimsel bir diyagram\u0131 al\u0131p \u00f6\u011frenciler veya uzman olmayanlar i\u00e7in uygun, net, ba\u015flang\u0131\u00e7 seviyesinde bir a\u00e7\u0131klamaya d\u00f6n\u00fc\u015ft\u00fcrmeye y\u00f6nlendirir.<\/p>\n<p>YZ, g\u00f6sterilmekte olan temel kavram\u0131 tan\u0131mlamal\u0131, s\u00fcreci ad\u0131m ad\u0131m a\u00e7\u0131klamal\u0131 ve ili\u015fkileri ve neden-sonu\u00e7lar\u0131 basit bir dille a\u00e7\u0131klamal\u0131d\u0131r. Bilimsel terimlere izin verilir, ancak sade kelimelerle a\u00e7\u0131klanmal\u0131d\u0131r ve yard\u0131mc\u0131 oldu\u011funda analojiler kullan\u0131labilir. <\/p>\n<p>Nihai a\u00e7\u0131klama be\u015f net b\u00f6l\u00fcm (genel bak\u0131\u015f, ad\u0131m ad\u0131m, anahtar kavramlar, yayg\u0131n yanl\u0131\u015f anlamalar ve son \u00f6zet) halinde yap\u0131land\u0131r\u0131lm\u0131\u015ft\u0131r ve gereksiz jargondan, g\u00f6rsel a\u00e7\u0131klamalardan veya diyagram taraf\u0131ndan desteklenmeyen ek bilgilerden ka\u00e7\u0131nmaktad\u0131r.<\/p>\n<p>Sonu\u00e7, derslerde, \u00e7al\u0131\u015fma k\u0131lavuzlar\u0131nda veya s\u0131n\u0131f sunumlar\u0131nda kullan\u0131labilecek eri\u015filebilir bir e\u011fitim a\u00e7\u0131klamas\u0131d\u0131r.<\/p>\n","protected":false},"excerpt":{"rendered":"<p>Bu bilgi istemi, bir yapay zekay\u0131 biyoloji, kimya, fizik, t\u0131p, m\u00fchendislik veya \u00e7evre biliminden bilimsel bir diyagram\u0131 al\u0131p \u00f6\u011frenciler veya uzman olmayanlar i\u00e7in uygun, net, ba\u015flang\u0131\u00e7 seviyesinde bir a\u00e7\u0131klamaya d\u00f6n\u00fc\u015ft\u00fcrmeye y\u00f6nlendirir. YZ, g\u00f6sterilmekte olan temel kavram\u0131 tan\u0131mlamal\u0131, s\u00fcreci ad\u0131m ad\u0131m a\u00e7\u0131klamal\u0131 ve ili\u015fkileri ve neden-sonu\u00e7lar\u0131 basit bir dille a\u00e7\u0131klamal\u0131d\u0131r. Bilimsel terimlere izin verilir, ancak sade [&hellip;]<\/p>\n","protected":false},"featured_media":21643,"comment_status":"open","ping_status":"closed","template":"","meta":[],"product_brand":[],"product_cat":[421,347],"product_tag":[3737],"class_list":{"0":"post-24478","1":"product","2":"type-product","3":"status-publish","4":"has-post-thumbnail","6":"product_cat-ikizler-burcu-ipuclari","7":"product_cat-modeller","8":"product_tag-bilimsel-diyagram","10":"first","11":"instock","12":"downloadable","13":"virtual","14":"product-type-simple"},"_links":{"self":[{"href":"https:\/\/prompt-place.com\/tr\/wp-json\/wp\/v2\/product\/24478","targetHints":{"allow":["GET"]}}],"collection":[{"href":"https:\/\/prompt-place.com\/tr\/wp-json\/wp\/v2\/product"}],"about":[{"href":"https:\/\/prompt-place.com\/tr\/wp-json\/wp\/v2\/types\/product"}],"replies":[{"embeddable":true,"href":"https:\/\/prompt-place.com\/tr\/wp-json\/wp\/v2\/comments?post=24478"}],"wp:featuredmedia":[{"embeddable":true,"href":"https:\/\/prompt-place.com\/tr\/wp-json\/wp\/v2\/media\/21643"}],"wp:attachment":[{"href":"https:\/\/prompt-place.com\/tr\/wp-json\/wp\/v2\/media?parent=24478"}],"wp:term":[{"taxonomy":"product_brand","embeddable":true,"href":"https:\/\/prompt-place.com\/tr\/wp-json\/wp\/v2\/product_brand?post=24478"},{"taxonomy":"product_cat","embeddable":true,"href":"https:\/\/prompt-place.com\/tr\/wp-json\/wp\/v2\/product_cat?post=24478"},{"taxonomy":"product_tag","embeddable":true,"href":"https:\/\/prompt-place.com\/tr\/wp-json\/wp\/v2\/product_tag?post=24478"}],"curies":[{"name":"wp","href":"https:\/\/api.w.org\/{rel}","templated":true}]}}