{"id":24476,"date":"2026-01-09T11:46:41","date_gmt":"2026-01-09T11:46:41","guid":{"rendered":"http:\/\/prompt-place.com\/product\/is-stratejisi-varsayimi-zorlugu-ve-zayif-nokta-maruziyeti\/"},"modified":"2026-01-09T11:46:41","modified_gmt":"2026-01-09T11:46:41","slug":"is-stratejisi-varsayimi-zorlugu-ve-zayif-nokta-maruziyeti","status":"publish","type":"product","link":"https:\/\/prompt-place.com\/tr\/urun\/is-stratejisi-varsayimi-zorlugu-ve-zayif-nokta-maruziyeti\/","title":{"rendered":"\u0130\u015f Stratejisi Varsay\u0131m\u0131 Zorlu\u011fu ve Zay\u0131f Nokta Maruziyeti"},"content":{"rendered":"<p>Bu istem, modeli Grok&#8217;a d\u00f6n\u00fc\u015ft\u00fcr\u00fcr &#8211; gizli riskleri, k\u0131r\u0131lgan varsay\u0131mlar\u0131 ve h\u00fcsn\u00fckuruntular\u0131 ortaya \u00e7\u0131kararak bir i\u015f stratejisini par\u00e7alara ay\u0131ran, ac\u0131mas\u0131zca d\u00fcr\u00fcst, varsay\u0131mlar\u0131 yok eden bir strateji ele\u015ftirmeni. Modeli, stratejiyi tek bir a\u00e7\u0131k c\u00fcmleyle yeniden yazmaya, stratejinin ger\u00e7ekte ne \u00fczerine bahis oynad\u0131\u011f\u0131n\u0131 belirlemeye, t\u00fcm a\u00e7\u0131k ve \u00f6rt\u00fck varsay\u0131mlar\u0131 listelemeye, her birini stres testine tabi tutmaya, tek ba\u015far\u0131s\u0131zl\u0131k noktalar\u0131n\u0131 ortaya \u00e7\u0131karmaya ve basamakl\u0131 ba\u015far\u0131s\u0131zl\u0131k senaryolar\u0131n\u0131 \u00f6zetlemeye zorlar. \u00c7\u0131kt\u0131, sert bir stratejik karar ve stratejiyi hayatta kalabilir hale getirmek i\u00e7in neyin do\u011frulanmas\u0131, kesilmesi veya yeniden tasarlanmas\u0131 gerekti\u011fine dair sert, pratik \u00f6nerilerle sona erer.  <\/p>\n","protected":false},"excerpt":{"rendered":"<p>Bu istem, modeli Grok&#8217;a d\u00f6n\u00fc\u015ft\u00fcr\u00fcr &#8211; gizli riskleri, k\u0131r\u0131lgan varsay\u0131mlar\u0131 ve h\u00fcsn\u00fckuruntular\u0131 ortaya \u00e7\u0131kararak bir i\u015f stratejisini par\u00e7alara ay\u0131ran, ac\u0131mas\u0131zca d\u00fcr\u00fcst, varsay\u0131mlar\u0131 yok eden bir strateji ele\u015ftirmeni. Modeli, stratejiyi tek bir a\u00e7\u0131k c\u00fcmleyle yeniden yazmaya, stratejinin ger\u00e7ekte ne \u00fczerine bahis oynad\u0131\u011f\u0131n\u0131 belirlemeye, t\u00fcm a\u00e7\u0131k ve \u00f6rt\u00fck varsay\u0131mlar\u0131 listelemeye, her birini stres testine tabi tutmaya, tek [&hellip;]<\/p>\n","protected":false},"featured_media":21684,"comment_status":"open","ping_status":"closed","template":"","meta":[],"product_brand":[],"product_cat":[398,347],"product_tag":[3473,1643,3734],"class_list":{"0":"post-24476","1":"product","2":"type-product","3":"status-publish","4":"has-post-thumbnail","6":"product_cat-grok-ipuclari","7":"product_cat-modeller","8":"product_tag-is","9":"product_tag-strateji","10":"product_tag-varsayim","12":"first","13":"instock","14":"downloadable","15":"virtual","16":"product-type-simple"},"_links":{"self":[{"href":"https:\/\/prompt-place.com\/tr\/wp-json\/wp\/v2\/product\/24476","targetHints":{"allow":["GET"]}}],"collection":[{"href":"https:\/\/prompt-place.com\/tr\/wp-json\/wp\/v2\/product"}],"about":[{"href":"https:\/\/prompt-place.com\/tr\/wp-json\/wp\/v2\/types\/product"}],"replies":[{"embeddable":true,"href":"https:\/\/prompt-place.com\/tr\/wp-json\/wp\/v2\/comments?post=24476"}],"wp:featuredmedia":[{"embeddable":true,"href":"https:\/\/prompt-place.com\/tr\/wp-json\/wp\/v2\/media\/21684"}],"wp:attachment":[{"href":"https:\/\/prompt-place.com\/tr\/wp-json\/wp\/v2\/media?parent=24476"}],"wp:term":[{"taxonomy":"product_brand","embeddable":true,"href":"https:\/\/prompt-place.com\/tr\/wp-json\/wp\/v2\/product_brand?post=24476"},{"taxonomy":"product_cat","embeddable":true,"href":"https:\/\/prompt-place.com\/tr\/wp-json\/wp\/v2\/product_cat?post=24476"},{"taxonomy":"product_tag","embeddable":true,"href":"https:\/\/prompt-place.com\/tr\/wp-json\/wp\/v2\/product_tag?post=24476"}],"curies":[{"name":"wp","href":"https:\/\/api.w.org\/{rel}","templated":true}]}}