{"id":24472,"date":"2026-01-09T11:46:40","date_gmt":"2026-01-09T11:46:40","guid":{"rendered":"http:\/\/prompt-place.com\/product\/sosyal-medya-ekran-goruntusu-duygu-analizi\/"},"modified":"2026-01-09T11:46:40","modified_gmt":"2026-01-09T11:46:40","slug":"sosyal-medya-ekran-goruntusu-duygu-analizi","status":"publish","type":"product","link":"https:\/\/prompt-place.com\/tr\/urun\/sosyal-medya-ekran-goruntusu-duygu-analizi\/","title":{"rendered":"Sosyal Medya Ekran G\u00f6r\u00fcnt\u00fcs\u00fc Duygu Analizi"},"content":{"rendered":"<p>Bu istem, bir yapay zekay\u0131 sosyal medya g\u00f6nderilerinden, yorumlardan, konu ba\u015fl\u0131klar\u0131ndan, yan\u0131tlardan, incelemelerden veya do\u011frudan mesajlardan ekran g\u00f6r\u00fcnt\u00fclerini analiz etmeye ve altta yatan duyguyu, duygusal tonu ve kullan\u0131c\u0131 tutumunu \u00e7\u0131karmaya y\u00f6nlendirir.<\/p>\n<p>Model, ba\u011flam\u0131 (platform, etkile\u015fim t\u00fcr\u00fc, kat\u0131l\u0131mc\u0131lar) tan\u0131mlamal\u0131, duygular\u0131 s\u0131n\u0131fland\u0131rmal\u0131 (olumlu, olumsuz, n\u00f6tr veya kar\u0131\u015f\u0131k) ve heyecan, hayal k\u0131r\u0131kl\u0131\u011f\u0131, alay, g\u00fcven veya \u00f6fke gibi duygusal katmanlar\u0131 tespit etmelidir. \u0130fadeler, emojiler, noktalama i\u015faretleri veya ton de\u011fi\u015fimleri gibi ipu\u00e7lar\u0131n\u0131 kullanarak duygunun yo\u011funlu\u011funu de\u011ferlendirmelidir. <\/p>\n<p>Yapay zeka ayr\u0131ca birden fazla ekran g\u00f6r\u00fcnt\u00fcs\u00fcndeki kal\u0131plar\u0131 tan\u0131mlamal\u0131, bireysel yorumlar\u0131 daha geni\u015f grup duyarl\u0131l\u0131\u011f\u0131ndan ay\u0131rt etmeli ve memler, mizah veya platform k\u00fclt\u00fcr\u00fc gibi ba\u011flamsal fakt\u00f6rleri hesaba katmal\u0131d\u0131r. \u00c7\u0131kt\u0131, risklere, f\u0131rsatlara ve \u00f6nerilen eylemlere i\u015faret ederek, ilgili oldu\u011funda i\u015f veya marka \u00e7\u0131kar\u0131mlar\u0131n\u0131 i\u00e7ermelidir. <\/p>\n<p>Nihai yap\u0131land\u0131r\u0131lm\u0131\u015f \u00e7\u0131kt\u0131 (ba\u011flam, duyarl\u0131l\u0131k, sinyaller, yorumlama, eylemler) sosyal dinleme, marka izleme, topluluk y\u00f6netimi ve m\u00fc\u015fteri deneyimi analizinde kullan\u0131lmak \u00fczere tasarlanm\u0131\u015ft\u0131r.<\/p>\n","protected":false},"excerpt":{"rendered":"<p>Bu istem, bir yapay zekay\u0131 sosyal medya g\u00f6nderilerinden, yorumlardan, konu ba\u015fl\u0131klar\u0131ndan, yan\u0131tlardan, incelemelerden veya do\u011frudan mesajlardan ekran g\u00f6r\u00fcnt\u00fclerini analiz etmeye ve altta yatan duyguyu, duygusal tonu ve kullan\u0131c\u0131 tutumunu \u00e7\u0131karmaya y\u00f6nlendirir. Model, ba\u011flam\u0131 (platform, etkile\u015fim t\u00fcr\u00fc, kat\u0131l\u0131mc\u0131lar) tan\u0131mlamal\u0131, duygular\u0131 s\u0131n\u0131fland\u0131rmal\u0131 (olumlu, olumsuz, n\u00f6tr veya kar\u0131\u015f\u0131k) ve heyecan, hayal k\u0131r\u0131kl\u0131\u011f\u0131, alay, g\u00fcven veya \u00f6fke gibi duygusal [&hellip;]<\/p>\n","protected":false},"featured_media":21643,"comment_status":"open","ping_status":"closed","template":"","meta":[],"product_brand":[],"product_cat":[421,347],"product_tag":[3731],"class_list":{"0":"post-24472","1":"product","2":"type-product","3":"status-publish","4":"has-post-thumbnail","6":"product_cat-ikizler-burcu-ipuclari","7":"product_cat-modeller","8":"product_tag-sosyal-medya-2","10":"first","11":"instock","12":"downloadable","13":"virtual","14":"product-type-simple"},"_links":{"self":[{"href":"https:\/\/prompt-place.com\/tr\/wp-json\/wp\/v2\/product\/24472","targetHints":{"allow":["GET"]}}],"collection":[{"href":"https:\/\/prompt-place.com\/tr\/wp-json\/wp\/v2\/product"}],"about":[{"href":"https:\/\/prompt-place.com\/tr\/wp-json\/wp\/v2\/types\/product"}],"replies":[{"embeddable":true,"href":"https:\/\/prompt-place.com\/tr\/wp-json\/wp\/v2\/comments?post=24472"}],"wp:featuredmedia":[{"embeddable":true,"href":"https:\/\/prompt-place.com\/tr\/wp-json\/wp\/v2\/media\/21643"}],"wp:attachment":[{"href":"https:\/\/prompt-place.com\/tr\/wp-json\/wp\/v2\/media?parent=24472"}],"wp:term":[{"taxonomy":"product_brand","embeddable":true,"href":"https:\/\/prompt-place.com\/tr\/wp-json\/wp\/v2\/product_brand?post=24472"},{"taxonomy":"product_cat","embeddable":true,"href":"https:\/\/prompt-place.com\/tr\/wp-json\/wp\/v2\/product_cat?post=24472"},{"taxonomy":"product_tag","embeddable":true,"href":"https:\/\/prompt-place.com\/tr\/wp-json\/wp\/v2\/product_tag?post=24472"}],"curies":[{"name":"wp","href":"https:\/\/api.w.org\/{rel}","templated":true}]}}