{"id":24469,"date":"2026-01-09T11:46:40","date_gmt":"2026-01-09T11:46:40","guid":{"rendered":"http:\/\/prompt-place.com\/product\/gorsel-ilhamdan-urun-ozelligi-fikrine\/"},"modified":"2026-01-09T11:46:40","modified_gmt":"2026-01-09T11:46:40","slug":"gorsel-ilhamdan-urun-ozelligi-fikrine","status":"publish","type":"product","link":"https:\/\/prompt-place.com\/tr\/urun\/gorsel-ilhamdan-urun-ozelligi-fikrine\/","title":{"rendered":"G\u00f6rsel \u0130lhamdan \u00dcr\u00fcn \u00d6zelli\u011fi Fikrine"},"content":{"rendered":"<p>Bu istem, bir yapay zekaya sa\u011flanan g\u00f6rsel ilham\u0131 (kullan\u0131c\u0131 aray\u00fcz\u00fc par\u00e7alar\u0131, ruh hali panolar\u0131, konsept sanat, \u00fcr\u00fcn foto\u011fraflar\u0131 vb. gibi) analiz etme ve bunlar\u0131 ayr\u0131nt\u0131l\u0131, y\u00fcksek de\u011ferli \u00fcr\u00fcn \u00f6zelli\u011fi fikirlerine d\u00f6n\u00fc\u015ft\u00fcrme talimat\u0131 verir.<\/p>\n<p>Model, g\u00f6rselleri yaln\u0131zca stile g\u00f6re de\u011fil, ima edilen yap\u0131y\u0131, etkile\u015fim kal\u0131plar\u0131n\u0131, metaforlar\u0131 ve kullan\u0131c\u0131 deneyimi ipu\u00e7lar\u0131n\u0131 \u00e7\u0131kararak yorumlamal\u0131d\u0131r. Daha sonra potansiyel kullan\u0131c\u0131 hedeflerini ve sorunlar\u0131n\u0131 tan\u0131mlar (varsay\u0131mlar\u0131 a\u00e7\u0131k\u00e7a i\u015faretlerken) ve ger\u00e7ek kullan\u0131c\u0131 de\u011ferine dayanan eyleme ge\u00e7irilebilir \u00fcr\u00fcn \u00f6zellikleri \u00fcretir. <\/p>\n<p>Olu\u015fturulan her \u00f6zellik i\u00e7in yapay zeka bir ad, a\u00e7\u0131klama, \u00e7\u00f6zd\u00fc\u011f\u00fc kullan\u0131c\u0131 sorunu, nas\u0131l \u00e7al\u0131\u015ft\u0131\u011f\u0131, neden de\u011ferli oldu\u011fu ve ilgili etkile\u015fim\/UX ayr\u0131nt\u0131lar\u0131n\u0131 sa\u011flamal\u0131d\u0131r.<\/p>\n<p>\u00c7\u0131kt\u0131 ayr\u0131ca, hangi \u00f6zelliklerin y\u00fcksek etkili veya temel, hangilerinin deneysel oldu\u011funu ve hangilerinin MVP&#8217;ye hangilerinin gelecekteki yinelemelere ait oldu\u011funu g\u00f6steren \u00f6nceliklendirme k\u0131lavuzunu da i\u00e7erir.<\/p>\n<p>Nihai cevap d\u00f6rt b\u00f6l\u00fcmden olu\u015fan yap\u0131land\u0131r\u0131lm\u0131\u015f bir format izlemelidir: g\u00f6rsel ilham \u00f6zeti, \u00e7\u0131kar\u0131lan deneyim kal\u0131plar\u0131, ayr\u0131nt\u0131l\u0131 \u00f6zellik fikirleri ve \u00f6nceliklendirme\/sonraki ad\u0131mlar.<\/p>\n","protected":false},"excerpt":{"rendered":"<p>Bu istem, bir yapay zekaya sa\u011flanan g\u00f6rsel ilham\u0131 (kullan\u0131c\u0131 aray\u00fcz\u00fc par\u00e7alar\u0131, ruh hali panolar\u0131, konsept sanat, \u00fcr\u00fcn foto\u011fraflar\u0131 vb. gibi) analiz etme ve bunlar\u0131 ayr\u0131nt\u0131l\u0131, y\u00fcksek de\u011ferli \u00fcr\u00fcn \u00f6zelli\u011fi fikirlerine d\u00f6n\u00fc\u015ft\u00fcrme talimat\u0131 verir. Model, g\u00f6rselleri yaln\u0131zca stile g\u00f6re de\u011fil, ima edilen yap\u0131y\u0131, etkile\u015fim kal\u0131plar\u0131n\u0131, metaforlar\u0131 ve kullan\u0131c\u0131 deneyimi ipu\u00e7lar\u0131n\u0131 \u00e7\u0131kararak yorumlamal\u0131d\u0131r. Daha sonra potansiyel kullan\u0131c\u0131 [&hellip;]<\/p>\n","protected":false},"featured_media":21643,"comment_status":"open","ping_status":"closed","template":"","meta":[],"product_brand":[],"product_cat":[421,347],"product_tag":[3728],"class_list":{"0":"post-24469","1":"product","2":"type-product","3":"status-publish","4":"has-post-thumbnail","6":"product_cat-ikizler-burcu-ipuclari","7":"product_cat-modeller","8":"product_tag-gorsel-ilham","10":"first","11":"instock","12":"downloadable","13":"virtual","14":"product-type-simple"},"_links":{"self":[{"href":"https:\/\/prompt-place.com\/tr\/wp-json\/wp\/v2\/product\/24469","targetHints":{"allow":["GET"]}}],"collection":[{"href":"https:\/\/prompt-place.com\/tr\/wp-json\/wp\/v2\/product"}],"about":[{"href":"https:\/\/prompt-place.com\/tr\/wp-json\/wp\/v2\/types\/product"}],"replies":[{"embeddable":true,"href":"https:\/\/prompt-place.com\/tr\/wp-json\/wp\/v2\/comments?post=24469"}],"wp:featuredmedia":[{"embeddable":true,"href":"https:\/\/prompt-place.com\/tr\/wp-json\/wp\/v2\/media\/21643"}],"wp:attachment":[{"href":"https:\/\/prompt-place.com\/tr\/wp-json\/wp\/v2\/media?parent=24469"}],"wp:term":[{"taxonomy":"product_brand","embeddable":true,"href":"https:\/\/prompt-place.com\/tr\/wp-json\/wp\/v2\/product_brand?post=24469"},{"taxonomy":"product_cat","embeddable":true,"href":"https:\/\/prompt-place.com\/tr\/wp-json\/wp\/v2\/product_cat?post=24469"},{"taxonomy":"product_tag","embeddable":true,"href":"https:\/\/prompt-place.com\/tr\/wp-json\/wp\/v2\/product_tag?post=24469"}],"curies":[{"name":"wp","href":"https:\/\/api.w.org\/{rel}","templated":true}]}}