{"id":24466,"date":"2026-01-09T11:46:40","date_gmt":"2026-01-09T11:46:40","guid":{"rendered":"http:\/\/prompt-place.com\/product\/rakip-web-sitesi-karsilastirmasi\/"},"modified":"2026-01-09T11:46:40","modified_gmt":"2026-01-09T11:46:40","slug":"rakip-web-sitesi-karsilastirmasi","status":"publish","type":"product","link":"https:\/\/prompt-place.com\/tr\/urun\/rakip-web-sitesi-karsilastirmasi\/","title":{"rendered":"Rakip Web Sitesi Kar\u015f\u0131la\u015ft\u0131rmas\u0131"},"content":{"rendered":"<p>Bu istem, bir yapay zekaya birden fazla rakip web sitesi ekran g\u00f6r\u00fcnt\u00fcs\u00fcn\u00fcn yap\u0131land\u0131r\u0131lm\u0131\u015f bir rekabet analizini ger\u00e7ekle\u015ftirme talimat\u0131 verir. YZ her sitenin amac\u0131n\u0131, de\u011fer \u00f6nerisini, ileti\u015fim netli\u011fini, UX ak\u0131\u015f\u0131n\u0131, g\u00fcven sinyallerini, g\u00fc\u00e7l\u00fc ve zay\u0131f y\u00f6nlerini ve genel konumland\u0131rmas\u0131n\u0131 de\u011ferlendirmelidir. <\/p>\n<p>Model, daha g\u00fc\u00e7l\u00fc mesajlar, daha net kullan\u0131c\u0131 rehberli\u011fi, daha iyi hiyerar\u015fi, daha g\u00fcvenilir g\u00fcven sinyalleri veya \u00fcst\u00fcn d\u00f6n\u00fc\u015f\u00fcm mant\u0131\u011f\u0131 gibi ger\u00e7ek rekabet avantajlar\u0131n\u0131 belirlemek i\u00e7in siteleri yan yana kar\u015f\u0131la\u015ft\u0131r\u0131rken bunlar\u0131 k\u00fc\u00e7\u00fck veya tamamen estetik farkl\u0131l\u0131klardan ay\u0131r\u0131r.<\/p>\n<p>Yapay zeka ayr\u0131ca her bir rakibin tasar\u0131m\u0131ndaki zay\u0131fl\u0131klar\u0131 ve ka\u00e7\u0131r\u0131lan f\u0131rsatlar\u0131 tespit etmeli ve analizi yapan i\u015fletme i\u00e7in stratejik \u00e7\u0131kar\u0131mlar\u0131 ve f\u0131rsatlar\u0131 ifade etmelidir.<\/p>\n<p>Nihai \u00e7\u0131kt\u0131 d\u00f6rt b\u00f6l\u00fcm halinde d\u00fczenlenmi\u015ftir (genel bak\u0131\u015f, g\u00fc\u00e7l\u00fc\/zay\u0131f y\u00f6nler, rekabet avantajlar\u0131, stratejik \u00e7\u0131kar\u0131mlar) ve \u00fcr\u00fcn stratejisi, UX yeniden tasar\u0131m\u0131 veya pazarlama konumland\u0131rmas\u0131nda kullan\u0131lmaya uygundur.<\/p>\n","protected":false},"excerpt":{"rendered":"<p>Bu istem, bir yapay zekaya birden fazla rakip web sitesi ekran g\u00f6r\u00fcnt\u00fcs\u00fcn\u00fcn yap\u0131land\u0131r\u0131lm\u0131\u015f bir rekabet analizini ger\u00e7ekle\u015ftirme talimat\u0131 verir. YZ her sitenin amac\u0131n\u0131, de\u011fer \u00f6nerisini, ileti\u015fim netli\u011fini, UX ak\u0131\u015f\u0131n\u0131, g\u00fcven sinyallerini, g\u00fc\u00e7l\u00fc ve zay\u0131f y\u00f6nlerini ve genel konumland\u0131rmas\u0131n\u0131 de\u011ferlendirmelidir. Model, daha g\u00fc\u00e7l\u00fc mesajlar, daha net kullan\u0131c\u0131 rehberli\u011fi, daha iyi hiyerar\u015fi, daha g\u00fcvenilir g\u00fcven sinyalleri veya [&hellip;]<\/p>\n","protected":false},"featured_media":21643,"comment_status":"open","ping_status":"closed","template":"","meta":[],"product_brand":[],"product_cat":[421,347],"product_tag":[3725],"class_list":{"0":"post-24466","1":"product","2":"type-product","3":"status-publish","4":"has-post-thumbnail","6":"product_cat-ikizler-burcu-ipuclari","7":"product_cat-modeller","8":"product_tag-rakip-web-sitesi","10":"first","11":"instock","12":"downloadable","13":"virtual","14":"product-type-simple"},"_links":{"self":[{"href":"https:\/\/prompt-place.com\/tr\/wp-json\/wp\/v2\/product\/24466","targetHints":{"allow":["GET"]}}],"collection":[{"href":"https:\/\/prompt-place.com\/tr\/wp-json\/wp\/v2\/product"}],"about":[{"href":"https:\/\/prompt-place.com\/tr\/wp-json\/wp\/v2\/types\/product"}],"replies":[{"embeddable":true,"href":"https:\/\/prompt-place.com\/tr\/wp-json\/wp\/v2\/comments?post=24466"}],"wp:featuredmedia":[{"embeddable":true,"href":"https:\/\/prompt-place.com\/tr\/wp-json\/wp\/v2\/media\/21643"}],"wp:attachment":[{"href":"https:\/\/prompt-place.com\/tr\/wp-json\/wp\/v2\/media?parent=24466"}],"wp:term":[{"taxonomy":"product_brand","embeddable":true,"href":"https:\/\/prompt-place.com\/tr\/wp-json\/wp\/v2\/product_brand?post=24466"},{"taxonomy":"product_cat","embeddable":true,"href":"https:\/\/prompt-place.com\/tr\/wp-json\/wp\/v2\/product_cat?post=24466"},{"taxonomy":"product_tag","embeddable":true,"href":"https:\/\/prompt-place.com\/tr\/wp-json\/wp\/v2\/product_tag?post=24466"}],"curies":[{"name":"wp","href":"https:\/\/api.w.org\/{rel}","templated":true}]}}