{"id":24465,"date":"2026-01-09T11:46:36","date_gmt":"2026-01-09T11:46:36","guid":{"rendered":"http:\/\/prompt-place.com\/product\/logo-karsilastirmasi-ve-etki-siralamasi\/"},"modified":"2026-01-09T11:46:36","modified_gmt":"2026-01-09T11:46:36","slug":"logo-karsilastirmasi-ve-etki-siralamasi","status":"publish","type":"product","link":"https:\/\/prompt-place.com\/tr\/urun\/logo-karsilastirmasi-ve-etki-siralamasi\/","title":{"rendered":"Logo Kar\u015f\u0131la\u015ft\u0131rmas\u0131 ve Etki S\u0131ralamas\u0131"},"content":{"rendered":"<p>Bu istem, bir yapay zeka modeline profesyonel bir marka stratejisti olarak birden fazla logo teklifini de\u011ferlendirme talimat\u0131 veriyor. YZ, logolar\u0131 yan yana kar\u015f\u0131la\u015ft\u0131rmal\u0131 ve netlik, tan\u0131nabilirlik, sekt\u00f6rle alaka d\u00fczeyi, g\u00f6rsel etki, \u00f6l\u00e7eklenebilirlik ve pratik uygulamaya g\u00f6re de\u011ferlendirmelidir. \u00d6znel veya zevke dayal\u0131 yarg\u0131lardan ka\u00e7\u0131n\u0131rken her bir logonun g\u00fc\u00e7l\u00fc ve zay\u0131f y\u00f6nleri ile potansiyel sorunlar\u0131n\u0131 belirlemelidir. Yapay zeka daha sonra marka mant\u0131\u011f\u0131na dayanan net gerek\u00e7elerle en g\u00fc\u00e7l\u00fcden en zay\u0131fa do\u011fru s\u0131ralanm\u0131\u015f bir liste olu\u015fturmal\u0131d\u0131r. Son olarak, payda\u015flar i\u00e7in ger\u00e7ek d\u00fcnyadaki bir markala\u015fma karar\u0131n\u0131 desteklemek \u00fczere bir logonun se\u00e7ilmesi veya iyile\u015ftirilmesi de dahil olmak \u00fczere eyleme ge\u00e7irilebilir \u00f6neriler sunmal\u0131d\u0131r.    <\/p>\n","protected":false},"excerpt":{"rendered":"<p>Bu istem, bir yapay zeka modeline profesyonel bir marka stratejisti olarak birden fazla logo teklifini de\u011ferlendirme talimat\u0131 veriyor. YZ, logolar\u0131 yan yana kar\u015f\u0131la\u015ft\u0131rmal\u0131 ve netlik, tan\u0131nabilirlik, sekt\u00f6rle alaka d\u00fczeyi, g\u00f6rsel etki, \u00f6l\u00e7eklenebilirlik ve pratik uygulamaya g\u00f6re de\u011ferlendirmelidir. \u00d6znel veya zevke dayal\u0131 yarg\u0131lardan ka\u00e7\u0131n\u0131rken her bir logonun g\u00fc\u00e7l\u00fc ve zay\u0131f y\u00f6nleri ile potansiyel sorunlar\u0131n\u0131 belirlemelidir. Yapay [&hellip;]<\/p>\n","protected":false},"featured_media":21643,"comment_status":"open","ping_status":"closed","template":"","meta":[],"product_brand":[],"product_cat":[421,347],"product_tag":[3724],"class_list":{"0":"post-24465","1":"product","2":"type-product","3":"status-publish","4":"has-post-thumbnail","6":"product_cat-ikizler-burcu-ipuclari","7":"product_cat-modeller","8":"product_tag-logo-karsilastirmasi","10":"first","11":"instock","12":"downloadable","13":"virtual","14":"product-type-simple"},"_links":{"self":[{"href":"https:\/\/prompt-place.com\/tr\/wp-json\/wp\/v2\/product\/24465","targetHints":{"allow":["GET"]}}],"collection":[{"href":"https:\/\/prompt-place.com\/tr\/wp-json\/wp\/v2\/product"}],"about":[{"href":"https:\/\/prompt-place.com\/tr\/wp-json\/wp\/v2\/types\/product"}],"replies":[{"embeddable":true,"href":"https:\/\/prompt-place.com\/tr\/wp-json\/wp\/v2\/comments?post=24465"}],"wp:featuredmedia":[{"embeddable":true,"href":"https:\/\/prompt-place.com\/tr\/wp-json\/wp\/v2\/media\/21643"}],"wp:attachment":[{"href":"https:\/\/prompt-place.com\/tr\/wp-json\/wp\/v2\/media?parent=24465"}],"wp:term":[{"taxonomy":"product_brand","embeddable":true,"href":"https:\/\/prompt-place.com\/tr\/wp-json\/wp\/v2\/product_brand?post=24465"},{"taxonomy":"product_cat","embeddable":true,"href":"https:\/\/prompt-place.com\/tr\/wp-json\/wp\/v2\/product_cat?post=24465"},{"taxonomy":"product_tag","embeddable":true,"href":"https:\/\/prompt-place.com\/tr\/wp-json\/wp\/v2\/product_tag?post=24465"}],"curies":[{"name":"wp","href":"https:\/\/api.w.org\/{rel}","templated":true}]}}