{"id":24464,"date":"2026-01-09T11:46:35","date_gmt":"2026-01-09T11:46:35","guid":{"rendered":"http:\/\/prompt-place.com\/product\/yonetici-veri-ozeti\/"},"modified":"2026-01-09T11:46:35","modified_gmt":"2026-01-09T11:46:35","slug":"yonetici-veri-ozeti","status":"publish","type":"product","link":"https:\/\/prompt-place.com\/tr\/urun\/yonetici-veri-ozeti\/","title":{"rendered":"Y\u00f6netici Veri \u00d6zeti"},"content":{"rendered":"<p>Bu istem, bir yapay zeka modeline ham grafikleri ve g\u00f6sterge tablolar\u0131n\u0131 a\u00e7\u0131k ve sade bir dille yaz\u0131lm\u0131\u015f k\u0131sa, y\u00f6netici d\u00fczeyinde bir \u00f6zete d\u00f6n\u00fc\u015ft\u00fcrme talimat\u0131 verir. En \u00f6nemli trendlerin ve istisnalar\u0131n belirlenmesi, bunlar\u0131n anlaml\u0131 i\u015f sonu\u00e7lar\u0131na d\u00f6n\u00fc\u015ft\u00fcr\u00fclmesi ve g\u00f6rsel a\u00e7\u0131klamalar veya teknik ayr\u0131nt\u0131lar olmadan risklerin, f\u0131rsatlar\u0131n veya gerekli kararlar\u0131n vurgulanmas\u0131 gerekir. Sonu\u00e7, netlik, uygunluk ve eyleme ge\u00e7irilebilir i\u00e7g\u00f6r\u00fclere \u00f6ncelik veren \u00fcst d\u00fczey liderlik i\u00e7in \u00f6zel olarak tasarlanm\u0131\u015f, odaklanm\u0131\u015f, y\u00fcksek etkili bir genel bak\u0131\u015f.  <\/p>\n","protected":false},"excerpt":{"rendered":"<p>Bu istem, bir yapay zeka modeline ham grafikleri ve g\u00f6sterge tablolar\u0131n\u0131 a\u00e7\u0131k ve sade bir dille yaz\u0131lm\u0131\u015f k\u0131sa, y\u00f6netici d\u00fczeyinde bir \u00f6zete d\u00f6n\u00fc\u015ft\u00fcrme talimat\u0131 verir. En \u00f6nemli trendlerin ve istisnalar\u0131n belirlenmesi, bunlar\u0131n anlaml\u0131 i\u015f sonu\u00e7lar\u0131na d\u00f6n\u00fc\u015ft\u00fcr\u00fclmesi ve g\u00f6rsel a\u00e7\u0131klamalar veya teknik ayr\u0131nt\u0131lar olmadan risklerin, f\u0131rsatlar\u0131n veya gerekli kararlar\u0131n vurgulanmas\u0131 gerekir. Sonu\u00e7, netlik, uygunluk ve eyleme [&hellip;]<\/p>\n","protected":false},"featured_media":21643,"comment_status":"open","ping_status":"closed","template":"","meta":[],"product_brand":[],"product_cat":[421,347],"product_tag":[3723],"class_list":{"0":"post-24464","1":"product","2":"type-product","3":"status-publish","4":"has-post-thumbnail","6":"product_cat-ikizler-burcu-ipuclari","7":"product_cat-modeller","8":"product_tag-yonetici-verileri","10":"first","11":"instock","12":"downloadable","13":"virtual","14":"product-type-simple"},"_links":{"self":[{"href":"https:\/\/prompt-place.com\/tr\/wp-json\/wp\/v2\/product\/24464","targetHints":{"allow":["GET"]}}],"collection":[{"href":"https:\/\/prompt-place.com\/tr\/wp-json\/wp\/v2\/product"}],"about":[{"href":"https:\/\/prompt-place.com\/tr\/wp-json\/wp\/v2\/types\/product"}],"replies":[{"embeddable":true,"href":"https:\/\/prompt-place.com\/tr\/wp-json\/wp\/v2\/comments?post=24464"}],"wp:featuredmedia":[{"embeddable":true,"href":"https:\/\/prompt-place.com\/tr\/wp-json\/wp\/v2\/media\/21643"}],"wp:attachment":[{"href":"https:\/\/prompt-place.com\/tr\/wp-json\/wp\/v2\/media?parent=24464"}],"wp:term":[{"taxonomy":"product_brand","embeddable":true,"href":"https:\/\/prompt-place.com\/tr\/wp-json\/wp\/v2\/product_brand?post=24464"},{"taxonomy":"product_cat","embeddable":true,"href":"https:\/\/prompt-place.com\/tr\/wp-json\/wp\/v2\/product_cat?post=24464"},{"taxonomy":"product_tag","embeddable":true,"href":"https:\/\/prompt-place.com\/tr\/wp-json\/wp\/v2\/product_tag?post=24464"}],"curies":[{"name":"wp","href":"https:\/\/api.w.org\/{rel}","templated":true}]}}