{"id":24459,"date":"2026-01-09T11:46:35","date_gmt":"2026-01-09T11:46:35","guid":{"rendered":"http:\/\/prompt-place.com\/product\/magaza-raf-fiyat-karsilastirmasi\/"},"modified":"2026-01-09T11:46:35","modified_gmt":"2026-01-09T11:46:35","slug":"magaza-raf-fiyat-karsilastirmasi","status":"publish","type":"product","link":"https:\/\/prompt-place.com\/tr\/urun\/magaza-raf-fiyat-karsilastirmasi\/","title":{"rendered":"Ma\u011faza Raf Fiyat Kar\u015f\u0131la\u015ft\u0131rmas\u0131"},"content":{"rendered":"<p>Bu istem, bir yapay zeka modeline ma\u011faza raf foto\u011fraflar\u0131n\u0131 analiz etme ve \u00fcr\u00fcnler ve konumlar aras\u0131ndaki fiyat tutars\u0131zl\u0131klar\u0131n\u0131 tespit etme talimat\u0131 verir. \u00dcr\u00fcnlerin tan\u0131mlanmas\u0131n\u0131, g\u00f6r\u00fcn\u00fcr fiyatlar\u0131n \u00e7\u0131kar\u0131lmas\u0131n\u0131, birden fazla g\u00f6r\u00fcnt\u00fcde kar\u015f\u0131la\u015ft\u0131r\u0131lmas\u0131n\u0131 ve uyumsuzluklar\u0131n, eksik etiketlerin, net olmayan ili\u015fkilerin veya potansiyel fiyatland\u0131rma hatalar\u0131n\u0131n listelenmesini gerektirir. Model, bu tutars\u0131zl\u0131klar\u0131n i\u015f \u00fczerindeki etkisini a\u00e7\u0131klamal\u0131 ve \u00f6nem derecesine g\u00f6re \u00f6nceliklendirilmi\u015f eyleme ge\u00e7irilebilir d\u00fczeltici \u00f6neriler sunmal\u0131d\u0131r. Bu istem, perakende denetimleri, uyumluluk incelemeleri, operasyonel kalite g\u00fcvencesi ve g\u00fcveni korumak ve gelir veya yasal sorunlar\u0131 \u00f6nlemek i\u00e7in do\u011fru raf fiyatland\u0131rmas\u0131n\u0131 sa\u011flamak i\u00e7in idealdir.   <\/p>\n","protected":false},"excerpt":{"rendered":"<p>Bu istem, bir yapay zeka modeline ma\u011faza raf foto\u011fraflar\u0131n\u0131 analiz etme ve \u00fcr\u00fcnler ve konumlar aras\u0131ndaki fiyat tutars\u0131zl\u0131klar\u0131n\u0131 tespit etme talimat\u0131 verir. \u00dcr\u00fcnlerin tan\u0131mlanmas\u0131n\u0131, g\u00f6r\u00fcn\u00fcr fiyatlar\u0131n \u00e7\u0131kar\u0131lmas\u0131n\u0131, birden fazla g\u00f6r\u00fcnt\u00fcde kar\u015f\u0131la\u015ft\u0131r\u0131lmas\u0131n\u0131 ve uyumsuzluklar\u0131n, eksik etiketlerin, net olmayan ili\u015fkilerin veya potansiyel fiyatland\u0131rma hatalar\u0131n\u0131n listelenmesini gerektirir. Model, bu tutars\u0131zl\u0131klar\u0131n i\u015f \u00fczerindeki etkisini a\u00e7\u0131klamal\u0131 ve \u00f6nem derecesine g\u00f6re [&hellip;]<\/p>\n","protected":false},"featured_media":21643,"comment_status":"open","ping_status":"closed","template":"","meta":[],"product_brand":[],"product_cat":[421,347],"product_tag":[3718],"class_list":{"0":"post-24459","1":"product","2":"type-product","3":"status-publish","4":"has-post-thumbnail","6":"product_cat-ikizler-burcu-ipuclari","7":"product_cat-modeller","8":"product_tag-magaza-rafi","10":"first","11":"instock","12":"downloadable","13":"virtual","14":"product-type-simple"},"_links":{"self":[{"href":"https:\/\/prompt-place.com\/tr\/wp-json\/wp\/v2\/product\/24459","targetHints":{"allow":["GET"]}}],"collection":[{"href":"https:\/\/prompt-place.com\/tr\/wp-json\/wp\/v2\/product"}],"about":[{"href":"https:\/\/prompt-place.com\/tr\/wp-json\/wp\/v2\/types\/product"}],"replies":[{"embeddable":true,"href":"https:\/\/prompt-place.com\/tr\/wp-json\/wp\/v2\/comments?post=24459"}],"wp:featuredmedia":[{"embeddable":true,"href":"https:\/\/prompt-place.com\/tr\/wp-json\/wp\/v2\/media\/21643"}],"wp:attachment":[{"href":"https:\/\/prompt-place.com\/tr\/wp-json\/wp\/v2\/media?parent=24459"}],"wp:term":[{"taxonomy":"product_brand","embeddable":true,"href":"https:\/\/prompt-place.com\/tr\/wp-json\/wp\/v2\/product_brand?post=24459"},{"taxonomy":"product_cat","embeddable":true,"href":"https:\/\/prompt-place.com\/tr\/wp-json\/wp\/v2\/product_cat?post=24459"},{"taxonomy":"product_tag","embeddable":true,"href":"https:\/\/prompt-place.com\/tr\/wp-json\/wp\/v2\/product_tag?post=24459"}],"curies":[{"name":"wp","href":"https:\/\/api.w.org\/{rel}","templated":true}]}}