{"id":24450,"date":"2026-01-09T11:46:34","date_gmt":"2026-01-09T11:46:34","guid":{"rendered":"http:\/\/prompt-place.com\/product\/urun-tasarim-karsilastirmasi-ve-kullanilabilirlik-degerlendirmesi\/"},"modified":"2026-01-09T11:46:34","modified_gmt":"2026-01-09T11:46:34","slug":"urun-tasarim-karsilastirmasi-ve-kullanilabilirlik-degerlendirmesi","status":"publish","type":"product","link":"https:\/\/prompt-place.com\/tr\/urun\/urun-tasarim-karsilastirmasi-ve-kullanilabilirlik-degerlendirmesi\/","title":{"rendered":"\u00dcr\u00fcn Tasar\u0131m Kar\u015f\u0131la\u015ft\u0131rmas\u0131 ve Kullan\u0131labilirlik De\u011ferlendirmesi"},"content":{"rendered":"<p>Bu istem, g\u00f6rsel girdilere dayal\u0131 olarak iki \u00fcr\u00fcn tasar\u0131m\u0131 aras\u0131nda yap\u0131land\u0131r\u0131lm\u0131\u015f, profesyonel bir kullan\u0131labilirlik kar\u015f\u0131la\u015ft\u0131rmas\u0131 yapmak i\u00e7in bir yapay zeka modeline rehberlik eder. Modelin her bir tasar\u0131m\u0131 tan\u0131mlamas\u0131n\u0131, temel UX boyutlar\u0131ndaki farkl\u0131l\u0131klar\u0131n\u0131 analiz etmesini, kullan\u0131labilirlik sorunlar\u0131n\u0131 belirlemesini, kullan\u0131c\u0131lar \u00fczerindeki etkilerini de\u011ferlendirmesini ve eyleme ge\u00e7irilebilir, kan\u0131ta dayal\u0131 \u00f6neriler sunmas\u0131n\u0131 gerektirir. Analiz kesinlikle g\u00f6rsel olarak g\u00f6zlemlenebilir olana dayanmal\u0131d\u0131r, bu da bu istemi tasar\u0131m incelemeleri, denetimler veya rekabet\u00e7i k\u0131yaslama s\u0131ras\u0131nda UI maketlerini, \u00fcr\u00fcn foto\u011fraflar\u0131n\u0131 veya uygulama ekranlar\u0131n\u0131 de\u011ferlendirmek i\u00e7in ideal hale getirir.  <\/p>\n","protected":false},"excerpt":{"rendered":"<p>Bu istem, g\u00f6rsel girdilere dayal\u0131 olarak iki \u00fcr\u00fcn tasar\u0131m\u0131 aras\u0131nda yap\u0131land\u0131r\u0131lm\u0131\u015f, profesyonel bir kullan\u0131labilirlik kar\u015f\u0131la\u015ft\u0131rmas\u0131 yapmak i\u00e7in bir yapay zeka modeline rehberlik eder. Modelin her bir tasar\u0131m\u0131 tan\u0131mlamas\u0131n\u0131, temel UX boyutlar\u0131ndaki farkl\u0131l\u0131klar\u0131n\u0131 analiz etmesini, kullan\u0131labilirlik sorunlar\u0131n\u0131 belirlemesini, kullan\u0131c\u0131lar \u00fczerindeki etkilerini de\u011ferlendirmesini ve eyleme ge\u00e7irilebilir, kan\u0131ta dayal\u0131 \u00f6neriler sunmas\u0131n\u0131 gerektirir. Analiz kesinlikle g\u00f6rsel olarak g\u00f6zlemlenebilir olana [&hellip;]<\/p>\n","protected":false},"featured_media":21643,"comment_status":"open","ping_status":"closed","template":"","meta":[],"product_brand":[],"product_cat":[421,347],"product_tag":[3710],"class_list":{"0":"post-24450","1":"product","2":"type-product","3":"status-publish","4":"has-post-thumbnail","6":"product_cat-ikizler-burcu-ipuclari","7":"product_cat-modeller","8":"product_tag-urun-tasarimi-2","10":"first","11":"instock","12":"downloadable","13":"virtual","14":"product-type-simple"},"_links":{"self":[{"href":"https:\/\/prompt-place.com\/tr\/wp-json\/wp\/v2\/product\/24450","targetHints":{"allow":["GET"]}}],"collection":[{"href":"https:\/\/prompt-place.com\/tr\/wp-json\/wp\/v2\/product"}],"about":[{"href":"https:\/\/prompt-place.com\/tr\/wp-json\/wp\/v2\/types\/product"}],"replies":[{"embeddable":true,"href":"https:\/\/prompt-place.com\/tr\/wp-json\/wp\/v2\/comments?post=24450"}],"wp:featuredmedia":[{"embeddable":true,"href":"https:\/\/prompt-place.com\/tr\/wp-json\/wp\/v2\/media\/21643"}],"wp:attachment":[{"href":"https:\/\/prompt-place.com\/tr\/wp-json\/wp\/v2\/media?parent=24450"}],"wp:term":[{"taxonomy":"product_brand","embeddable":true,"href":"https:\/\/prompt-place.com\/tr\/wp-json\/wp\/v2\/product_brand?post=24450"},{"taxonomy":"product_cat","embeddable":true,"href":"https:\/\/prompt-place.com\/tr\/wp-json\/wp\/v2\/product_cat?post=24450"},{"taxonomy":"product_tag","embeddable":true,"href":"https:\/\/prompt-place.com\/tr\/wp-json\/wp\/v2\/product_tag?post=24450"}],"curies":[{"name":"wp","href":"https:\/\/api.w.org\/{rel}","templated":true}]}}