{"id":24446,"date":"2026-01-09T11:46:34","date_gmt":"2026-01-09T11:46:34","guid":{"rendered":"http:\/\/prompt-place.com\/product\/multimodal-stratejik-fikir-uretimi\/"},"modified":"2026-01-09T11:46:34","modified_gmt":"2026-01-09T11:46:34","slug":"multimodal-stratejik-fikir-uretimi","status":"publish","type":"product","link":"https:\/\/prompt-place.com\/tr\/urun\/multimodal-stratejik-fikir-uretimi\/","title":{"rendered":"Multimodal Stratejik Fikir \u00dcretimi"},"content":{"rendered":"<p>Bu istem, bir yapay zeka sisteminin hem metinsel hem de g\u00f6rsel girdilerden gelen i\u00e7g\u00f6r\u00fcleri birle\u015ftirerek y\u00fcksek de\u011ferli stratejik fikirler \u00fcretmesini sa\u011flar. Modele i\u015f ba\u011flam\u0131n\u0131 anlama, \u00e7ok modlu bilgilerden kal\u0131plar ve f\u0131rsatlar \u00e7\u0131karma ve b\u00fcy\u00fcme, pazarlama, UX, operasyonlar ve m\u00fc\u015fteri deneyimi gibi alanlarda eyleme ge\u00e7irilebilir stratejiler \u00fcretme talimat\u0131 verir. Her fikir, sa\u011flanan girdilere ba\u011fl\u0131 net gerek\u00e7elerle gerek\u00e7elendirilmeli, alaka d\u00fczeyi ve pratiklik sa\u011flanmal\u0131d\u0131r. Yap\u0131land\u0131r\u0131lm\u0131\u015f \u00e7\u0131kt\u0131, \u00e7ok modlu, i\u00e7g\u00f6r\u00fc odakl\u0131 \u00f6neriler arayan y\u00f6neticiler, \u00fcr\u00fcn ekipleri ve stratejistler i\u00e7in uygun hale getirir.   <\/p>\n","protected":false},"excerpt":{"rendered":"<p>Bu istem, bir yapay zeka sisteminin hem metinsel hem de g\u00f6rsel girdilerden gelen i\u00e7g\u00f6r\u00fcleri birle\u015ftirerek y\u00fcksek de\u011ferli stratejik fikirler \u00fcretmesini sa\u011flar. Modele i\u015f ba\u011flam\u0131n\u0131 anlama, \u00e7ok modlu bilgilerden kal\u0131plar ve f\u0131rsatlar \u00e7\u0131karma ve b\u00fcy\u00fcme, pazarlama, UX, operasyonlar ve m\u00fc\u015fteri deneyimi gibi alanlarda eyleme ge\u00e7irilebilir stratejiler \u00fcretme talimat\u0131 verir. Her fikir, sa\u011flanan girdilere ba\u011fl\u0131 net gerek\u00e7elerle [&hellip;]<\/p>\n","protected":false},"featured_media":21643,"comment_status":"open","ping_status":"closed","template":"","meta":[],"product_brand":[],"product_cat":[421,347],"product_tag":[3706],"class_list":{"0":"post-24446","1":"product","2":"type-product","3":"status-publish","4":"has-post-thumbnail","6":"product_cat-ikizler-burcu-ipuclari","7":"product_cat-modeller","8":"product_tag-multimodal-stratejik","10":"first","11":"instock","12":"downloadable","13":"virtual","14":"product-type-simple"},"_links":{"self":[{"href":"https:\/\/prompt-place.com\/tr\/wp-json\/wp\/v2\/product\/24446","targetHints":{"allow":["GET"]}}],"collection":[{"href":"https:\/\/prompt-place.com\/tr\/wp-json\/wp\/v2\/product"}],"about":[{"href":"https:\/\/prompt-place.com\/tr\/wp-json\/wp\/v2\/types\/product"}],"replies":[{"embeddable":true,"href":"https:\/\/prompt-place.com\/tr\/wp-json\/wp\/v2\/comments?post=24446"}],"wp:featuredmedia":[{"embeddable":true,"href":"https:\/\/prompt-place.com\/tr\/wp-json\/wp\/v2\/media\/21643"}],"wp:attachment":[{"href":"https:\/\/prompt-place.com\/tr\/wp-json\/wp\/v2\/media?parent=24446"}],"wp:term":[{"taxonomy":"product_brand","embeddable":true,"href":"https:\/\/prompt-place.com\/tr\/wp-json\/wp\/v2\/product_brand?post=24446"},{"taxonomy":"product_cat","embeddable":true,"href":"https:\/\/prompt-place.com\/tr\/wp-json\/wp\/v2\/product_cat?post=24446"},{"taxonomy":"product_tag","embeddable":true,"href":"https:\/\/prompt-place.com\/tr\/wp-json\/wp\/v2\/product_tag?post=24446"}],"curies":[{"name":"wp","href":"https:\/\/api.w.org\/{rel}","templated":true}]}}