{"id":24445,"date":"2026-01-09T11:46:34","date_gmt":"2026-01-09T11:46:34","guid":{"rendered":"http:\/\/prompt-place.com\/product\/grafik-analizinden-is-icgorulerine\/"},"modified":"2026-01-09T11:46:34","modified_gmt":"2026-01-09T11:46:34","slug":"grafik-analizinden-is-icgorulerine","status":"publish","type":"product","link":"https:\/\/prompt-place.com\/tr\/urun\/grafik-analizinden-is-icgorulerine\/","title":{"rendered":"Grafik Analizinden \u0130\u015f \u0130\u00e7g\u00f6r\u00fclerine"},"content":{"rendered":"<p>Bu istem, bir yapay zeka sisteminin i\u015f grafiklerini ve veri g\u00f6rselle\u015ftirmelerini hassasiyet ve netlikle yorumlamas\u0131n\u0131 sa\u011flar. Modelin grafik yap\u0131s\u0131n\u0131 tan\u0131mlamas\u0131na, temel e\u011filimleri belirlemesine, g\u00f6rsel kal\u0131plar\u0131 anlaml\u0131 i\u015f i\u00e7g\u00f6r\u00fclerine d\u00f6n\u00fc\u015ft\u00fcrmesine ve verilerde g\u00f6r\u00fcnen risk ve f\u0131rsatlar\u0131 vurgulamas\u0131na rehberlik eder. Bilgi istemi, t\u00fcm sonu\u00e7lar\u0131n kesinlikle grafi\u011fin g\u00f6sterdiklerine dayanmas\u0131n\u0131 sa\u011flayarak \u00fcr\u00fcn ekipleri, analistler ve karar vericiler i\u00e7in yararl\u0131, eyleme ge\u00e7irilebilir, y\u00f6neticiye haz\u0131r \u00f6neriler \u00fcretir.  <\/p>\n","protected":false},"excerpt":{"rendered":"<p>Bu istem, bir yapay zeka sisteminin i\u015f grafiklerini ve veri g\u00f6rselle\u015ftirmelerini hassasiyet ve netlikle yorumlamas\u0131n\u0131 sa\u011flar. Modelin grafik yap\u0131s\u0131n\u0131 tan\u0131mlamas\u0131na, temel e\u011filimleri belirlemesine, g\u00f6rsel kal\u0131plar\u0131 anlaml\u0131 i\u015f i\u00e7g\u00f6r\u00fclerine d\u00f6n\u00fc\u015ft\u00fcrmesine ve verilerde g\u00f6r\u00fcnen risk ve f\u0131rsatlar\u0131 vurgulamas\u0131na rehberlik eder. Bilgi istemi, t\u00fcm sonu\u00e7lar\u0131n kesinlikle grafi\u011fin g\u00f6sterdiklerine dayanmas\u0131n\u0131 sa\u011flayarak \u00fcr\u00fcn ekipleri, analistler ve karar vericiler i\u00e7in yararl\u0131, [&hellip;]<\/p>\n","protected":false},"featured_media":21643,"comment_status":"open","ping_status":"closed","template":"","meta":[],"product_brand":[],"product_cat":[421,347],"product_tag":[3705],"class_list":{"0":"post-24445","1":"product","2":"type-product","3":"status-publish","4":"has-post-thumbnail","6":"product_cat-ikizler-burcu-ipuclari","7":"product_cat-modeller","8":"product_tag-grafik-analizi","10":"first","11":"instock","12":"downloadable","13":"virtual","14":"product-type-simple"},"_links":{"self":[{"href":"https:\/\/prompt-place.com\/tr\/wp-json\/wp\/v2\/product\/24445","targetHints":{"allow":["GET"]}}],"collection":[{"href":"https:\/\/prompt-place.com\/tr\/wp-json\/wp\/v2\/product"}],"about":[{"href":"https:\/\/prompt-place.com\/tr\/wp-json\/wp\/v2\/types\/product"}],"replies":[{"embeddable":true,"href":"https:\/\/prompt-place.com\/tr\/wp-json\/wp\/v2\/comments?post=24445"}],"wp:featuredmedia":[{"embeddable":true,"href":"https:\/\/prompt-place.com\/tr\/wp-json\/wp\/v2\/media\/21643"}],"wp:attachment":[{"href":"https:\/\/prompt-place.com\/tr\/wp-json\/wp\/v2\/media?parent=24445"}],"wp:term":[{"taxonomy":"product_brand","embeddable":true,"href":"https:\/\/prompt-place.com\/tr\/wp-json\/wp\/v2\/product_brand?post=24445"},{"taxonomy":"product_cat","embeddable":true,"href":"https:\/\/prompt-place.com\/tr\/wp-json\/wp\/v2\/product_cat?post=24445"},{"taxonomy":"product_tag","embeddable":true,"href":"https:\/\/prompt-place.com\/tr\/wp-json\/wp\/v2\/product_tag?post=24445"}],"curies":[{"name":"wp","href":"https:\/\/api.w.org\/{rel}","templated":true}]}}