{"id":24441,"date":"2026-01-09T11:46:55","date_gmt":"2026-01-09T11:46:55","guid":{"rendered":"http:\/\/prompt-place.com\/product\/yaraticilik-ve-inovasyonu-temsil-eden-gercekustu-sahne\/"},"modified":"2026-01-09T11:46:55","modified_gmt":"2026-01-09T11:46:55","slug":"yaraticilik-ve-inovasyonu-temsil-eden-gercekustu-sahne","status":"publish","type":"product","link":"https:\/\/prompt-place.com\/tr\/urun\/yaraticilik-ve-inovasyonu-temsil-eden-gercekustu-sahne\/","title":{"rendered":"Yarat\u0131c\u0131l\u0131k ve \u0130novasyonu Temsil Eden Ger\u00e7ek\u00fcst\u00fc Sahne"},"content":{"rendered":"<p>Fikirlerin soyut y\u00fczen nesneler, parlayan geometrik \u015fekiller, ampuller, portallar ve akan enerji ak\u0131\u015flar\u0131 arac\u0131l\u0131\u011f\u0131yla fiziksel form kazand\u0131\u011f\u0131 r\u00fcya gibi, yarat\u0131c\u0131 bir ortamda yarat\u0131c\u0131l\u0131\u011f\u0131 ve yenili\u011fi simgeleyen y\u00fcksek kaliteli ger\u00e7ek\u00fcst\u00fc bir g\u00f6rsel sahne olu\u015fturun; do\u011fa ve teknolojiyi beklenmedik ama zarif yollarla harmanlayarak fikirlerin olu\u015ftu\u011funu, geli\u015fti\u011fini ve s\u0131n\u0131rlar\u0131 a\u015ft\u0131\u011f\u0131n\u0131 temsil edin; Derin maviler, morlar, s\u0131cak vurgular ve yumu\u015fak degradeler ve yumu\u015fak sinematik par\u0131lt\u0131l\u0131 ince neon vurgulardan olu\u015fan zengin ancak kontroll\u00fc bir renk paleti kullan\u0131n; g\u00fc\u00e7l\u00fc derinlik ve \u00f6l\u00e7e\u011fe sahip sakin, d\u00fc\u015f\u00fcnceli, ileriye d\u00f6n\u00fck bir atmosfer sa\u011flay\u0131n; dengeli kompozisyon ve kas\u0131tl\u0131 negatif alanla \u00e7evrili &#8220;at\u0131l\u0131m\u0131&#8221; temsil eden net bir odak noktas\u0131 ekleyin; \u00fcst\u00fcn ayr\u0131nt\u0131, ressam veya sinematik ger\u00e7ek\u00fcst\u00fcc\u00fcl\u00fck, kaos, karikat\u00fcr tarz\u0131, \u00e7ocuksu unsurlar, \u00e7arp\u0131t\u0131lm\u0131\u015f metin veya semboller olmad\u0131\u011f\u0131ndan emin olun.<\/p>\n","protected":false},"excerpt":{"rendered":"<p>Fikirlerin soyut y\u00fczen nesneler, parlayan geometrik \u015fekiller, ampuller, portallar ve akan enerji ak\u0131\u015flar\u0131 arac\u0131l\u0131\u011f\u0131yla fiziksel form kazand\u0131\u011f\u0131 r\u00fcya gibi, yarat\u0131c\u0131 bir ortamda yarat\u0131c\u0131l\u0131\u011f\u0131 ve yenili\u011fi simgeleyen y\u00fcksek kaliteli ger\u00e7ek\u00fcst\u00fc bir g\u00f6rsel sahne olu\u015fturun; do\u011fa ve teknolojiyi beklenmedik ama zarif yollarla harmanlayarak fikirlerin olu\u015ftu\u011funu, geli\u015fti\u011fini ve s\u0131n\u0131rlar\u0131 a\u015ft\u0131\u011f\u0131n\u0131 temsil edin; Derin maviler, morlar, s\u0131cak vurgular ve [&hellip;]<\/p>\n","protected":false},"featured_media":21725,"comment_status":"open","ping_status":"closed","template":"","meta":[],"product_brand":[],"product_cat":[347,348],"product_tag":[3695,3696,3698],"class_list":{"0":"post-24441","1":"product","2":"type-product","3":"status-publish","4":"has-post-thumbnail","6":"product_cat-modeller","7":"product_cat-yolculuk-ortasi-ipuclari","8":"product_tag-gercekustu","9":"product_tag-sahne","10":"product_tag-temsil-eden","12":"first","13":"instock","14":"downloadable","15":"virtual","16":"product-type-simple"},"_links":{"self":[{"href":"https:\/\/prompt-place.com\/tr\/wp-json\/wp\/v2\/product\/24441","targetHints":{"allow":["GET"]}}],"collection":[{"href":"https:\/\/prompt-place.com\/tr\/wp-json\/wp\/v2\/product"}],"about":[{"href":"https:\/\/prompt-place.com\/tr\/wp-json\/wp\/v2\/types\/product"}],"replies":[{"embeddable":true,"href":"https:\/\/prompt-place.com\/tr\/wp-json\/wp\/v2\/comments?post=24441"}],"wp:featuredmedia":[{"embeddable":true,"href":"https:\/\/prompt-place.com\/tr\/wp-json\/wp\/v2\/media\/21725"}],"wp:attachment":[{"href":"https:\/\/prompt-place.com\/tr\/wp-json\/wp\/v2\/media?parent=24441"}],"wp:term":[{"taxonomy":"product_brand","embeddable":true,"href":"https:\/\/prompt-place.com\/tr\/wp-json\/wp\/v2\/product_brand?post=24441"},{"taxonomy":"product_cat","embeddable":true,"href":"https:\/\/prompt-place.com\/tr\/wp-json\/wp\/v2\/product_cat?post=24441"},{"taxonomy":"product_tag","embeddable":true,"href":"https:\/\/prompt-place.com\/tr\/wp-json\/wp\/v2\/product_tag?post=24441"}],"curies":[{"name":"wp","href":"https:\/\/api.w.org\/{rel}","templated":true}]}}