{"id":24440,"date":"2026-01-09T11:46:55","date_gmt":"2026-01-09T11:46:55","guid":{"rendered":"http:\/\/prompt-place.com\/product\/karanlik-dunya-haritasi-uzerinde-parlayan-cizgilerle-kuresel-baglantilar\/"},"modified":"2026-01-09T11:46:55","modified_gmt":"2026-01-09T11:46:55","slug":"karanlik-dunya-haritasi-uzerinde-parlayan-cizgilerle-kuresel-baglantilar","status":"publish","type":"product","link":"https:\/\/prompt-place.com\/tr\/urun\/karanlik-dunya-haritasi-uzerinde-parlayan-cizgilerle-kuresel-baglantilar\/","title":{"rendered":"Karanl\u0131k D\u00fcnya Haritas\u0131 \u00dczerinde Parlayan \u00c7izgilerle K\u00fcresel Ba\u011flant\u0131lar"},"content":{"rendered":"<p>Karanl\u0131k bir D\u00fcnya haritas\u0131 \u00fczerinde parlayan \u00e7izgiler olarak g\u00f6sterilen k\u00fcresel ba\u011flant\u0131lar\u0131n y\u00fcksek kaliteli sinematik g\u00f6rselle\u015ftirmesini olu\u015fturun; ince \u015fehir \u0131\u015f\u0131klar\u0131 ve ger\u00e7ek\u00e7i e\u011frilik, geni\u015f \u00e7er\u00e7eveleme ve keskin D\u00fcnya dokular\u0131 ile D\u00fcnya&#8217;n\u0131n gece g\u00f6r\u00fcn\u00fcm\u00fc veya karanl\u0131k bir d\u00fcnya haritas\u0131; k\u0131talar boyunca yo\u011fun k\u00fcmeler ve okyanuslar \u00fczerinde uzun mesafeli yaylar ve ayr\u0131ca ba\u011flant\u0131 noktalar\u0131nda yumu\u015fak bir \u015fekilde titre\u015fen \u0131\u015f\u0131k d\u00fc\u011f\u00fcmleri ile b\u00fcy\u00fck k\u00fcresel merkezleri birbirine ba\u011flayan so\u011fuk neon tonlar\u0131nda (camg\u00f6be\u011fi, mavi, mor) parlayan ba\u011flant\u0131 hatlar\u0131 ve yaylar\u0131 g\u00f6sterin; zarif, temiz a\u011f yollar\u0131 (da\u011f\u0131n\u0131k de\u011fil), ince atmosferik pus, \u00e7i\u00e7eklenme ve g\u00fc\u00e7l\u00fc derinlik i\u00e7eren koyu, y\u00fcksek kontrastl\u0131 bir arka plan kullan\u0131n; karikat\u00fcr \u00f6\u011felerden, bozuk metinlerden, logolardan veya filigranlardan ka\u00e7\u0131narak keskin kenarlar ve fotoger\u00e7ek\u00e7i veya \u00fcst d\u00fczey teknoloji g\u00f6rselle\u015ftirme stiliyle f\u00fct\u00fcristik bir premium veri a\u011f\u0131 esteti\u011fini koruyun.<\/p>\n","protected":false},"excerpt":{"rendered":"<p>Karanl\u0131k bir D\u00fcnya haritas\u0131 \u00fczerinde parlayan \u00e7izgiler olarak g\u00f6sterilen k\u00fcresel ba\u011flant\u0131lar\u0131n y\u00fcksek kaliteli sinematik g\u00f6rselle\u015ftirmesini olu\u015fturun; ince \u015fehir \u0131\u015f\u0131klar\u0131 ve ger\u00e7ek\u00e7i e\u011frilik, geni\u015f \u00e7er\u00e7eveleme ve keskin D\u00fcnya dokular\u0131 ile D\u00fcnya&#8217;n\u0131n gece g\u00f6r\u00fcn\u00fcm\u00fc veya karanl\u0131k bir d\u00fcnya haritas\u0131; k\u0131talar boyunca yo\u011fun k\u00fcmeler ve okyanuslar \u00fczerinde uzun mesafeli yaylar ve ayr\u0131ca ba\u011flant\u0131 noktalar\u0131nda yumu\u015fak bir \u015fekilde titre\u015fen [&hellip;]<\/p>\n","protected":false},"featured_media":21725,"comment_status":"open","ping_status":"closed","template":"","meta":[],"product_brand":[],"product_cat":[347,348],"product_tag":[3693,3692,3694],"class_list":{"0":"post-24440","1":"product","2":"type-product","3":"status-publish","4":"has-post-thumbnail","6":"product_cat-modeller","7":"product_cat-yolculuk-ortasi-ipuclari","8":"product_tag-baglantilar","9":"product_tag-global","10":"product_tag-parlayan","12":"first","13":"instock","14":"downloadable","15":"virtual","16":"product-type-simple"},"_links":{"self":[{"href":"https:\/\/prompt-place.com\/tr\/wp-json\/wp\/v2\/product\/24440","targetHints":{"allow":["GET"]}}],"collection":[{"href":"https:\/\/prompt-place.com\/tr\/wp-json\/wp\/v2\/product"}],"about":[{"href":"https:\/\/prompt-place.com\/tr\/wp-json\/wp\/v2\/types\/product"}],"replies":[{"embeddable":true,"href":"https:\/\/prompt-place.com\/tr\/wp-json\/wp\/v2\/comments?post=24440"}],"wp:featuredmedia":[{"embeddable":true,"href":"https:\/\/prompt-place.com\/tr\/wp-json\/wp\/v2\/media\/21725"}],"wp:attachment":[{"href":"https:\/\/prompt-place.com\/tr\/wp-json\/wp\/v2\/media?parent=24440"}],"wp:term":[{"taxonomy":"product_brand","embeddable":true,"href":"https:\/\/prompt-place.com\/tr\/wp-json\/wp\/v2\/product_brand?post=24440"},{"taxonomy":"product_cat","embeddable":true,"href":"https:\/\/prompt-place.com\/tr\/wp-json\/wp\/v2\/product_cat?post=24440"},{"taxonomy":"product_tag","embeddable":true,"href":"https:\/\/prompt-place.com\/tr\/wp-json\/wp\/v2\/product_tag?post=24440"}],"curies":[{"name":"wp","href":"https:\/\/api.w.org\/{rel}","templated":true}]}}