{"id":24437,"date":"2026-01-09T11:46:55","date_gmt":"2026-01-09T11:46:55","guid":{"rendered":"http:\/\/prompt-place.com\/product\/robotik-kollarla-otomatiklestirilmis-futuristik-fabrika\/"},"modified":"2026-01-09T11:46:55","modified_gmt":"2026-01-09T11:46:55","slug":"robotik-kollarla-otomatiklestirilmis-futuristik-fabrika","status":"publish","type":"product","link":"https:\/\/prompt-place.com\/tr\/urun\/robotik-kollarla-otomatiklestirilmis-futuristik-fabrika\/","title":{"rendered":"Robotik Kollarla Otomatikle\u015ftirilmi\u015f F\u00fct\u00fcristik Fabrika"},"content":{"rendered":"<p>Organize \u00e7al\u0131\u015fma h\u00fccreleri, montaj hatlar\u0131 ve kaynak, bile\u015fen yerle\u015ftirme ve paketleme gibi hassas g\u00f6revleri aktif olarak yerine getiren geli\u015fmi\u015f robot kollar i\u00e7eren geni\u015f, steril ve temiz bir end\u00fcstriyel i\u00e7 mekana sahip otomatikle\u015ftirilmi\u015f f\u00fct\u00fcristik bir fabrikan\u0131n y\u00fcksek kaliteli sinematik g\u00f6r\u00fcnt\u00fcs\u00fcn\u00fc olu\u015fturun; ger\u00e7ek\u00e7i end\u00fcstriyel robotlar, konvey\u00f6r sistemleri, mod\u00fcler istasyonlar, sens\u00f6r dizileri, kablolar, g\u00fcvenlik bariyerleri ve par\u00e7alar\u0131 ta\u015f\u0131yan iste\u011fe ba\u011fl\u0131 otonom arabalar ekleyin; sahneyi karanl\u0131k yapmadan ince par\u0131lt\u0131 vurgular\u0131, yumu\u015fak hacimsel pus, metal y\u00fczeylerdeki yans\u0131malar ve g\u00fc\u00e7l\u00fc sinematik kontrast ile so\u011fuk end\u00fcstriyel ayd\u0131nlatma kullan\u0131n; geni\u015f a\u00e7\u0131l\u0131 bir perspektifle etkileyici \u00f6l\u00e7ek ve derinlik yakalay\u0131n; metal, cam ve kompozit paneller gibi ultra ayr\u0131nt\u0131l\u0131 fotoger\u00e7ek\u00e7i malzemeler olu\u015fturun; karikat\u00fcr tarz\u0131, \u00e7arp\u0131k geometri, okunabilir metin ve logolardan ka\u00e7\u0131n\u0131n.<\/p>\n","protected":false},"excerpt":{"rendered":"<p>Organize \u00e7al\u0131\u015fma h\u00fccreleri, montaj hatlar\u0131 ve kaynak, bile\u015fen yerle\u015ftirme ve paketleme gibi hassas g\u00f6revleri aktif olarak yerine getiren geli\u015fmi\u015f robot kollar i\u00e7eren geni\u015f, steril ve temiz bir end\u00fcstriyel i\u00e7 mekana sahip otomatikle\u015ftirilmi\u015f f\u00fct\u00fcristik bir fabrikan\u0131n y\u00fcksek kaliteli sinematik g\u00f6r\u00fcnt\u00fcs\u00fcn\u00fc olu\u015fturun; ger\u00e7ek\u00e7i end\u00fcstriyel robotlar, konvey\u00f6r sistemleri, mod\u00fcler istasyonlar, sens\u00f6r dizileri, kablolar, g\u00fcvenlik bariyerleri ve par\u00e7alar\u0131 ta\u015f\u0131yan [&hellip;]<\/p>\n","protected":false},"featured_media":21725,"comment_status":"open","ping_status":"closed","template":"","meta":[],"product_brand":[],"product_cat":[347,348],"product_tag":[3688,3474,3687],"class_list":{"0":"post-24437","1":"product","2":"type-product","3":"status-publish","4":"has-post-thumbnail","6":"product_cat-modeller","7":"product_cat-yolculuk-ortasi-ipuclari","8":"product_tag-fabrika","9":"product_tag-futuristik","10":"product_tag-otomatik","12":"first","13":"instock","14":"downloadable","15":"virtual","16":"product-type-simple"},"_links":{"self":[{"href":"https:\/\/prompt-place.com\/tr\/wp-json\/wp\/v2\/product\/24437","targetHints":{"allow":["GET"]}}],"collection":[{"href":"https:\/\/prompt-place.com\/tr\/wp-json\/wp\/v2\/product"}],"about":[{"href":"https:\/\/prompt-place.com\/tr\/wp-json\/wp\/v2\/types\/product"}],"replies":[{"embeddable":true,"href":"https:\/\/prompt-place.com\/tr\/wp-json\/wp\/v2\/comments?post=24437"}],"wp:featuredmedia":[{"embeddable":true,"href":"https:\/\/prompt-place.com\/tr\/wp-json\/wp\/v2\/media\/21725"}],"wp:attachment":[{"href":"https:\/\/prompt-place.com\/tr\/wp-json\/wp\/v2\/media?parent=24437"}],"wp:term":[{"taxonomy":"product_brand","embeddable":true,"href":"https:\/\/prompt-place.com\/tr\/wp-json\/wp\/v2\/product_brand?post=24437"},{"taxonomy":"product_cat","embeddable":true,"href":"https:\/\/prompt-place.com\/tr\/wp-json\/wp\/v2\/product_cat?post=24437"},{"taxonomy":"product_tag","embeddable":true,"href":"https:\/\/prompt-place.com\/tr\/wp-json\/wp\/v2\/product_tag?post=24437"}],"curies":[{"name":"wp","href":"https:\/\/api.w.org\/{rel}","templated":true}]}}