{"id":24432,"date":"2026-01-09T11:46:50","date_gmt":"2026-01-09T11:46:50","guid":{"rendered":"http:\/\/prompt-place.com\/product\/makine-ogrenimi-algoritmalarinin-soyut-gorsellestirilmesi\/"},"modified":"2026-01-09T11:46:50","modified_gmt":"2026-01-09T11:46:50","slug":"makine-ogrenimi-algoritmalarinin-soyut-gorsellestirilmesi","status":"publish","type":"product","link":"https:\/\/prompt-place.com\/tr\/urun\/makine-ogrenimi-algoritmalarinin-soyut-gorsellestirilmesi\/","title":{"rendered":"Makine \u00d6\u011frenimi Algoritmalar\u0131n\u0131n Soyut G\u00f6rselle\u015ftirilmesi"},"content":{"rendered":"<p>Sinir a\u011flar\u0131n\u0131, \u00f6r\u00fcnt\u00fc tan\u0131may\u0131 ve ak\u0131ll\u0131 veri ak\u0131\u015f\u0131n\u0131 sembolize etmek i\u00e7in akan \u00e7izgiler, birbirine ba\u011fl\u0131 d\u00fc\u011f\u00fcmler, katmanl\u0131 geometrik yap\u0131lar ve dinamik veri par\u00e7ac\u0131klar\u0131 veya \u0131\u015f\u0131k yollar\u0131 kullanarak makine \u00f6\u011frenimi algoritmalar\u0131n\u0131n y\u00fcksek kaliteli soyut bir g\u00f6rselle\u015ftirmesini olu\u015fturun; yumu\u015fak degradeler ve yumu\u015fak par\u0131lt\u0131larla maviler, morlar, siyanlar ve ince neon vurgulardan olu\u015fan modern bir teknoloji paleti kullan\u0131n; G\u00fc\u00e7l\u00fc derinlik ve sakin, analitik bir ruh hali ile temiz, zarif, f\u00fct\u00fcristik bir estetik sa\u011flay\u0131n; sahneyi dengeli, ortalanm\u0131\u015f veya radyal yap\u0131 ve net g\u00f6rsel hiyerar\u015fi ile olu\u015fturun; soyut malzemeler \u00fczerinde ultra ayr\u0131nt\u0131l\u0131, fotoger\u00e7ek\u00e7i ayd\u0131nlatma sa\u011flay\u0131n, insan yok, ger\u00e7ek robotlar yok, okunabilir kod yok, \u00e7izgi film \u00f6\u011feleri yok &#8211; yapay zeka, makine \u00f6\u011frenimi ve veri zekas\u0131n\u0131 temsil eden tek bir \u00e7arp\u0131c\u0131 g\u00f6r\u00fcnt\u00fc.<\/p>\n","protected":false},"excerpt":{"rendered":"<p>Sinir a\u011flar\u0131n\u0131, \u00f6r\u00fcnt\u00fc tan\u0131may\u0131 ve ak\u0131ll\u0131 veri ak\u0131\u015f\u0131n\u0131 sembolize etmek i\u00e7in akan \u00e7izgiler, birbirine ba\u011fl\u0131 d\u00fc\u011f\u00fcmler, katmanl\u0131 geometrik yap\u0131lar ve dinamik veri par\u00e7ac\u0131klar\u0131 veya \u0131\u015f\u0131k yollar\u0131 kullanarak makine \u00f6\u011frenimi algoritmalar\u0131n\u0131n y\u00fcksek kaliteli soyut bir g\u00f6rselle\u015ftirmesini olu\u015fturun; yumu\u015fak degradeler ve yumu\u015fak par\u0131lt\u0131larla maviler, morlar, siyanlar ve ince neon vurgulardan olu\u015fan modern bir teknoloji paleti kullan\u0131n; G\u00fc\u00e7l\u00fc [&hellip;]<\/p>\n","protected":false},"featured_media":21725,"comment_status":"open","ping_status":"closed","template":"","meta":[],"product_brand":[],"product_cat":[347,348],"product_tag":[3675,3646,3674],"class_list":{"0":"post-24432","1":"product","2":"type-product","3":"status-publish","4":"has-post-thumbnail","6":"product_cat-modeller","7":"product_cat-yolculuk-ortasi-ipuclari","8":"product_tag-gorsellestirme","9":"product_tag-makine","10":"product_tag-soyut","12":"first","13":"instock","14":"downloadable","15":"virtual","16":"product-type-simple"},"_links":{"self":[{"href":"https:\/\/prompt-place.com\/tr\/wp-json\/wp\/v2\/product\/24432","targetHints":{"allow":["GET"]}}],"collection":[{"href":"https:\/\/prompt-place.com\/tr\/wp-json\/wp\/v2\/product"}],"about":[{"href":"https:\/\/prompt-place.com\/tr\/wp-json\/wp\/v2\/types\/product"}],"replies":[{"embeddable":true,"href":"https:\/\/prompt-place.com\/tr\/wp-json\/wp\/v2\/comments?post=24432"}],"wp:featuredmedia":[{"embeddable":true,"href":"https:\/\/prompt-place.com\/tr\/wp-json\/wp\/v2\/media\/21725"}],"wp:attachment":[{"href":"https:\/\/prompt-place.com\/tr\/wp-json\/wp\/v2\/media?parent=24432"}],"wp:term":[{"taxonomy":"product_brand","embeddable":true,"href":"https:\/\/prompt-place.com\/tr\/wp-json\/wp\/v2\/product_brand?post=24432"},{"taxonomy":"product_cat","embeddable":true,"href":"https:\/\/prompt-place.com\/tr\/wp-json\/wp\/v2\/product_cat?post=24432"},{"taxonomy":"product_tag","embeddable":true,"href":"https:\/\/prompt-place.com\/tr\/wp-json\/wp\/v2\/product_tag?post=24432"}],"curies":[{"name":"wp","href":"https:\/\/api.w.org\/{rel}","templated":true}]}}