{"id":24429,"date":"2026-01-09T11:46:50","date_gmt":"2026-01-09T11:46:50","guid":{"rendered":"http:\/\/prompt-place.com\/product\/parlayan-isik-izleri-olarak-buyuk-veri-akislari\/"},"modified":"2026-01-09T11:46:50","modified_gmt":"2026-01-09T11:46:50","slug":"parlayan-isik-izleri-olarak-buyuk-veri-akislari","status":"publish","type":"product","link":"https:\/\/prompt-place.com\/tr\/urun\/parlayan-isik-izleri-olarak-buyuk-veri-akislari\/","title":{"rendered":"Parlayan I\u015f\u0131k \u0130zleri Olarak B\u00fcy\u00fck Veri Ak\u0131\u015flar\u0131"},"content":{"rendered":"<p>Karanl\u0131k uzayda hareket eden parlayan camg\u00f6be\u011fi, mavi ve mor \u0131\u015f\u0131k izleri olarak g\u00f6sterilen b\u00fcy\u00fck veri ak\u0131\u015flar\u0131n\u0131n y\u00fcksek kaliteli, fotoger\u00e7ek\u00e7i soyut g\u00f6rselle\u015ftirmesini olu\u015fturun; par\u00e7ac\u0131k efektleri, veri benzeri noktalar ve yap\u0131y\u0131 ima etmek i\u00e7in ince geometrik \u0131zgaralar veya d\u00fc\u011f\u00fcmlerle desteklenen \u00e7ok katmanl\u0131 izler dokuma, b\u00f6lme, birle\u015ftirme ve h\u0131zlanma; Kontrast\u0131 art\u0131rmak i\u00e7in yumu\u015fak \u00e7i\u00e7eklenme, yumu\u015fak degradeler ve iste\u011fe ba\u011fl\u0131 hacimsel pus kullanarak h\u0131z ve boyutluluk i\u00e7in dinamik diyagonal veya t\u00fcnel benzeri derinli\u011fi vurgulay\u0131n; ultra ayr\u0131nt\u0131l\u0131 net izlerle zarif, kontroll\u00fc bir karma\u015f\u0131kl\u0131\u011f\u0131 koruyun, kaos yok, karikat\u00fcr tarz\u0131 yok, okunabilir metin veya ger\u00e7ek bilgisayarlar yok &#8211; b\u00fcy\u00fck veri ak\u0131\u015f\u0131n\u0131 ve dijital d\u00f6n\u00fc\u015f\u00fcm\u00fc g\u00f6steren g\u00f6rsel olarak \u00e7arp\u0131c\u0131 tek bir g\u00f6r\u00fcnt\u00fc.<\/p>\n","protected":false},"excerpt":{"rendered":"<p>Karanl\u0131k uzayda hareket eden parlayan camg\u00f6be\u011fi, mavi ve mor \u0131\u015f\u0131k izleri olarak g\u00f6sterilen b\u00fcy\u00fck veri ak\u0131\u015flar\u0131n\u0131n y\u00fcksek kaliteli, fotoger\u00e7ek\u00e7i soyut g\u00f6rselle\u015ftirmesini olu\u015fturun; par\u00e7ac\u0131k efektleri, veri benzeri noktalar ve yap\u0131y\u0131 ima etmek i\u00e7in ince geometrik \u0131zgaralar veya d\u00fc\u011f\u00fcmlerle desteklenen \u00e7ok katmanl\u0131 izler dokuma, b\u00f6lme, birle\u015ftirme ve h\u0131zlanma; Kontrast\u0131 art\u0131rmak i\u00e7in yumu\u015fak \u00e7i\u00e7eklenme, yumu\u015fak degradeler ve iste\u011fe [&hellip;]<\/p>\n","protected":false},"featured_media":21725,"comment_status":"open","ping_status":"closed","template":"","meta":[],"product_brand":[],"product_cat":[347,348],"product_tag":[3667,3666,3665],"class_list":{"0":"post-24429","1":"product","2":"type-product","3":"status-publish","4":"has-post-thumbnail","6":"product_cat-modeller","7":"product_cat-yolculuk-ortasi-ipuclari","8":"product_tag-akarsular","9":"product_tag-buyuk","10":"product_tag-veri","12":"first","13":"instock","14":"downloadable","15":"virtual","16":"product-type-simple"},"_links":{"self":[{"href":"https:\/\/prompt-place.com\/tr\/wp-json\/wp\/v2\/product\/24429","targetHints":{"allow":["GET"]}}],"collection":[{"href":"https:\/\/prompt-place.com\/tr\/wp-json\/wp\/v2\/product"}],"about":[{"href":"https:\/\/prompt-place.com\/tr\/wp-json\/wp\/v2\/types\/product"}],"replies":[{"embeddable":true,"href":"https:\/\/prompt-place.com\/tr\/wp-json\/wp\/v2\/comments?post=24429"}],"wp:featuredmedia":[{"embeddable":true,"href":"https:\/\/prompt-place.com\/tr\/wp-json\/wp\/v2\/media\/21725"}],"wp:attachment":[{"href":"https:\/\/prompt-place.com\/tr\/wp-json\/wp\/v2\/media?parent=24429"}],"wp:term":[{"taxonomy":"product_brand","embeddable":true,"href":"https:\/\/prompt-place.com\/tr\/wp-json\/wp\/v2\/product_brand?post=24429"},{"taxonomy":"product_cat","embeddable":true,"href":"https:\/\/prompt-place.com\/tr\/wp-json\/wp\/v2\/product_cat?post=24429"},{"taxonomy":"product_tag","embeddable":true,"href":"https:\/\/prompt-place.com\/tr\/wp-json\/wp\/v2\/product_tag?post=24429"}],"curies":[{"name":"wp","href":"https:\/\/api.w.org\/{rel}","templated":true}]}}