{"id":24426,"date":"2026-01-09T11:46:50","date_gmt":"2026-01-09T11:46:50","guid":{"rendered":"http:\/\/prompt-place.com\/product\/futuristik-unsurlara-sahip-luks-yonetici-toplanti-odasi\/"},"modified":"2026-01-09T11:46:50","modified_gmt":"2026-01-09T11:46:50","slug":"futuristik-unsurlara-sahip-luks-yonetici-toplanti-odasi","status":"publish","type":"product","link":"https:\/\/prompt-place.com\/tr\/urun\/futuristik-unsurlara-sahip-luks-yonetici-toplanti-odasi\/","title":{"rendered":"F\u00fct\u00fcristik Unsurlara Sahip L\u00fcks Y\u00f6netici Toplant\u0131 Odas\u0131"},"content":{"rendered":"<p>Modern bir y\u00fcksek binada l\u00fcks bir y\u00f6netici toplant\u0131 odas\u0131n\u0131n y\u00fcksek kaliteli, fotoger\u00e7ek\u00e7i sinematik i\u00e7 mekan\u0131n\u0131 olu\u015fturun; ta\u015f, koyu ah\u015fap veya mat kompozitten yap\u0131lm\u0131\u015f, \u015f\u0131k y\u00f6netici koltuklar\u0131yla \u00e7evrili, tavandan tabana pencereleri gece veya alt\u0131n saatlerde \u015fehir sil\u00fcetini ortaya \u00e7\u0131karan b\u00fcy\u00fck bir birinci s\u0131n\u0131f konferans masas\u0131; entegre holografik ekran panelleri, yumu\u015fak \u0131\u015f\u0131kl\u0131 \u00e7izgilere sahip ak\u0131ll\u0131 cam duvarlar ve minimal g\u00f6m\u00fcl\u00fc \u00fcst d\u00fczey teknoloji gibi ince f\u00fct\u00fcristik unsurlar\u0131 dahil edin; s\u0131cak ortam tonlar\u0131yla yumu\u015fak sinematik ayd\u0131nlatma ve duvarlar, tavan \u015feritleri veya masan\u0131n alt\u0131nda zarif vurgu ayd\u0131nlatmas\u0131 kullan\u0131n; modern minimalizm, simetri ve temiz mimari \u00e7izgileri koruyarak cilal\u0131 ta\u015f, cam, f\u0131r\u00e7alanm\u0131\u015f metal, deri ve koyu ah\u015fap gibi l\u00fcks malzemeleri vurgulay\u0131n; keskin ayr\u0131nt\u0131lar, ger\u00e7ek\u00e7i yans\u0131malar, temiz geometri, karikat\u00fcr tarz\u0131 ve rastgele veya okunamayan metin i\u00e7ermeyen geni\u015f a\u00e7\u0131l\u0131 bir kompozisyonda \u00e7ekim yap\u0131n &#8211; tek, birinci s\u0131n\u0131f, f\u00fct\u00fcristik bir y\u00f6netici toplant\u0131 odas\u0131 g\u00f6r\u00fcnt\u00fcs\u00fc.<\/p>\n","protected":false},"excerpt":{"rendered":"<p>Modern bir y\u00fcksek binada l\u00fcks bir y\u00f6netici toplant\u0131 odas\u0131n\u0131n y\u00fcksek kaliteli, fotoger\u00e7ek\u00e7i sinematik i\u00e7 mekan\u0131n\u0131 olu\u015fturun; ta\u015f, koyu ah\u015fap veya mat kompozitten yap\u0131lm\u0131\u015f, \u015f\u0131k y\u00f6netici koltuklar\u0131yla \u00e7evrili, tavandan tabana pencereleri gece veya alt\u0131n saatlerde \u015fehir sil\u00fcetini ortaya \u00e7\u0131karan b\u00fcy\u00fck bir birinci s\u0131n\u0131f konferans masas\u0131; entegre holografik ekran panelleri, yumu\u015fak \u0131\u015f\u0131kl\u0131 \u00e7izgilere sahip ak\u0131ll\u0131 cam duvarlar [&hellip;]<\/p>\n","protected":false},"featured_media":21725,"comment_status":"open","ping_status":"closed","template":"","meta":[],"product_brand":[],"product_cat":[347,348],"product_tag":[3657,3658,3659],"class_list":{"0":"post-24426","1":"product","2":"type-product","3":"status-publish","4":"has-post-thumbnail","6":"product_cat-modeller","7":"product_cat-yolculuk-ortasi-ipuclari","8":"product_tag-luks","9":"product_tag-yonetici","10":"product_tag-yonetim-kurulu-odasi","12":"first","13":"instock","14":"downloadable","15":"virtual","16":"product-type-simple"},"_links":{"self":[{"href":"https:\/\/prompt-place.com\/tr\/wp-json\/wp\/v2\/product\/24426","targetHints":{"allow":["GET"]}}],"collection":[{"href":"https:\/\/prompt-place.com\/tr\/wp-json\/wp\/v2\/product"}],"about":[{"href":"https:\/\/prompt-place.com\/tr\/wp-json\/wp\/v2\/types\/product"}],"replies":[{"embeddable":true,"href":"https:\/\/prompt-place.com\/tr\/wp-json\/wp\/v2\/comments?post=24426"}],"wp:featuredmedia":[{"embeddable":true,"href":"https:\/\/prompt-place.com\/tr\/wp-json\/wp\/v2\/media\/21725"}],"wp:attachment":[{"href":"https:\/\/prompt-place.com\/tr\/wp-json\/wp\/v2\/media?parent=24426"}],"wp:term":[{"taxonomy":"product_brand","embeddable":true,"href":"https:\/\/prompt-place.com\/tr\/wp-json\/wp\/v2\/product_brand?post=24426"},{"taxonomy":"product_cat","embeddable":true,"href":"https:\/\/prompt-place.com\/tr\/wp-json\/wp\/v2\/product_cat?post=24426"},{"taxonomy":"product_tag","embeddable":true,"href":"https:\/\/prompt-place.com\/tr\/wp-json\/wp\/v2\/product_tag?post=24426"}],"curies":[{"name":"wp","href":"https:\/\/api.w.org\/{rel}","templated":true}]}}