{"id":24425,"date":"2026-01-09T11:46:49","date_gmt":"2026-01-09T11:46:49","guid":{"rendered":"http:\/\/prompt-place.com\/product\/gozden-kacan-icgoru-kesfi-ile-kullanici-davranis-analizi\/"},"modified":"2026-01-09T11:46:49","modified_gmt":"2026-01-09T11:46:49","slug":"gozden-kacan-icgoru-kesfi-ile-kullanici-davranis-analizi","status":"publish","type":"product","link":"https:\/\/prompt-place.com\/tr\/urun\/gozden-kacan-icgoru-kesfi-ile-kullanici-davranis-analizi\/","title":{"rendered":"G\u00f6zden Ka\u00e7an \u0130\u00e7g\u00f6r\u00fc Ke\u015ffi ile Kullan\u0131c\u0131 Davran\u0131\u015f Analizi"},"content":{"rendered":"<p>Bu istem, yapay zekay\u0131 (Grok olarak) kullan\u0131c\u0131 davran\u0131\u015f\u0131n\u0131 en ince ayr\u0131nt\u0131s\u0131na kadar incelemeye, g\u00fcnl\u00fcklerde, hunilerde, \u0131s\u0131 haritalar\u0131nda ve biletlerde gizlenen rahats\u0131z edici ger\u00e7ekleri ortaya \u00e7\u0131karmaya, kullan\u0131c\u0131lar\u0131n \u00fcr\u00fcn ekibinin yapmak istedikleri yerine ger\u00e7ekte ne yapt\u0131klar\u0131n\u0131 ortaya \u00e7\u0131karmaya, istenmeyen yollar\u0131, teredd\u00fct noktalar\u0131n\u0131, ge\u00e7ici \u00e7\u00f6z\u00fcmleri ve \u00e7eli\u015fkileri vurgulamaya, ortalamalar veya g\u00f6z ard\u0131 edilen segmentler taraf\u0131ndan g\u00f6m\u00fclen g\u00f6zden ka\u00e7an i\u00e7g\u00f6r\u00fcleri ortaya \u00e7\u0131karmaya ve ard\u0131ndan \u00fcr\u00fcn\u00fcn kullan\u0131c\u0131larla sava\u015fmay\u0131 b\u0131rak\u0131p nihayet onlara hizmet etmesi i\u00e7in neyin d\u00fczeltilece\u011fi, kald\u0131r\u0131laca\u011f\u0131, basitle\u015ftirilece\u011fi veya ikiye katlanaca\u011f\u0131 konusunda ac\u0131mas\u0131z, y\u00fcksek etkili \u00f6neriler sunmaya zorlar.<\/p>\n","protected":false},"excerpt":{"rendered":"<p>Bu istem, yapay zekay\u0131 (Grok olarak) kullan\u0131c\u0131 davran\u0131\u015f\u0131n\u0131 en ince ayr\u0131nt\u0131s\u0131na kadar incelemeye, g\u00fcnl\u00fcklerde, hunilerde, \u0131s\u0131 haritalar\u0131nda ve biletlerde gizlenen rahats\u0131z edici ger\u00e7ekleri ortaya \u00e7\u0131karmaya, kullan\u0131c\u0131lar\u0131n \u00fcr\u00fcn ekibinin yapmak istedikleri yerine ger\u00e7ekte ne yapt\u0131klar\u0131n\u0131 ortaya \u00e7\u0131karmaya, istenmeyen yollar\u0131, teredd\u00fct noktalar\u0131n\u0131, ge\u00e7ici \u00e7\u00f6z\u00fcmleri ve \u00e7eli\u015fkileri vurgulamaya, ortalamalar veya g\u00f6z ard\u0131 edilen segmentler taraf\u0131ndan g\u00f6m\u00fclen g\u00f6zden ka\u00e7an [&hellip;]<\/p>\n","protected":false},"featured_media":21684,"comment_status":"open","ping_status":"closed","template":"","meta":[],"product_brand":[],"product_cat":[398,347],"product_tag":[3580,3656,3655],"class_list":{"0":"post-24425","1":"product","2":"type-product","3":"status-publish","4":"has-post-thumbnail","6":"product_cat-grok-ipuclari","7":"product_cat-modeller","8":"product_tag-analiz","9":"product_tag-davranis","10":"product_tag-kullanici","12":"first","13":"instock","14":"downloadable","15":"virtual","16":"product-type-simple"},"_links":{"self":[{"href":"https:\/\/prompt-place.com\/tr\/wp-json\/wp\/v2\/product\/24425","targetHints":{"allow":["GET"]}}],"collection":[{"href":"https:\/\/prompt-place.com\/tr\/wp-json\/wp\/v2\/product"}],"about":[{"href":"https:\/\/prompt-place.com\/tr\/wp-json\/wp\/v2\/types\/product"}],"replies":[{"embeddable":true,"href":"https:\/\/prompt-place.com\/tr\/wp-json\/wp\/v2\/comments?post=24425"}],"wp:featuredmedia":[{"embeddable":true,"href":"https:\/\/prompt-place.com\/tr\/wp-json\/wp\/v2\/media\/21684"}],"wp:attachment":[{"href":"https:\/\/prompt-place.com\/tr\/wp-json\/wp\/v2\/media?parent=24425"}],"wp:term":[{"taxonomy":"product_brand","embeddable":true,"href":"https:\/\/prompt-place.com\/tr\/wp-json\/wp\/v2\/product_brand?post=24425"},{"taxonomy":"product_cat","embeddable":true,"href":"https:\/\/prompt-place.com\/tr\/wp-json\/wp\/v2\/product_cat?post=24425"},{"taxonomy":"product_tag","embeddable":true,"href":"https:\/\/prompt-place.com\/tr\/wp-json\/wp\/v2\/product_tag?post=24425"}],"curies":[{"name":"wp","href":"https:\/\/api.w.org\/{rel}","templated":true}]}}