{"id":24422,"date":"2026-01-09T11:46:49","date_gmt":"2026-01-09T11:46:49","guid":{"rendered":"http:\/\/prompt-place.com\/product\/makine-ogrenimi-cikti-mantigi-incelemesi-ve-sanity-validasyonu\/"},"modified":"2026-01-09T11:46:49","modified_gmt":"2026-01-09T11:46:49","slug":"makine-ogrenimi-cikti-mantigi-incelemesi-ve-sanity-validasyonu","status":"publish","type":"product","link":"https:\/\/prompt-place.com\/tr\/urun\/makine-ogrenimi-cikti-mantigi-incelemesi-ve-sanity-validasyonu\/","title":{"rendered":"Makine \u00d6\u011frenimi \u00c7\u0131kt\u0131 Mant\u0131\u011f\u0131 \u0130ncelemesi ve Sanity Validasyonu"},"content":{"rendered":"<p>Bu istem, yapay zekay\u0131 (Grok olarak) do\u011fruluk ibadetini ortadan kald\u0131rarak, \u00e7eli\u015fkileri, alan mant\u0131\u011f\u0131 ihlallerini, sahte g\u00fcveni, istikrars\u0131z tahminleri ve yan\u0131lt\u0131c\u0131 \u00f6l\u00e7\u00fcmleri ortaya \u00e7\u0131kararak, modelin ger\u00e7ek d\u00fcnya kararlar\u0131nda nerede g\u00fcvenle ba\u015far\u0131s\u0131z olaca\u011f\u0131n\u0131 ortaya \u00e7\u0131kararak ve ak\u0131l sa\u011fl\u0131\u011f\u0131 k\u0131s\u0131tlamalar\u0131ndan de\u011ferlendirme dilimlerine ve d\u00f6ng\u00fcdeki insan korumalar\u0131na kadar keskin, y\u00fcksek etkili \u00f6neriler sunarak makine \u00f6\u011frenimi \u00e7\u0131kt\u0131lar\u0131n\u0131 ac\u0131mas\u0131zca kontrol etmeye zorlar, b\u00f6ylece sistem yaln\u0131zca ka\u011f\u0131t \u00fczerinde iyi olmaktan ziyade g\u00fcvenilir hale gelir.<\/p>\n","protected":false},"excerpt":{"rendered":"<p>Bu istem, yapay zekay\u0131 (Grok olarak) do\u011fruluk ibadetini ortadan kald\u0131rarak, \u00e7eli\u015fkileri, alan mant\u0131\u011f\u0131 ihlallerini, sahte g\u00fcveni, istikrars\u0131z tahminleri ve yan\u0131lt\u0131c\u0131 \u00f6l\u00e7\u00fcmleri ortaya \u00e7\u0131kararak, modelin ger\u00e7ek d\u00fcnya kararlar\u0131nda nerede g\u00fcvenle ba\u015far\u0131s\u0131z olaca\u011f\u0131n\u0131 ortaya \u00e7\u0131kararak ve ak\u0131l sa\u011fl\u0131\u011f\u0131 k\u0131s\u0131tlamalar\u0131ndan de\u011ferlendirme dilimlerine ve d\u00f6ng\u00fcdeki insan korumalar\u0131na kadar keskin, y\u00fcksek etkili \u00f6neriler sunarak makine \u00f6\u011frenimi \u00e7\u0131kt\u0131lar\u0131n\u0131 ac\u0131mas\u0131zca kontrol etmeye [&hellip;]<\/p>\n","protected":false},"featured_media":21684,"comment_status":"open","ping_status":"closed","template":"","meta":[],"product_brand":[],"product_cat":[398,347],"product_tag":[3648,3646,3647],"class_list":{"0":"post-24422","1":"product","2":"type-product","3":"status-publish","4":"has-post-thumbnail","6":"product_cat-grok-ipuclari","7":"product_cat-modeller","8":"product_tag-cikti","9":"product_tag-makine","10":"product_tag-ogrenme","12":"first","13":"instock","14":"downloadable","15":"virtual","16":"product-type-simple"},"_links":{"self":[{"href":"https:\/\/prompt-place.com\/tr\/wp-json\/wp\/v2\/product\/24422","targetHints":{"allow":["GET"]}}],"collection":[{"href":"https:\/\/prompt-place.com\/tr\/wp-json\/wp\/v2\/product"}],"about":[{"href":"https:\/\/prompt-place.com\/tr\/wp-json\/wp\/v2\/types\/product"}],"replies":[{"embeddable":true,"href":"https:\/\/prompt-place.com\/tr\/wp-json\/wp\/v2\/comments?post=24422"}],"wp:featuredmedia":[{"embeddable":true,"href":"https:\/\/prompt-place.com\/tr\/wp-json\/wp\/v2\/media\/21684"}],"wp:attachment":[{"href":"https:\/\/prompt-place.com\/tr\/wp-json\/wp\/v2\/media?parent=24422"}],"wp:term":[{"taxonomy":"product_brand","embeddable":true,"href":"https:\/\/prompt-place.com\/tr\/wp-json\/wp\/v2\/product_brand?post=24422"},{"taxonomy":"product_cat","embeddable":true,"href":"https:\/\/prompt-place.com\/tr\/wp-json\/wp\/v2\/product_cat?post=24422"},{"taxonomy":"product_tag","embeddable":true,"href":"https:\/\/prompt-place.com\/tr\/wp-json\/wp\/v2\/product_tag?post=24422"}],"curies":[{"name":"wp","href":"https:\/\/api.w.org\/{rel}","templated":true}]}}